{"id":217,"date":"2026-02-08T02:36:22","date_gmt":"2026-02-08T02:36:22","guid":{"rendered":"https:\/\/scubadiveredsea.com\/?page_id=217"},"modified":"2026-04-10T03:36:03","modified_gmt":"2026-04-10T03:36:03","slug":"uber-uns","status":"publish","type":"page","link":"https:\/\/scubadiveredsea.com\/de\/about-us\/","title":{"rendered":"\u00dcber uns"},"content":{"rendered":"<div data-elementor-type=\"wp-page\" data-elementor-id=\"217\" class=\"elementor elementor-217\" data-elementor-post-type=\"page\">\n\t\t\t\t<div class=\"aux-parallax-section elementor-element elementor-element-8be48e4 e-flex e-con-boxed e-con e-parent\" data-id=\"8be48e4\" data-element_type=\"container\" data-e-type=\"container\" data-settings=\"{&quot;background_background&quot;:&quot;classic&quot;}\">\n\t\t\t\t\t<div class=\"e-con-inner\">\n\t\t\t\t<div class=\"elementor-element elementor-element-70ae7cb elementor-widget elementor-widget-heading\" data-id=\"70ae7cb\" data-element_type=\"widget\" data-e-type=\"widget\" data-widget_type=\"heading.default\">\n\t\t\t\t<div class=\"elementor-widget-container\">\n\t\t\t\t\t<h2 class=\"elementor-heading-title elementor-size-default\">\u00dcber uns<\/h2>\t\t\t\t<\/div>\n\t\t\t\t<\/div>\n\t\t\t\t\t<\/div>\n\t\t\t\t<\/div>\n\t\t<div class=\"aux-parallax-section elementor-element elementor-element-e9b3367 e-flex e-con-boxed e-con e-parent\" data-id=\"e9b3367\" data-element_type=\"container\" data-e-type=\"container\">\n\t\t\t\t\t<div class=\"e-con-inner\">\n\t\t<div class=\"elementor-element elementor-element-9f5a360 e-con-full e-flex e-con e-child\" data-id=\"9f5a360\" data-element_type=\"container\" data-e-type=\"container\" data-settings=\"{&quot;background_background&quot;:&quot;classic&quot;}\">\n\t\t\t\t<div class=\"elementor-element elementor-element-275a869 aux-appear-watch-animation aux-fade-in-up elementor-widget elementor-widget-aux_modern_heading\" data-id=\"275a869\" data-element_type=\"widget\" data-e-type=\"widget\" data-widget_type=\"aux_modern_heading.default\">\n\t\t\t\t<div class=\"elementor-widget-container\">\n\t\t\t\t\t<section class=\"aux-widget-modern-heading\">\n            <div class=\"aux-widget-inner\"><h2 class=\"aux-modern-heading-primary\">Erfahren Sie, wer wir sind, was wir tun und warum Taucher uns im Roten Meer vertrauen.<\/h2><div class=\"aux-modern-heading-description\"><p data-start=\"467\" data-end=\"758\">Scuba Dive Red Sea ist ein professionelles Tauchzentrum, das sich der Bereitstellung sicherer, aufregender und unvergesslicher Unterwassererlebnisse verschrieben hat. Mitten im Roten Meer gelegen, bieten wir gef\u00fchrte Tauchg\u00e4nge, Tauchkurse und individuelle Tauchabenteuer f\u00fcr Taucher aller Erfahrungsstufen an. Ob Sie das Tauchen zum ersten Mal entdecken oder als zertifizierter Taucher nach fortgeschrittenen Tauchg\u00e4ngen suchen \u2013 unser Team sorgt daf\u00fcr, dass jeder Tauchgang ein unvergessliches, sicheres und genussvolles Erlebnis wird.<\/p><\/div><\/div>\n        <\/section>\t\t\t\t<\/div>\n\t\t\t\t<\/div>\n\t\t\t\t<\/div>\n\t\t<div class=\"elementor-element elementor-element-01f75ee e-con-full e-flex e-con e-child\" data-id=\"01f75ee\" data-element_type=\"container\" data-e-type=\"container\" data-settings=\"{&quot;background_background&quot;:&quot;classic&quot;}\">\n\t\t\t\t<div class=\"elementor-element elementor-element-ece4cde aux-appear-watch-animation aux-fade-in-up elementor-widget elementor-widget-aux_image\" data-id=\"ece4cde\" data-element_type=\"widget\" data-e-type=\"widget\" data-widget_type=\"aux_image.default\">\n\t\t\t\t<div class=\"elementor-widget-container\">\n\t\t\t\t\t<section class=\"widget-container aux-widget-image aux-alignnone aux-parent-au4421462c\">\n    <div class=\"aux-media-hint-frame\">\n        <div class=\"aux-media-image\" >\n        \n            \n\n            \n            <img fetchpriority=\"high\" decoding=\"async\" width=\"2560\" height=\"1707\" src=\"https:\/\/scubadiveredsea.com\/wp-content\/uploads\/2026\/02\/pexels-muhammed-ozel-1863697920-28584677-scaled.jpg\" class=\"aux-attachment aux-featured-image aux-attachment-id-231\" alt=\"pexels-muhammed-ozel-1863697920-28584677\" data-ratio=\"1.5\" data-original-w=\"2560\" \/>            \n                <\/div>\n    <\/div>\n\n<\/section><!-- widget-container -->\t\t\t\t<\/div>\n\t\t\t\t<\/div>\n\t\t\t\t<\/div>\n\t\t\t\t\t<\/div>\n\t\t\t\t<\/div>\n\t\t<div class=\"aux-parallax-section elementor-element elementor-element-9183b6e e-flex e-con-boxed e-con e-parent\" data-id=\"9183b6e\" data-element_type=\"container\" data-e-type=\"container\">\n\t\t\t\t\t<div class=\"e-con-inner\">\n\t\t<div class=\"elementor-element elementor-element-a26e00c e-con-full e-flex e-con e-child\" data-id=\"a26e00c\" data-element_type=\"container\" data-e-type=\"container\">\n\t\t<div class=\"elementor-element elementor-element-ebd4b35 e-con-full e-flex e-con e-child\" data-id=\"ebd4b35\" data-element_type=\"container\" data-e-type=\"container\">\n\t\t\t\t<div class=\"elementor-element elementor-element-2298833 aux-appear-watch-animation aux-fade-in-up elementor-widget elementor-widget-aux_modern_heading\" data-id=\"2298833\" data-element_type=\"widget\" data-e-type=\"widget\" data-widget_type=\"aux_modern_heading.default\">\n\t\t\t\t<div class=\"elementor-widget-container\">\n\t\t\t\t\t<section class=\"aux-widget-modern-heading\">\n            <div class=\"aux-widget-inner\"><h2 class=\"aux-modern-heading-primary\">Warum Tauchen im Roten Meer?<\/h2><div class=\"aux-modern-heading-description\"><ul data-start=\"1348\" data-end=\"1614\"><li data-start=\"1348\" data-end=\"1394\"><p data-start=\"1350\" data-end=\"1394\">Zertifizierte &amp; erfahrene Tauchlehrer<\/p><\/li><li data-start=\"1395\" data-end=\"1445\"><p data-start=\"1397\" data-end=\"1445\">Anf\u00e4nger- und Fortgeschrittenen-Tauchprogramme<\/p><\/li><li data-start=\"1446\" data-end=\"1490\"><p data-start=\"1448\" data-end=\"1490\">Tauchg\u00e4nge in kleinen Gruppen f\u00fcr pers\u00f6nliche Betreuung<\/p><\/li><li data-start=\"1491\" data-end=\"1525\"><p data-start=\"1493\" data-end=\"1525\">Weltklasse-Tauchpl\u00e4tze im Roten Meer<\/p><\/li><li data-start=\"1526\" data-end=\"1564\"><p data-start=\"1528\" data-end=\"1564\">Starker Fokus auf Sicherheit und Komfort<\/p><\/li><li data-start=\"1565\" data-end=\"1614\"><p data-start=\"1567\" data-end=\"1614\">Leidenschaft f\u00fcr Meereslebewesen und Riffschutz<\/p><\/li><\/ul><\/div><\/div>\n        <\/section>\t\t\t\t<\/div>\n\t\t\t\t<\/div>\n\t\t\t\t<\/div>\n\t\t\t\t<\/div>\n\t\t<div class=\"elementor-element elementor-element-9c4602d e-con-full e-flex e-con e-child\" data-id=\"9c4602d\" data-element_type=\"container\" data-e-type=\"container\">\n\t\t<div class=\"elementor-element elementor-element-6c21315 e-con-full e-flex e-con e-child\" data-id=\"6c21315\" data-element_type=\"container\" data-e-type=\"container\">\n\t\t\t\t<div class=\"elementor-element elementor-element-f975a0c aux-appear-watch-animation aux-fade-in-up elementor-widget elementor-widget-aux_modern_heading\" data-id=\"f975a0c\" data-element_type=\"widget\" data-e-type=\"widget\" data-widget_type=\"aux_modern_heading.default\">\n\t\t\t\t<div class=\"elementor-widget-container\">\n\t\t\t\t\t<section class=\"aux-widget-modern-heading\">\n            <div class=\"aux-widget-inner\"><h2 class=\"aux-modern-heading-primary\">Unsere Mission<\/h2><div class=\"aux-modern-heading-description\"><p data-start=\"1005\" data-end=\"1268\">Unsere Mission ist es, die Sch\u00f6nheit des Roten Meeres zu vermitteln und dabei h\u00f6chste Standards in puncto Sicherheit, Professionalit\u00e4t und Umweltverantwortung zu gew\u00e4hrleisten. Wir m\u00f6chten einzigartige Taucherlebnisse schaffen, die die Meereslebewesen respektieren und jedem Taucher unvergessliche Erinnerungen bescheren.<\/p><\/div><\/div>\n        <\/section>\t\t\t\t<\/div>\n\t\t\t\t<\/div>\n\t\t\t\t<\/div>\n\t\t\t\t<\/div>\n\t\t<div class=\"elementor-element elementor-element-dcdd41a e-con-full e-flex e-con e-child\" data-id=\"dcdd41a\" data-element_type=\"container\" data-e-type=\"container\">\n\t\t<div class=\"elementor-element elementor-element-a1c03e1 e-con-full e-flex e-con e-child\" data-id=\"a1c03e1\" data-element_type=\"container\" data-e-type=\"container\">\n\t\t\t\t<div class=\"elementor-element elementor-element-92b1554 aux-appear-watch-animation aux-fade-in-up elementor-widget elementor-widget-aux_modern_heading\" data-id=\"92b1554\" data-element_type=\"widget\" data-e-type=\"widget\" data-widget_type=\"aux_modern_heading.default\">\n\t\t\t\t<div class=\"elementor-widget-container\">\n\t\t\t\t\t<section class=\"aux-widget-modern-heading\">\n            <div class=\"aux-widget-inner\"><h2 class=\"aux-modern-heading-primary\">Tauchen f\u00fcr jedes Niveau<\/h2><div class=\"aux-modern-heading-description\"><p data-start=\"1698\" data-end=\"1967\">Wir bieten ein breites Spektrum an Tauchkursen und -erlebnissen, von Schnuppertauchg\u00e4ngen bis hin zu fortgeschrittenen Zertifizierungen. Alle Kurse entsprechen internationalen Tauchstandards und werden von qualifizierten Tauchlehrern durchgef\u00fchrt, die mit Leidenschaft unterrichten und die Unterwasserwelt erkunden.<\/p><p data-start=\"1698\" data-end=\"1967\">Unsere Tauchausfl\u00fcge sind sorgf\u00e4ltig geplant, um unterschiedlichen K\u00f6nnensstufen gerecht zu werden und gleichzeitig die unglaubliche Artenvielfalt des Roten Meeres zu pr\u00e4sentieren.<\/p><\/div><\/div>\n        <\/section>\t\t\t\t<\/div>\n\t\t\t\t<\/div>\n\t\t\t\t<\/div>\n\t\t\t\t<\/div>\n\t\t<div class=\"elementor-element elementor-element-0d7a73e e-con-full e-flex e-con e-child\" data-id=\"0d7a73e\" data-element_type=\"container\" data-e-type=\"container\">\n\t\t<div class=\"elementor-element elementor-element-6643375 e-con-full e-flex e-con e-child\" data-id=\"6643375\" data-element_type=\"container\" data-e-type=\"container\">\n\t\t\t\t<div class=\"elementor-element elementor-element-46f0fe9 aux-appear-watch-animation aux-fade-in-up elementor-widget elementor-widget-aux_modern_heading\" data-id=\"46f0fe9\" data-element_type=\"widget\" data-e-type=\"widget\" data-widget_type=\"aux_modern_heading.default\">\n\t\t\t\t<div class=\"elementor-widget-container\">\n\t\t\t\t\t<section class=\"aux-widget-modern-heading\">\n            <div class=\"aux-widget-inner\"><h2 class=\"aux-modern-heading-primary\">Sicherheit hat oberste Priorit\u00e4t<\/h2><div class=\"aux-modern-heading-description\"><p data-start=\"2178\" data-end=\"2446\">Ihre Sicherheit hat f\u00fcr uns h\u00f6chste Priorit\u00e4t. Wir verwenden hochwertige Ausr\u00fcstung, befolgen strenge Sicherheitsvorkehrungen und gew\u00e4hrleisten, dass jeder Tauchgang fachgerecht \u00fcberwacht wird. Unser Team ist darauf geschult, in jeder Situation ruhig und professionell zu handeln, sodass Sie sich entspannen und Ihren Tauchgang in vollen Z\u00fcgen genie\u00dfen k\u00f6nnen.<\/p><p data-start=\"1698\" data-end=\"1967\">Unsere Tauchausfl\u00fcge sind sorgf\u00e4ltig geplant, um unterschiedlichen K\u00f6nnensstufen gerecht zu werden und gleichzeitig die unglaubliche Artenvielfalt des Roten Meeres zu pr\u00e4sentieren.<\/p><\/div><\/div>\n        <\/section>\t\t\t\t<\/div>\n\t\t\t\t<\/div>\n\t\t\t\t<\/div>\n\t\t\t\t<\/div>\n\t\t\t\t\t<\/div>\n\t\t\t\t<\/div>\n\t\t<div class=\"aux-parallax-section elementor-element elementor-element-b2d056d e-flex e-con-boxed e-con e-parent\" data-id=\"b2d056d\" data-element_type=\"container\" data-e-type=\"container\">\n\t\t\t\t\t<div class=\"e-con-inner\">\n\t\t\t\t<div class=\"elementor-element elementor-element-861fd9c elementor-widget elementor-widget-heading\" data-id=\"861fd9c\" data-element_type=\"widget\" data-e-type=\"widget\" data-widget_type=\"heading.default\">\n\t\t\t\t<div class=\"elementor-widget-container\">\n\t\t\t\t\t<h2 class=\"elementor-heading-title elementor-size-default\">Bereit, mit uns zu tauchen?<\/h2>\t\t\t\t<\/div>\n\t\t\t\t<\/div>\n\t\t\t\t<div class=\"elementor-element elementor-element-254cb6f elementor-widget elementor-widget-text-editor\" data-id=\"254cb6f\" data-element_type=\"widget\" data-e-type=\"widget\" data-widget_type=\"text-editor.default\">\n\t\t\t\t<div class=\"elementor-widget-container\">\n\t\t\t\t\t\t\t\t\t<p data-start=\"2519\" data-end=\"2597\">Begleiten Sie uns und entdecken Sie eine der sch\u00f6nsten Unterwasserwelten unseres Planeten.<\/p>\t\t\t\t\t\t\t\t<\/div>\n\t\t\t\t<\/div>\n\t\t\t\t\t<\/div>\n\t\t\t\t<\/div>\n\t\t<div class=\"aux-parallax-section elementor-element elementor-element-6aed302 e-flex e-con-boxed e-con e-parent\" data-id=\"6aed302\" data-element_type=\"container\" data-e-type=\"container\">\n\t\t\t\t\t<div class=\"e-con-inner\">\n\t\t<div class=\"elementor-element elementor-element-5d3bb60 e-con-full e-flex e-con e-child\" data-id=\"5d3bb60\" data-element_type=\"container\" data-e-type=\"container\">\n\t\t\t\t<div class=\"elementor-element elementor-element-ed1ff7f aux-appear-watch-animation aux-fade-in elementor-widget elementor-widget-aux_button\" data-id=\"ed1ff7f\" data-element_type=\"widget\" data-e-type=\"widget\" data-widget_type=\"aux_button.default\">\n\t\t\t\t<div class=\"elementor-widget-container\">\n\t\t\t\t\t<a  href=\"https:\/\/scubadiveredsea.com\/de\/our-services\/\" target=\"_self\"   class=\"aux-button aux-large aux-brick-red aux-curve aux-none\" ><span class=\"aux-overlay\"><\/span><span class=\"aux-text\">Buche deinen Tauchgang<\/span><\/a>\t\t\t\t<\/div>\n\t\t\t\t<\/div>\n\t\t\t\t<\/div>\n\t\t<div class=\"elementor-element elementor-element-fcda6af e-con-full e-flex e-con e-child\" data-id=\"fcda6af\" data-element_type=\"container\" data-e-type=\"container\">\n\t\t\t\t<div class=\"elementor-element elementor-element-cd453d1 aux-appear-watch-animation aux-fade-in elementor-widget elementor-widget-aux_button\" data-id=\"cd453d1\" data-element_type=\"widget\" data-e-type=\"widget\" data-widget_type=\"aux_button.default\">\n\t\t\t\t<div class=\"elementor-widget-container\">\n\t\t\t\t\t<a  href=\"https:\/\/scubadiveredsea.com\/de\/contact-us\/\" target=\"_self\"   class=\"aux-button aux-large aux-brick-red aux-curve aux-none\" ><span class=\"aux-overlay\"><\/span><span class=\"aux-text\">Kontaktieren Sie unser Tauchteam<\/span><\/a>\t\t\t\t<\/div>\n\t\t\t\t<\/div>\n\t\t\t\t<\/div>\n\t\t\t\t\t<\/div>\n\t\t\t\t<\/div>\n\t\t\t\t<\/div>","protected":false},"excerpt":{"rendered":"<p>About Us Discover who we are, what we do, and why divers trust us in the Red Sea. Scuba Dive Red Sea is a professional scuba diving center dedicated to providing safe, exciting, and unforgettable underwater experiences. Based in the heart of the Red Sea, we specialize in guided dives, diving courses, and personalized diving [&hellip;]<\/p>\n","protected":false},"author":1,"featured_media":0,"parent":0,"menu_order":0,"comment_status":"closed","ping_status":"closed","template":"","meta":{"footnotes":""},"class_list":["post-217","page","type-page","status-publish","hentry"],"yoast_head":"<!-- This site is optimized with the Yoast SEO plugin v27.4 - https:\/\/yoast.com\/product\/yoast-seo-wordpress\/ -->\n<title>About Us | Scuba Diving Hurghada Experts \u2013 Red Sea Diving Team<\/title>\n<meta name=\"description\" content=\"Learn about our professional scuba diving team in Hurghada. Experienced instructors, safe Red Sea diving trips, and beginner-friendly experiences you can trust.\" \/>\n<meta name=\"robots\" content=\"index, follow, max-snippet:-1, max-image-preview:large, max-video-preview:-1\" \/>\n<link rel=\"canonical\" href=\"https:\/\/scubadiveredsea.com\/de\/uber-uns\/\" \/>\n<meta property=\"og:locale\" content=\"de_DE\" \/>\n<meta property=\"og:type\" content=\"article\" \/>\n<meta property=\"og:title\" content=\"About Us | Scuba Diving Hurghada Experts \u2013 Red Sea Diving Team\" \/>\n<meta property=\"og:description\" content=\"Learn about our professional scuba diving team in Hurghada. Experienced instructors, safe Red Sea diving trips, and beginner-friendly experiences you can trust.\" \/>\n<meta property=\"og:url\" content=\"https:\/\/scubadiveredsea.com\/de\/uber-uns\/\" \/>\n<meta property=\"article:publisher\" content=\"https:\/\/www.facebook.com\/share\/16QfAbdyxd\/\" \/>\n<meta property=\"article:modified_time\" content=\"2026-04-10T03:36:03+00:00\" \/>\n<meta property=\"og:image\" content=\"https:\/\/scubadiveredsea.com\/wp-content\/uploads\/2026\/02\/pexels-muhammed-ozel-1863697920-28584677-scaled.jpg\" \/>\n<meta name=\"twitter:card\" content=\"summary_large_image\" \/>\n<meta name=\"twitter:label1\" content=\"Gesch\u00e4tzte Lesezeit\" \/>\n\t<meta name=\"twitter:data1\" content=\"2\u00a0Minuten\" \/>\n<script type=\"application\/ld+json\" class=\"yoast-schema-graph\">{\"@context\":\"https:\\\/\\\/schema.org\",\"@graph\":[{\"@type\":\"WebPage\",\"@id\":\"https:\\\/\\\/scubadiveredsea.com\\\/about-us\\\/\",\"url\":\"https:\\\/\\\/scubadiveredsea.com\\\/about-us\\\/\",\"name\":\"About Us | Scuba Diving Hurghada Experts \u2013 Red Sea Diving Team\",\"isPartOf\":{\"@id\":\"https:\\\/\\\/scubadiveredsea.com\\\/#website\"},\"primaryImageOfPage\":{\"@id\":\"https:\\\/\\\/scubadiveredsea.com\\\/about-us\\\/#primaryimage\"},\"image\":{\"@id\":\"https:\\\/\\\/scubadiveredsea.com\\\/about-us\\\/#primaryimage\"},\"thumbnailUrl\":\"https:\\\/\\\/scubadiveredsea.com\\\/wp-content\\\/uploads\\\/2026\\\/02\\\/pexels-muhammed-ozel-1863697920-28584677-scaled.jpg\",\"datePublished\":\"2026-02-08T02:36:22+00:00\",\"dateModified\":\"2026-04-10T03:36:03+00:00\",\"description\":\"Learn about our professional scuba diving team in Hurghada. Experienced instructors, safe Red Sea diving trips, and beginner-friendly experiences you can trust.\",\"breadcrumb\":{\"@id\":\"https:\\\/\\\/scubadiveredsea.com\\\/about-us\\\/#breadcrumb\"},\"inLanguage\":\"de\",\"potentialAction\":[{\"@type\":\"ReadAction\",\"target\":[\"https:\\\/\\\/scubadiveredsea.com\\\/about-us\\\/\"]}]},{\"@type\":\"ImageObject\",\"inLanguage\":\"de\",\"@id\":\"https:\\\/\\\/scubadiveredsea.com\\\/about-us\\\/#primaryimage\",\"url\":\"https:\\\/\\\/scubadiveredsea.com\\\/wp-content\\\/uploads\\\/2026\\\/02\\\/pexels-muhammed-ozel-1863697920-28584677-scaled.jpg\",\"contentUrl\":\"https:\\\/\\\/scubadiveredsea.com\\\/wp-content\\\/uploads\\\/2026\\\/02\\\/pexels-muhammed-ozel-1863697920-28584677-scaled.jpg\"},{\"@type\":\"BreadcrumbList\",\"@id\":\"https:\\\/\\\/scubadiveredsea.com\\\/about-us\\\/#breadcrumb\",\"itemListElement\":[{\"@type\":\"ListItem\",\"position\":1,\"name\":\"Home\",\"item\":\"https:\\\/\\\/scubadiveredsea.com\\\/\"},{\"@type\":\"ListItem\",\"position\":2,\"name\":\"About Us\"}]},{\"@type\":\"WebSite\",\"@id\":\"https:\\\/\\\/scubadiveredsea.com\\\/#website\",\"url\":\"https:\\\/\\\/scubadiveredsea.com\\\/\",\"name\":\"scubadiveredsea\",\"description\":\"\",\"publisher\":{\"@id\":\"https:\\\/\\\/scubadiveredsea.com\\\/#organization\"},\"alternateName\":\"scuba dive red sea padi\",\"potentialAction\":[{\"@type\":\"SearchAction\",\"target\":{\"@type\":\"EntryPoint\",\"urlTemplate\":\"https:\\\/\\\/scubadiveredsea.com\\\/?s={search_term_string}\"},\"query-input\":{\"@type\":\"PropertyValueSpecification\",\"valueRequired\":true,\"valueName\":\"search_term_string\"}}],\"inLanguage\":\"de\"},{\"@type\":\"Organization\",\"@id\":\"https:\\\/\\\/scubadiveredsea.com\\\/#organization\",\"name\":\"scuba dive red sea\",\"url\":\"https:\\\/\\\/scubadiveredsea.com\\\/\",\"logo\":{\"@type\":\"ImageObject\",\"inLanguage\":\"de\",\"@id\":\"https:\\\/\\\/scubadiveredsea.com\\\/#\\\/schema\\\/logo\\\/image\\\/\",\"url\":\"https:\\\/\\\/scubadiveredsea.com\\\/wp-content\\\/uploads\\\/2026\\\/03\\\/cropped-Untitled-design.png\",\"contentUrl\":\"https:\\\/\\\/scubadiveredsea.com\\\/wp-content\\\/uploads\\\/2026\\\/03\\\/cropped-Untitled-design.png\",\"width\":1842,\"height\":1517,\"caption\":\"scuba dive red sea\"},\"image\":{\"@id\":\"https:\\\/\\\/scubadiveredsea.com\\\/#\\\/schema\\\/logo\\\/image\\\/\"},\"sameAs\":[\"https:\\\/\\\/www.facebook.com\\\/share\\\/16QfAbdyxd\\\/\",\"https:\\\/\\\/www.instagram.com\\\/scubadiveredsea\\\/\"]}]}<\/script>\n<!-- \/ Yoast SEO plugin. -->","yoast_head_json":{"title":"About Us | Scuba Diving Hurghada Experts \u2013 Red Sea Diving Team","description":"Learn about our professional scuba diving team in Hurghada. Experienced instructors, safe Red Sea diving trips, and beginner-friendly experiences you can trust.","robots":{"index":"index","follow":"follow","max-snippet":"max-snippet:-1","max-image-preview":"max-image-preview:large","max-video-preview":"max-video-preview:-1"},"canonical":"https:\/\/scubadiveredsea.com\/de\/uber-uns\/","og_locale":"de_DE","og_type":"article","og_title":"About Us | Scuba Diving Hurghada Experts \u2013 Red Sea Diving Team","og_description":"Learn about our professional scuba diving team in Hurghada. Experienced instructors, safe Red Sea diving trips, and beginner-friendly experiences you can trust.","og_url":"https:\/\/scubadiveredsea.com\/de\/uber-uns\/","article_publisher":"https:\/\/www.facebook.com\/share\/16QfAbdyxd\/","article_modified_time":"2026-04-10T03:36:03+00:00","og_image":[{"url":"https:\/\/scubadiveredsea.com\/wp-content\/uploads\/2026\/02\/pexels-muhammed-ozel-1863697920-28584677-scaled.jpg","type":"","width":"","height":""}],"twitter_card":"summary_large_image","twitter_misc":{"Gesch\u00e4tzte Lesezeit":"2\u00a0Minuten"},"schema":{"@context":"https:\/\/schema.org","@graph":[{"@type":"WebPage","@id":"https:\/\/scubadiveredsea.com\/about-us\/","url":"https:\/\/scubadiveredsea.com\/about-us\/","name":"About Us | Scuba Diving Hurghada Experts \u2013 Red Sea Diving Team","isPartOf":{"@id":"https:\/\/scubadiveredsea.com\/#website"},"primaryImageOfPage":{"@id":"https:\/\/scubadiveredsea.com\/about-us\/#primaryimage"},"image":{"@id":"https:\/\/scubadiveredsea.com\/about-us\/#primaryimage"},"thumbnailUrl":"https:\/\/scubadiveredsea.com\/wp-content\/uploads\/2026\/02\/pexels-muhammed-ozel-1863697920-28584677-scaled.jpg","datePublished":"2026-02-08T02:36:22+00:00","dateModified":"2026-04-10T03:36:03+00:00","description":"Learn about our professional scuba diving team in Hurghada. Experienced instructors, safe Red Sea diving trips, and beginner-friendly experiences you can trust.","breadcrumb":{"@id":"https:\/\/scubadiveredsea.com\/about-us\/#breadcrumb"},"inLanguage":"de","potentialAction":[{"@type":"ReadAction","target":["https:\/\/scubadiveredsea.com\/about-us\/"]}]},{"@type":"ImageObject","inLanguage":"de","@id":"https:\/\/scubadiveredsea.com\/about-us\/#primaryimage","url":"https:\/\/scubadiveredsea.com\/wp-content\/uploads\/2026\/02\/pexels-muhammed-ozel-1863697920-28584677-scaled.jpg","contentUrl":"https:\/\/scubadiveredsea.com\/wp-content\/uploads\/2026\/02\/pexels-muhammed-ozel-1863697920-28584677-scaled.jpg"},{"@type":"BreadcrumbList","@id":"https:\/\/scubadiveredsea.com\/about-us\/#breadcrumb","itemListElement":[{"@type":"ListItem","position":1,"name":"Home","item":"https:\/\/scubadiveredsea.com\/"},{"@type":"ListItem","position":2,"name":"About Us"}]},{"@type":"WebSite","@id":"https:\/\/scubadiveredsea.com\/#website","url":"https:\/\/scubadiveredsea.com\/","name":"scubadiveredsea","description":"","publisher":{"@id":"https:\/\/scubadiveredsea.com\/#organization"},"alternateName":"scuba dive red sea padi","potentialAction":[{"@type":"SearchAction","target":{"@type":"EntryPoint","urlTemplate":"https:\/\/scubadiveredsea.com\/?s={search_term_string}"},"query-input":{"@type":"PropertyValueSpecification","valueRequired":true,"valueName":"search_term_string"}}],"inLanguage":"de"},{"@type":"Organization","@id":"https:\/\/scubadiveredsea.com\/#organization","name":"scuba dive red sea","url":"https:\/\/scubadiveredsea.com\/","logo":{"@type":"ImageObject","inLanguage":"de","@id":"https:\/\/scubadiveredsea.com\/#\/schema\/logo\/image\/","url":"https:\/\/scubadiveredsea.com\/wp-content\/uploads\/2026\/03\/cropped-Untitled-design.png","contentUrl":"https:\/\/scubadiveredsea.com\/wp-content\/uploads\/2026\/03\/cropped-Untitled-design.png","width":1842,"height":1517,"caption":"scuba dive red sea"},"image":{"@id":"https:\/\/scubadiveredsea.com\/#\/schema\/logo\/image\/"},"sameAs":["https:\/\/www.facebook.com\/share\/16QfAbdyxd\/","https:\/\/www.instagram.com\/scubadiveredsea\/"]}]}},"_hostinger_reach_plugin_has_subscription_block":false,"_hostinger_reach_plugin_is_elementor":false,"_links":{"self":[{"href":"https:\/\/scubadiveredsea.com\/de\/wp-json\/wp\/v2\/pages\/217","targetHints":{"allow":["GET"]}}],"collection":[{"href":"https:\/\/scubadiveredsea.com\/de\/wp-json\/wp\/v2\/pages"}],"about":[{"href":"https:\/\/scubadiveredsea.com\/de\/wp-json\/wp\/v2\/types\/page"}],"author":[{"embeddable":true,"href":"https:\/\/scubadiveredsea.com\/de\/wp-json\/wp\/v2\/users\/1"}],"replies":[{"embeddable":true,"href":"https:\/\/scubadiveredsea.com\/de\/wp-json\/wp\/v2\/comments?post=217"}],"version-history":[{"count":79,"href":"https:\/\/scubadiveredsea.com\/de\/wp-json\/wp\/v2\/pages\/217\/revisions"}],"predecessor-version":[{"id":1120,"href":"https:\/\/scubadiveredsea.com\/de\/wp-json\/wp\/v2\/pages\/217\/revisions\/1120"}],"wp:attachment":[{"href":"https:\/\/scubadiveredsea.com\/de\/wp-json\/wp\/v2\/media?parent=217"}],"curies":[{"name":"wp","href":"https:\/\/api.w.org\/{rel}","templated":true}]}}