{"id":496,"date":"2026-02-13T00:02:04","date_gmt":"2026-02-13T00:02:04","guid":{"rendered":"https:\/\/scubadiveredsea.com\/?page_id=496"},"modified":"2026-04-11T13:28:49","modified_gmt":"2026-04-11T13:28:49","slug":"allgemeine-geschaftsbedingungen","status":"publish","type":"page","link":"https:\/\/scubadiveredsea.com\/de\/terms-conditions\/","title":{"rendered":"Allgemeine Gesch\u00e4ftsbedingungen"},"content":{"rendered":"<div data-elementor-type=\"wp-page\" data-elementor-id=\"496\" class=\"elementor elementor-496\" data-elementor-post-type=\"page\">\n\t\t\t\t<div class=\"aux-parallax-section elementor-element elementor-element-0b5af36 e-flex e-con-boxed e-con e-parent\" data-id=\"0b5af36\" data-element_type=\"container\" data-e-type=\"container\" data-settings=\"{&quot;background_background&quot;:&quot;classic&quot;}\">\n\t\t\t\t\t<div class=\"e-con-inner\">\n\t\t\t\t<div class=\"elementor-element elementor-element-41e9b83 elementor-widget elementor-widget-heading\" data-id=\"41e9b83\" data-element_type=\"widget\" data-e-type=\"widget\" data-widget_type=\"heading.default\">\n\t\t\t\t<div class=\"elementor-widget-container\">\n\t\t\t\t\t<h2 class=\"elementor-heading-title elementor-size-default\">Allgemeine Gesch\u00e4ftsbedingungen <\/h2>\t\t\t\t<\/div>\n\t\t\t\t<\/div>\n\t\t\t\t\t<\/div>\n\t\t\t\t<\/div>\n\t\t<div class=\"aux-parallax-section elementor-element elementor-element-38bb937 e-flex e-con-boxed e-con e-parent\" data-id=\"38bb937\" data-element_type=\"container\" data-e-type=\"container\">\n\t\t\t\t\t<div class=\"e-con-inner\">\n\t\t\t\t<div class=\"elementor-element elementor-element-b50af50 elementor-widget elementor-widget-text-editor\" data-id=\"b50af50\" data-element_type=\"widget\" data-e-type=\"widget\" data-widget_type=\"text-editor.default\">\n\t\t\t\t<div class=\"elementor-widget-container\">\n\t\t\t\t\t\t\t\t\t<p data-start=\"26\" data-end=\"260\">Willkommen auf der Webseite von <strong data-start=\"52\" data-end=\"70\">SCUBA DIVE RED SEA<\/strong>, das Tauchdienstleistungen und maritime Aktivit\u00e4ten anbietet und seinen Sitz in <strong data-start=\"130\" data-end=\"150\">Hurghada \u2013 Egypt<\/strong>.<br data-start=\"151\" data-end=\"154\" \/>Durch die Nutzung dieser Website oder die Buchung einer Aktivit\u00e4t \u00fcber diese Website erkl\u00e4ren Sie sich mit den folgenden Allgemeinen Gesch\u00e4ftsbedingungen einverstanden:<\/p><hr data-start=\"262\" data-end=\"265\" \/><h3 data-section-id=\"10fnl9g\" data-start=\"267\" data-end=\"293\">1. Annahme der Bedingungen<\/h3><p data-start=\"295\" data-end=\"431\">Durch die Nutzung dieser Website erkl\u00e4ren Sie sich mit diesen Nutzungsbedingungen einverstanden. Sollten Sie damit nicht einverstanden sein, bitten wir Sie, die Website und unsere Dienste nicht zu nutzen.<\/p><hr data-start=\"433\" data-end=\"436\" \/><h3 data-section-id=\"11pau4j\" data-start=\"438\" data-end=\"462\">2. Angebotene Dienstleistungen<\/h3><p data-start=\"464\" data-end=\"514\">Wir bieten unter anderem folgende Dienstleistungen an:<\/p><ul data-start=\"516\" data-end=\"636\"><li data-section-id=\"1frbwuk\" data-start=\"516\" data-end=\"545\"><p data-start=\"518\" data-end=\"545\">Freizeittauchg\u00e4nge<\/p><\/li><li data-section-id=\"1r9k5ar\" data-start=\"546\" data-end=\"563\"><p data-start=\"548\" data-end=\"563\">PADI-Programme<\/p><\/li><li data-section-id=\"180u6gx\" data-start=\"564\" data-end=\"589\"><p data-start=\"566\" data-end=\"589\">Schnorchelaktivit\u00e4ten<\/p><\/li><li data-section-id=\"11ceq1x\" data-start=\"590\" data-end=\"610\"><p data-start=\"592\" data-end=\"610\">T\u00e4gliche Bootsfahrten<\/p><\/li><li data-section-id=\"zbl7yx\" data-start=\"611\" data-end=\"636\"><p data-start=\"613\" data-end=\"636\">Verleih von Tauchausr\u00fcstung<\/p><\/li><\/ul><hr data-start=\"638\" data-end=\"641\" \/><h3 data-section-id=\"cdfdv2\" data-start=\"643\" data-end=\"676\">3. Teilnahmevoraussetzungen<\/h3><ul data-start=\"678\" data-end=\"962\"><li data-section-id=\"onhtz0\" data-start=\"678\" data-end=\"739\"><p data-start=\"680\" data-end=\"739\">Die Teilnehmer m\u00fcssen f\u00fcr Tauchaktivit\u00e4ten gesundheitlich geeignet sein.<\/p><\/li><li data-section-id=\"1ukdei9\" data-start=\"740\" data-end=\"797\"><p data-start=\"742\" data-end=\"797\">Gegebenenfalls kann ein \u00e4rztliches Attest erforderlich sein.<\/p><\/li><li data-section-id=\"fb0v6x\" data-start=\"798\" data-end=\"904\"><p data-start=\"800\" data-end=\"904\">F\u00fcr einige Programme ist eine zertifizierte Tauchqualifikation erforderlich (wie z. B. Tauchen). <strong data-start=\"864\" data-end=\"883\">PADI Open Water<\/strong> or an equivalent).<\/p><\/li><li data-section-id=\"1qnpld\" data-start=\"905\" data-end=\"962\"><p data-start=\"907\" data-end=\"962\">Die Mindestaltersanforderungen variieren je nach Programm.<\/p><\/li><\/ul><hr data-start=\"964\" data-end=\"967\" \/><h3 data-section-id=\"xspig0\" data-start=\"969\" data-end=\"995\">4. Haftung und Risiken<\/h3><p data-start=\"997\" data-end=\"1104\">Tauchen ist eine Sportart, die mit potenziellen Risiken verbunden ist.<br data-start=\"1045\" data-end=\"1048\" \/>Mit der Buchung bei uns best\u00e4tigt der Kunde Folgendes:<\/p><ul data-start=\"1106\" data-end=\"1313\"><li data-section-id=\"1lvkope\" data-start=\"1106\" data-end=\"1164\"><p data-start=\"1108\" data-end=\"1164\">Die Art der mit dem Tauchen verbundenen Risiken verstehen.<\/p><\/li><li data-section-id=\"1urdyg4\" data-start=\"1165\" data-end=\"1227\"><p data-start=\"1167\" data-end=\"1227\">Sie \u00fcbernehmen die pers\u00f6nliche Verantwortung f\u00fcr ihren Gesundheitszustand.<\/p><\/li><li data-section-id=\"1ce8g66\" data-start=\"1228\" data-end=\"1313\"><p data-start=\"1230\" data-end=\"1313\">Sie erkl\u00e4ren sich damit einverstanden, den Anweisungen der Ausbilder und Betreuer w\u00e4hrend der gesamten Aktivit\u00e4t Folge zu leisten.<\/p><\/li><\/ul><p data-start=\"1315\" data-end=\"1386\">Das Unternehmen haftet nicht f\u00fcr Verletzungen oder Sch\u00e4den, die durch Folgendes entstehen:<\/p><ul data-start=\"1388\" data-end=\"1556\"><li data-section-id=\"16b0dza\" data-start=\"1388\" data-end=\"1422\"><p data-start=\"1390\" data-end=\"1422\">Verschweigen medizinischer Informationen<\/p><\/li><li data-section-id=\"l13kvd\" data-start=\"1423\" data-end=\"1457\"><p data-start=\"1425\" data-end=\"1457\">Nichtbefolgung der Anweisungen<\/p><\/li><li data-section-id=\"q1zc1j\" data-start=\"1458\" data-end=\"1556\"><p data-start=\"1460\" data-end=\"1556\">H\u00f6here Gewalt, Umst\u00e4nde, die au\u00dferhalb unserer Kontrolle liegen (Wetterbedingungen, Entscheidungen der K\u00fcstenwache usw.).<\/p><\/li><\/ul><hr data-start=\"1558\" data-end=\"1561\" \/><h3 data-section-id=\"1mc8qn9\" data-start=\"1563\" data-end=\"1596\">5. Buchungs- und Zahlungsrichtlinien<\/h3><ul data-start=\"1598\" data-end=\"1831\"><li data-section-id=\"xwrsfj\" data-start=\"1598\" data-end=\"1690\"><p data-start=\"1600\" data-end=\"1690\">Eine Buchung gilt als best\u00e4tigt, sobald der Kunde m\u00fcndlich oder schriftlich zustimmt.<\/p><\/li><li data-section-id=\"1p89hwe\" data-start=\"1691\" data-end=\"1778\"><p data-start=\"1693\" data-end=\"1778\">Eine Reservierung gilt als best\u00e4tigt, sobald der Kunde m\u00fcndlich oder schriftlich zustimmt.<\/p><\/li><li data-section-id=\"1jr5cun\" data-start=\"1779\" data-end=\"1831\"><p data-start=\"1781\" data-end=\"1831\">Preis\u00e4nderungen vorbehalten.<\/p><\/li><\/ul><hr data-start=\"1833\" data-end=\"1836\" \/><h3 data-section-id=\"110kc5o\" data-start=\"1838\" data-end=\"1875\">6. Stornierungs- und R\u00fcckerstattungsrichtlinie<\/h3><ul data-start=\"1877\" data-end=\"2290\"><li data-section-id=\"qnwuz4\" data-start=\"1877\" data-end=\"1972\"><p data-start=\"1879\" data-end=\"1972\">Stornierung am ersten Tag des Programms: <strong data-start=\"1925\" data-end=\"1970\">50 % des Gesamtbetrags werden abgezogen.<\/strong><\/p><\/li><li data-section-id=\"c37suz\" data-start=\"1973\" data-end=\"2071\"><p data-start=\"1975\" data-end=\"2071\">Stornierung am zweiten Tag oder nach Beginn des Programms: <strong data-start=\"2040\" data-end=\"2069\">Es erfolgt keine R\u00fcckerstattung.<\/strong><\/p><\/li><li data-section-id=\"10i962g\" data-start=\"2072\" data-end=\"2290\"><p data-start=\"2074\" data-end=\"2290\">Falls die Aktivit\u00e4t vom Unternehmen aufgrund von schlechtem Wetter oder anderen organisatorischen Gr\u00fcnden, die au\u00dferhalb unserer Kontrolle liegen, abgesagt wird, wird die Aktivit\u00e4t neu terminiert oder es wird eine alternative L\u00f6sung zwischen beiden Parteien vereinbart.<\/p><\/li><\/ul><hr data-start=\"2292\" data-end=\"2295\" \/><h3 data-section-id=\"1gf0dut\" data-start=\"2297\" data-end=\"2313\">7. Versicherung<\/h3><p data-start=\"2315\" data-end=\"2472\">Wir empfehlen allen Teilnehmern den Abschluss einer Versicherung, die Tauchaktivit\u00e4ten abdeckt. Das Unternehmen \u00fcbernimmt keine Haftung f\u00fcr nicht versicherte medizinische Kosten.<\/p><hr data-start=\"2474\" data-end=\"2477\" \/><h3 data-section-id=\"14tet1m\" data-start=\"2479\" data-end=\"2509\">8. Verwendung von Fotos und Medien<\/h3><p data-start=\"2511\" data-end=\"2665\">Das Unternehmen beh\u00e4lt sich das Recht vor, w\u00e4hrend der Aktivit\u00e4ten aufgenommene Fotos und Videos zu Marketingzwecken zu verwenden, es sei denn, der Kunde w\u00fcnscht schriftlich etwas anderes.<\/p><hr data-start=\"2667\" data-end=\"2670\" \/><h3 data-section-id=\"vv9eq2\" data-start=\"2672\" data-end=\"2700\">9. Geistiges Eigentum<\/h3><p data-start=\"2702\" data-end=\"2830\">Alle Inhalte dieser Website (Texte, Bilder, Logos) sind Eigentum von <strong data-start=\"52\" data-end=\"70\">SCUBA DIVE RED SEA<\/strong>\u00a0und darf nicht ohne schriftliche Genehmigung verwendet werden.<\/p><hr data-start=\"2832\" data-end=\"2835\" \/><h3 data-section-id=\"1qb5y6s\" data-start=\"2837\" data-end=\"2858\">10. Anwendbares Recht<\/h3><p data-start=\"2860\" data-end=\"3042\" data-is-last-node=\"\" data-is-only-node=\"\">Diese Allgemeinen Gesch\u00e4ftsbedingungen unterliegen den Gesetzen von <strong data-start=\"2919\" data-end=\"2945\">Arabische Republik \u00c4gypten<\/strong>Alle daraus entstehenden Streitigkeiten unterliegen der Zust\u00e4ndigkeit der \u00e4gyptischen Gerichte.\u00a0<\/p>\t\t\t\t\t\t\t\t<\/div>\n\t\t\t\t<\/div>\n\t\t\t\t\t<\/div>\n\t\t\t\t<\/div>\n\t\t\t\t<\/div>","protected":false},"excerpt":{"rendered":"<p>Terms &amp; Conditions Welcome to the website of SCUBA DIVE RED SEA, providing diving services and marine activities, based in Hurghada \u2013 Egypt.By using this website or booking any activity through it, you agree to the following Terms and Conditions: 1. Acceptance of Terms By using this website, you agree to comply with these terms. [&hellip;]<\/p>\n","protected":false},"author":1,"featured_media":0,"parent":0,"menu_order":0,"comment_status":"closed","ping_status":"closed","template":"","meta":{"footnotes":""},"class_list":["post-496","page","type-page","status-publish","hentry"],"yoast_head":"<!-- This site is optimized with the Yoast SEO plugin v27.4 - https:\/\/yoast.com\/product\/yoast-seo-wordpress\/ -->\n<title>Terms &amp; Conditions | Scuba Diving Hurghada \u2013 Red Sea Policies<\/title>\n<meta name=\"description\" content=\"Read our scuba diving terms and conditions in Hurghada. Learn about bookings, payments, cancellations, safety requirements, and diving policies before your Red Sea experience.\" \/>\n<meta name=\"robots\" content=\"index, follow, max-snippet:-1, max-image-preview:large, max-video-preview:-1\" \/>\n<link rel=\"canonical\" href=\"https:\/\/scubadiveredsea.com\/de\/allgemeine-geschaftsbedingungen\/\" \/>\n<meta property=\"og:locale\" content=\"de_DE\" \/>\n<meta property=\"og:type\" content=\"article\" \/>\n<meta property=\"og:title\" content=\"Terms &amp; Conditions | Scuba Diving Hurghada \u2013 Red Sea Policies\" \/>\n<meta property=\"og:description\" content=\"Read our scuba diving terms and conditions in Hurghada. Learn about bookings, payments, cancellations, safety requirements, and diving policies before your Red Sea experience.\" \/>\n<meta property=\"og:url\" content=\"https:\/\/scubadiveredsea.com\/de\/allgemeine-geschaftsbedingungen\/\" \/>\n<meta property=\"article:publisher\" content=\"https:\/\/www.facebook.com\/share\/16QfAbdyxd\/\" \/>\n<meta property=\"article:modified_time\" content=\"2026-04-11T13:28:49+00:00\" \/>\n<meta property=\"og:image\" content=\"https:\/\/scubadiveredsea.com\/wp-content\/uploads\/2026\/02\/ChatGPT-Image-Feb-8-2026-12_48_27-AM-1024x1024.png\" \/>\n\t<meta property=\"og:image:width\" content=\"1024\" \/>\n\t<meta property=\"og:image:height\" content=\"1024\" \/>\n\t<meta property=\"og:image:type\" content=\"image\/png\" \/>\n<meta name=\"twitter:card\" content=\"summary_large_image\" \/>\n<meta name=\"twitter:label1\" content=\"Gesch\u00e4tzte Lesezeit\" \/>\n\t<meta name=\"twitter:data1\" content=\"2\u00a0Minuten\" \/>\n<script type=\"application\/ld+json\" class=\"yoast-schema-graph\">{\"@context\":\"https:\\\/\\\/schema.org\",\"@graph\":[{\"@type\":\"WebPage\",\"@id\":\"https:\\\/\\\/scubadiveredsea.com\\\/terms-conditions\\\/\",\"url\":\"https:\\\/\\\/scubadiveredsea.com\\\/terms-conditions\\\/\",\"name\":\"Terms & Conditions | Scuba Diving Hurghada \u2013 Red Sea Policies\",\"isPartOf\":{\"@id\":\"https:\\\/\\\/scubadiveredsea.com\\\/#website\"},\"datePublished\":\"2026-02-13T00:02:04+00:00\",\"dateModified\":\"2026-04-11T13:28:49+00:00\",\"description\":\"Read our scuba diving terms and conditions in Hurghada. Learn about bookings, payments, cancellations, safety requirements, and diving policies before your Red Sea experience.\",\"breadcrumb\":{\"@id\":\"https:\\\/\\\/scubadiveredsea.com\\\/terms-conditions\\\/#breadcrumb\"},\"inLanguage\":\"de\",\"potentialAction\":[{\"@type\":\"ReadAction\",\"target\":[\"https:\\\/\\\/scubadiveredsea.com\\\/terms-conditions\\\/\"]}]},{\"@type\":\"BreadcrumbList\",\"@id\":\"https:\\\/\\\/scubadiveredsea.com\\\/terms-conditions\\\/#breadcrumb\",\"itemListElement\":[{\"@type\":\"ListItem\",\"position\":1,\"name\":\"Home\",\"item\":\"https:\\\/\\\/scubadiveredsea.com\\\/\"},{\"@type\":\"ListItem\",\"position\":2,\"name\":\"Terms &amp; Conditions\"}]},{\"@type\":\"WebSite\",\"@id\":\"https:\\\/\\\/scubadiveredsea.com\\\/#website\",\"url\":\"https:\\\/\\\/scubadiveredsea.com\\\/\",\"name\":\"scubadiveredsea\",\"description\":\"\",\"publisher\":{\"@id\":\"https:\\\/\\\/scubadiveredsea.com\\\/#organization\"},\"alternateName\":\"scuba dive red sea padi\",\"potentialAction\":[{\"@type\":\"SearchAction\",\"target\":{\"@type\":\"EntryPoint\",\"urlTemplate\":\"https:\\\/\\\/scubadiveredsea.com\\\/?s={search_term_string}\"},\"query-input\":{\"@type\":\"PropertyValueSpecification\",\"valueRequired\":true,\"valueName\":\"search_term_string\"}}],\"inLanguage\":\"de\"},{\"@type\":\"Organization\",\"@id\":\"https:\\\/\\\/scubadiveredsea.com\\\/#organization\",\"name\":\"scuba dive red sea\",\"url\":\"https:\\\/\\\/scubadiveredsea.com\\\/\",\"logo\":{\"@type\":\"ImageObject\",\"inLanguage\":\"de\",\"@id\":\"https:\\\/\\\/scubadiveredsea.com\\\/#\\\/schema\\\/logo\\\/image\\\/\",\"url\":\"https:\\\/\\\/scubadiveredsea.com\\\/wp-content\\\/uploads\\\/2026\\\/03\\\/cropped-Untitled-design.png\",\"contentUrl\":\"https:\\\/\\\/scubadiveredsea.com\\\/wp-content\\\/uploads\\\/2026\\\/03\\\/cropped-Untitled-design.png\",\"width\":1842,\"height\":1517,\"caption\":\"scuba dive red sea\"},\"image\":{\"@id\":\"https:\\\/\\\/scubadiveredsea.com\\\/#\\\/schema\\\/logo\\\/image\\\/\"},\"sameAs\":[\"https:\\\/\\\/www.facebook.com\\\/share\\\/16QfAbdyxd\\\/\",\"https:\\\/\\\/www.instagram.com\\\/scubadiveredsea\\\/\"]}]}<\/script>\n<!-- \/ Yoast SEO plugin. -->","yoast_head_json":{"title":"Terms & Conditions | Scuba Diving Hurghada \u2013 Red Sea Policies","description":"Read our scuba diving terms and conditions in Hurghada. Learn about bookings, payments, cancellations, safety requirements, and diving policies before your Red Sea experience.","robots":{"index":"index","follow":"follow","max-snippet":"max-snippet:-1","max-image-preview":"max-image-preview:large","max-video-preview":"max-video-preview:-1"},"canonical":"https:\/\/scubadiveredsea.com\/de\/allgemeine-geschaftsbedingungen\/","og_locale":"de_DE","og_type":"article","og_title":"Terms & Conditions | Scuba Diving Hurghada \u2013 Red Sea Policies","og_description":"Read our scuba diving terms and conditions in Hurghada. Learn about bookings, payments, cancellations, safety requirements, and diving policies before your Red Sea experience.","og_url":"https:\/\/scubadiveredsea.com\/de\/allgemeine-geschaftsbedingungen\/","article_publisher":"https:\/\/www.facebook.com\/share\/16QfAbdyxd\/","article_modified_time":"2026-04-11T13:28:49+00:00","og_image":[{"width":1024,"height":1024,"url":"https:\/\/scubadiveredsea.com\/wp-content\/uploads\/2026\/02\/ChatGPT-Image-Feb-8-2026-12_48_27-AM-1024x1024.png","type":"image\/png"}],"twitter_card":"summary_large_image","twitter_misc":{"Gesch\u00e4tzte Lesezeit":"2\u00a0Minuten"},"schema":{"@context":"https:\/\/schema.org","@graph":[{"@type":"WebPage","@id":"https:\/\/scubadiveredsea.com\/terms-conditions\/","url":"https:\/\/scubadiveredsea.com\/terms-conditions\/","name":"Terms & Conditions | Scuba Diving Hurghada \u2013 Red Sea Policies","isPartOf":{"@id":"https:\/\/scubadiveredsea.com\/#website"},"datePublished":"2026-02-13T00:02:04+00:00","dateModified":"2026-04-11T13:28:49+00:00","description":"Read our scuba diving terms and conditions in Hurghada. Learn about bookings, payments, cancellations, safety requirements, and diving policies before your Red Sea experience.","breadcrumb":{"@id":"https:\/\/scubadiveredsea.com\/terms-conditions\/#breadcrumb"},"inLanguage":"de","potentialAction":[{"@type":"ReadAction","target":["https:\/\/scubadiveredsea.com\/terms-conditions\/"]}]},{"@type":"BreadcrumbList","@id":"https:\/\/scubadiveredsea.com\/terms-conditions\/#breadcrumb","itemListElement":[{"@type":"ListItem","position":1,"name":"Home","item":"https:\/\/scubadiveredsea.com\/"},{"@type":"ListItem","position":2,"name":"Terms &amp; Conditions"}]},{"@type":"WebSite","@id":"https:\/\/scubadiveredsea.com\/#website","url":"https:\/\/scubadiveredsea.com\/","name":"scubadiveredsea","description":"","publisher":{"@id":"https:\/\/scubadiveredsea.com\/#organization"},"alternateName":"scuba dive red sea padi","potentialAction":[{"@type":"SearchAction","target":{"@type":"EntryPoint","urlTemplate":"https:\/\/scubadiveredsea.com\/?s={search_term_string}"},"query-input":{"@type":"PropertyValueSpecification","valueRequired":true,"valueName":"search_term_string"}}],"inLanguage":"de"},{"@type":"Organization","@id":"https:\/\/scubadiveredsea.com\/#organization","name":"scuba dive red sea","url":"https:\/\/scubadiveredsea.com\/","logo":{"@type":"ImageObject","inLanguage":"de","@id":"https:\/\/scubadiveredsea.com\/#\/schema\/logo\/image\/","url":"https:\/\/scubadiveredsea.com\/wp-content\/uploads\/2026\/03\/cropped-Untitled-design.png","contentUrl":"https:\/\/scubadiveredsea.com\/wp-content\/uploads\/2026\/03\/cropped-Untitled-design.png","width":1842,"height":1517,"caption":"scuba dive red sea"},"image":{"@id":"https:\/\/scubadiveredsea.com\/#\/schema\/logo\/image\/"},"sameAs":["https:\/\/www.facebook.com\/share\/16QfAbdyxd\/","https:\/\/www.instagram.com\/scubadiveredsea\/"]}]}},"_hostinger_reach_plugin_has_subscription_block":false,"_hostinger_reach_plugin_is_elementor":false,"_links":{"self":[{"href":"https:\/\/scubadiveredsea.com\/de\/wp-json\/wp\/v2\/pages\/496","targetHints":{"allow":["GET"]}}],"collection":[{"href":"https:\/\/scubadiveredsea.com\/de\/wp-json\/wp\/v2\/pages"}],"about":[{"href":"https:\/\/scubadiveredsea.com\/de\/wp-json\/wp\/v2\/types\/page"}],"author":[{"embeddable":true,"href":"https:\/\/scubadiveredsea.com\/de\/wp-json\/wp\/v2\/users\/1"}],"replies":[{"embeddable":true,"href":"https:\/\/scubadiveredsea.com\/de\/wp-json\/wp\/v2\/comments?post=496"}],"version-history":[{"count":10,"href":"https:\/\/scubadiveredsea.com\/de\/wp-json\/wp\/v2\/pages\/496\/revisions"}],"predecessor-version":[{"id":1129,"href":"https:\/\/scubadiveredsea.com\/de\/wp-json\/wp\/v2\/pages\/496\/revisions\/1129"}],"wp:attachment":[{"href":"https:\/\/scubadiveredsea.com\/de\/wp-json\/wp\/v2\/media?parent=496"}],"curies":[{"name":"wp","href":"https:\/\/api.w.org\/{rel}","templated":true}]}}