{"id":498,"date":"2026-02-13T00:02:24","date_gmt":"2026-02-13T00:02:24","guid":{"rendered":"https:\/\/scubadiveredsea.com\/?page_id=498"},"modified":"2026-04-11T13:38:46","modified_gmt":"2026-04-11T13:38:46","slug":"privacy-policy","status":"publish","type":"page","link":"https:\/\/scubadiveredsea.com\/de\/privacy-policy\/","title":{"rendered":"Datenschutzrichtlinie"},"content":{"rendered":"<div data-elementor-type=\"wp-page\" data-elementor-id=\"498\" class=\"elementor elementor-498\" data-elementor-post-type=\"page\">\n\t\t\t\t<div class=\"aux-parallax-section elementor-element elementor-element-e71a497 e-flex e-con-boxed e-con e-parent\" data-id=\"e71a497\" data-element_type=\"container\" data-e-type=\"container\" data-settings=\"{&quot;background_background&quot;:&quot;classic&quot;}\">\n\t\t\t\t\t<div class=\"e-con-inner\">\n\t\t\t\t<div class=\"elementor-element elementor-element-558905a elementor-widget elementor-widget-heading\" data-id=\"558905a\" data-element_type=\"widget\" data-e-type=\"widget\" data-widget_type=\"heading.default\">\n\t\t\t\t<div class=\"elementor-widget-container\">\n\t\t\t\t\t<h2 class=\"elementor-heading-title elementor-size-default\">Datenschutzrichtlinie<\/h2>\t\t\t\t<\/div>\n\t\t\t\t<\/div>\n\t\t\t\t\t<\/div>\n\t\t\t\t<\/div>\n\t\t<div class=\"aux-parallax-section elementor-element elementor-element-566f358 e-flex e-con-boxed e-con e-parent\" data-id=\"566f358\" data-element_type=\"container\" data-e-type=\"container\">\n\t\t\t\t\t<div class=\"e-con-inner\">\n\t\t\t\t<div class=\"elementor-element elementor-element-87a0aa5 elementor-widget elementor-widget-text-editor\" data-id=\"87a0aa5\" data-element_type=\"widget\" data-e-type=\"widget\" data-widget_type=\"text-editor.default\">\n\t\t\t\t<div class=\"elementor-widget-container\">\n\t\t\t\t\t\t\t\t\t<p data-start=\"140\" data-end=\"401\">Willkommen auf der Webseite von <strong data-start=\"166\" data-end=\"184\">SCUBA DIVE RED SEA<\/strong>, ein Anbieter von Tauch- und Wassersportaktivit\u00e4ten mit Sitz in <strong data-start=\"235\" data-end=\"254\">Hurghada, \u00c4gypten<\/strong>.<br data-start=\"255\" data-end=\"258\" \/>Diese Datenschutzerkl\u00e4rung erl\u00e4utert, wie wir Ihre personenbezogenen Daten erfassen, verwenden, speichern und sch\u00fctzen, wenn Sie unsere Website besuchen oder eine unserer Dienstleistungen buchen.<\/p><p data-start=\"403\" data-end=\"608\">Wir verpflichten uns, Ihre Privatsph\u00e4re zu sch\u00fctzen und Ihre personenbezogenen Daten in \u00dcbereinstimmung mit den geltenden Datenschutzgesetzen zu behandeln, einschlie\u00dflich der <strong data-start=\"545\" data-end=\"590\">Datenschutz-Grundverordnung (DSGVO)<\/strong> sofern zutreffend.<\/p><hr data-start=\"610\" data-end=\"613\" \/><h2 data-section-id=\"16fdq39\" data-start=\"615\" data-end=\"635\">1. Verantwortlicher f\u00fcr die Datenverarbeitung<\/h2><p data-start=\"637\" data-end=\"712\">Im Sinne der geltenden Datenschutzgesetze ist der Datenverantwortliche:<\/p><p data-start=\"714\" data-end=\"795\"><strong data-start=\"166\" data-end=\"184\">SCUBA DIVE RED SEA<\/strong><br data-start=\"732\" data-end=\"735\" \/>Hurghada \u2013 Egypt<br data-start=\"751\" data-end=\"754\" \/>Email: info@scubadiveredsea.com<br data-start=\"773\" data-end=\"776\" \/>Phone: +20 1040200325<\/p><hr data-start=\"797\" data-end=\"800\" \/><h2 data-section-id=\"1b48zwe\" data-start=\"802\" data-end=\"831\">2. Von uns erhobene personenbezogene Daten<\/h2><p data-start=\"833\" data-end=\"888\">Wir k\u00f6nnen folgende personenbezogene Daten erheben und verarbeiten:<\/p><h3 data-section-id=\"d6sf2a\" data-start=\"890\" data-end=\"926\">Informationen, die Sie direkt angeben<\/h3><ul data-start=\"927\" data-end=\"1184\"><li data-section-id=\"apwdks\" data-start=\"927\" data-end=\"940\"><p data-start=\"929\" data-end=\"940\">Vollst\u00e4ndiger Name<\/p><\/li><li data-section-id=\"wk4jiq\" data-start=\"941\" data-end=\"958\"><p data-start=\"943\" data-end=\"958\">E-Mail-Adresse<\/p><\/li><li data-section-id=\"1tzdck7\" data-start=\"959\" data-end=\"975\"><p data-start=\"961\" data-end=\"975\">Telefonnummer<\/p><\/li><li data-section-id=\"ju40j6\" data-start=\"976\" data-end=\"991\"><p data-start=\"978\" data-end=\"991\">Nationalit\u00e4t<\/p><\/li><li data-section-id=\"1egrxph\" data-start=\"992\" data-end=\"1024\"><p data-start=\"994\" data-end=\"1024\">Buchungs- und Aktivit\u00e4tsdetails<\/p><\/li><li data-section-id=\"3xrlyp\" data-start=\"1025\" data-end=\"1093\"><p data-start=\"1027\" data-end=\"1093\">Zahlungsinformationen (Verarbeitung \u00fcber sichere Zahlungsanbieter)<\/p><\/li><li data-section-id=\"cq1gte\" data-start=\"1094\" data-end=\"1184\"><p data-start=\"1096\" data-end=\"1184\">Gesundheits- oder medizinische Informationen, die f\u00fcr die Tauchsicherheit relevant sind (nur wenn sie freiwillig angegeben werden)<\/p><\/li><\/ul><h3 data-section-id=\"1i739ww\" data-start=\"1186\" data-end=\"1225\">Automatisch erfasste Informationen<\/h3><p data-start=\"1226\" data-end=\"1268\">Wenn Sie unsere Website besuchen, erfassen wir m\u00f6glicherweise folgende Daten:<\/p><ul data-start=\"1270\" data-end=\"1408\"><li data-section-id=\"btxcx3\" data-start=\"1270\" data-end=\"1284\"><p data-start=\"1272\" data-end=\"1284\">IP-Adresse<\/p><\/li><li data-section-id=\"1cg95ss\" data-start=\"1285\" data-end=\"1301\"><p data-start=\"1287\" data-end=\"1301\">Browsertyp<\/p><\/li><li data-section-id=\"4xakv0\" data-start=\"1302\" data-end=\"1324\"><p data-start=\"1304\" data-end=\"1324\">Ger\u00e4teinformationen<\/p><\/li><li data-section-id=\"lg2o3d\" data-start=\"1325\" data-end=\"1372\"><p data-start=\"1327\" data-end=\"1372\">Besuchte Seiten und Verweildauer auf der Website<\/p><\/li><li data-section-id=\"1sod5ln\" data-start=\"1373\" data-end=\"1408\"><p data-start=\"1375\" data-end=\"1408\">Cookies und Tracking-Technologien<\/p><\/li><\/ul><hr data-start=\"1410\" data-end=\"1413\" \/><h2 data-section-id=\"tzcqpu\" data-start=\"1415\" data-end=\"1453\">3. Rechtsgrundlage f\u00fcr die Verarbeitung (DSGVO)<\/h2><p data-start=\"1455\" data-end=\"1513\">Wir verarbeiten personenbezogene Daten auf folgenden Rechtsgrundlagen:<\/p><p data-start=\"1515\" data-end=\"1540\"><strong data-start=\"1515\" data-end=\"1540\">Vertragliche Notwendigkeit<\/strong><\/p><ul data-start=\"1541\" data-end=\"1591\"><li data-section-id=\"74vn41\" data-start=\"1541\" data-end=\"1591\"><p data-start=\"1543\" data-end=\"1591\">Zur Bearbeitung von Buchungen und zur Erbringung von Tauchdienstleistungen.<\/p><\/li><\/ul><p data-start=\"1593\" data-end=\"1617\"><strong data-start=\"1593\" data-end=\"1617\">Berechtigte Interessen<\/strong><\/p><ul data-start=\"1618\" data-end=\"1705\"><li data-section-id=\"1vjopm9\" data-start=\"1618\" data-end=\"1656\"><p data-start=\"1620\" data-end=\"1656\">Zur Verbesserung unserer Website und unserer Dienstleistungen.<\/p><\/li><li data-section-id=\"9br0g4\" data-start=\"1657\" data-end=\"1705\"><p data-start=\"1659\" data-end=\"1705\">Um die betrieblichen und sicherheitstechnischen Anforderungen zu gew\u00e4hrleisten.<\/p><\/li><\/ul><p data-start=\"1707\" data-end=\"1718\"><strong data-start=\"1707\" data-end=\"1718\">Einwilligung<\/strong><\/p><ul data-start=\"1719\" data-end=\"1796\"><li data-section-id=\"13gjb6y\" data-start=\"1719\" data-end=\"1750\"><p data-start=\"1721\" data-end=\"1750\">F\u00fcr Marketingkommunikation.<\/p><\/li><li data-section-id=\"9j9pby\" data-start=\"1751\" data-end=\"1796\"><p data-start=\"1753\" data-end=\"1796\">F\u00fcr bestimmte Cookies und Analyse-Tracking.<\/p><\/li><\/ul><p data-start=\"1798\" data-end=\"1819\"><strong data-start=\"1798\" data-end=\"1819\">Rechtliche Verpflichtungen<\/strong><\/p><ul data-start=\"1820\" data-end=\"1886\"><li data-section-id=\"1h5a1t9\" data-start=\"1820\" data-end=\"1886\"><p data-start=\"1822\" data-end=\"1886\">Wo wir lokale Gesetze oder beh\u00f6rdliche Auflagen einhalten m\u00fcssen.<\/p><\/li><\/ul><hr data-start=\"1888\" data-end=\"1891\" \/><h2 data-section-id=\"df9dto\" data-start=\"1893\" data-end=\"1918\">4. Wie wir Ihre Daten verwenden<\/h2><p data-start=\"1920\" data-end=\"1954\">Ihre personenbezogenen Daten k\u00f6nnen verwendet werden, um:<\/p><ul data-start=\"1956\" data-end=\"2216\"><li data-section-id=\"1m5kz8z\" data-start=\"1956\" data-end=\"1987\"><p data-start=\"1958\" data-end=\"1987\">Buchungen bearbeiten und verwalten<\/p><\/li><li data-section-id=\"19bohp0\" data-start=\"1988\" data-end=\"2046\"><p data-start=\"1990\" data-end=\"2046\">Buchungsbest\u00e4tigungen und Details zur Aktivit\u00e4t \u00fcbermitteln<\/p><\/li><li data-section-id=\"huza3h\" data-start=\"2047\" data-end=\"2089\"><p data-start=\"2049\" data-end=\"2089\">Gew\u00e4hrleisten Sie die Sicherheit bei Tauchaktivit\u00e4ten<\/p><\/li><li data-section-id=\"nownww\" data-start=\"2090\" data-end=\"2118\"><p data-start=\"2092\" data-end=\"2118\">Kundensupport bereitstellen<\/p><\/li><li data-section-id=\"16hly45\" data-start=\"2119\" data-end=\"2170\"><p data-start=\"2121\" data-end=\"2170\">Verbesserung der Website-Performance und des Nutzererlebnisses<\/p><\/li><li data-section-id=\"w7mwnd\" data-start=\"2171\" data-end=\"2216\"><p data-start=\"2173\" data-end=\"2216\">Einhaltung gesetzlicher und beh\u00f6rdlicher Verpflichtungen<\/p><\/li><\/ul><hr data-start=\"2218\" data-end=\"2221\" \/><h2 data-section-id=\"1kblk1x\" data-start=\"2223\" data-end=\"2240\">5. Datenaustausch<\/h2><p data-start=\"2242\" data-end=\"2295\">Wir geben Ihre personenbezogenen Daten nur dann weiter, wenn dies erforderlich ist, an:<\/p><ul data-start=\"2297\" data-end=\"2483\"><li data-section-id=\"1m1dkxk\" data-start=\"2297\" data-end=\"2341\"><p data-start=\"2299\" data-end=\"2341\">Tauchlehrer und operatives Personal<\/p><\/li><li data-section-id=\"1c3rxro\" data-start=\"2342\" data-end=\"2406\"><p data-start=\"2344\" data-end=\"2406\">Bootsbetreiber oder Aktivit\u00e4tspartner, die an Ihrer Buchung beteiligt sind<\/p><\/li><li data-section-id=\"enron1\" data-start=\"2407\" data-end=\"2436\"><p data-start=\"2409\" data-end=\"2436\">Zahlungsdienstleister<\/p><\/li><li data-section-id=\"1vfvbxd\" data-start=\"2437\" data-end=\"2483\"><p data-start=\"2439\" data-end=\"2483\">Regierungsbeh\u00f6rden, wenn gesetzlich erforderlich<\/p><\/li><\/ul><p data-start=\"2485\" data-end=\"2523\">We do <strong data-start=\"2491\" data-end=\"2522\">Ihre pers\u00f6nlichen Daten werden nicht verkauft<\/strong>.<\/p><hr data-start=\"2525\" data-end=\"2528\" \/><h2 data-section-id=\"19rs024\" data-start=\"2530\" data-end=\"2563\">6. Internationale Daten\u00fcbermittlung<\/h2><p data-start=\"2565\" data-end=\"2808\">Da wir internationale Kunden betreuen, k\u00f6nnen Ihre personenbezogenen Daten au\u00dferhalb Ihres Wohnsitzlandes \u00fcbertragen und verarbeitet werden.<br data-start=\"2688\" data-end=\"2691\" \/>Soweit anwendbar, ergreifen wir geeignete Sicherheitsvorkehrungen, um sicherzustellen, dass Ihre Daten gem\u00e4\u00df den Grunds\u00e4tzen der DSGVO gesch\u00fctzt sind.<\/p><hr data-start=\"2810\" data-end=\"2813\" \/><h2 data-section-id=\"gwgpa3\" data-start=\"2815\" data-end=\"2834\">7. Datenaufbewahrung<\/h2><p data-start=\"2836\" data-end=\"2893\">Wir speichern personenbezogene Daten nur so lange, wie es f\u00fcr folgende Zwecke erforderlich ist:<\/p><ul data-start=\"2895\" data-end=\"3002\"><li data-section-id=\"1qkhv0d\" data-start=\"2895\" data-end=\"2919\"><p data-start=\"2897\" data-end=\"2919\">Bieten Sie unsere Dienstleistungen an<\/p><\/li><li data-section-id=\"m4gks\" data-start=\"2920\" data-end=\"2953\"><p data-start=\"2922\" data-end=\"2953\">Rechtliche Verpflichtungen einhalten<\/p><\/li><li data-section-id=\"1doa3qd\" data-start=\"2954\" data-end=\"2974\"><p data-start=\"2956\" data-end=\"2974\">Streitigkeiten beilegen<\/p><\/li><li data-section-id=\"zfbtt5\" data-start=\"2975\" data-end=\"3002\"><p data-start=\"2977\" data-end=\"3002\">Gesch\u00e4ftsunterlagen f\u00fchren<\/p><\/li><\/ul><p data-start=\"3004\" data-end=\"3065\">Sobald die Daten nicht mehr ben\u00f6tigt werden, werden sie sicher gel\u00f6scht.<\/p><hr data-start=\"3067\" data-end=\"3070\" \/><h2 data-section-id=\"ppup29\" data-start=\"3072\" data-end=\"3111\">8. Ihre Datenschutzrechte (DSGVO)<\/h2><p data-start=\"3113\" data-end=\"3191\">Wenn Sie im Europ\u00e4ischen Wirtschaftsraum (EWR) ans\u00e4ssig sind, haben Sie folgende Rechte:<\/p><ul data-start=\"3193\" data-end=\"3406\"><li data-section-id=\"16myggl\" data-start=\"3193\" data-end=\"3222\"><p data-start=\"3195\" data-end=\"3222\">Greifen Sie auf Ihre pers\u00f6nlichen Daten zu<\/p><\/li><li data-section-id=\"1s60vg7\" data-start=\"3223\" data-end=\"3250\"><p data-start=\"3225\" data-end=\"3250\">Korrigieren Sie ungenaue Daten.<\/p><\/li><li data-section-id=\"c1vn39\" data-start=\"3251\" data-end=\"3284\"><p data-start=\"3253\" data-end=\"3284\">Beantragen Sie die L\u00f6schung Ihrer Daten<\/p><\/li><li data-section-id=\"13qyzrr\" data-start=\"3285\" data-end=\"3321\"><p data-start=\"3287\" data-end=\"3321\">Beschr\u00e4nken Sie die Verarbeitung Ihrer Daten<\/p><\/li><li data-section-id=\"1h52t71\" data-start=\"3322\" data-end=\"3346\"><p data-start=\"3324\" data-end=\"3346\">Objekt zur Verarbeitung<\/p><\/li><li data-section-id=\"hacwqa\" data-start=\"3347\" data-end=\"3375\"><p data-start=\"3349\" data-end=\"3375\">Anfrage zur Daten\u00fcbertragung<\/p><\/li><li data-section-id=\"1a609te\" data-start=\"3376\" data-end=\"3406\"><p data-start=\"3378\" data-end=\"3406\">Einwilligung jederzeit widerrufen<\/p><\/li><\/ul><p data-start=\"3408\" data-end=\"3491\">Um eines dieser Rechte auszu\u00fcben, kontaktieren Sie uns bitte \u00fcber die unten stehenden Kontaktdaten.<\/p><hr data-start=\"3493\" data-end=\"3496\" \/><h2 data-section-id=\"1l2yzly\" data-start=\"3498\" data-end=\"3510\">9. Cookies<\/h2><p data-start=\"3512\" data-end=\"3621\">Unsere Website verwendet Cookies und \u00e4hnliche Technologien, um die Benutzerfreundlichkeit zu verbessern und die Website-Performance zu analysieren.<\/p><p data-start=\"3623\" data-end=\"3643\">Cookies k\u00f6nnen Folgendes umfassen:<\/p><ul data-start=\"3645\" data-end=\"3747\"><li data-section-id=\"1iuflu\" data-start=\"3645\" data-end=\"3703\"><p data-start=\"3647\" data-end=\"3703\">Essenzielle Cookies (f\u00fcr die Funktionalit\u00e4t der Website erforderlich)<\/p><\/li><li data-section-id=\"x03ht5\" data-start=\"3704\" data-end=\"3725\"><p data-start=\"3706\" data-end=\"3725\">Analyse-Cookies<\/p><\/li><li data-section-id=\"vmv5if\" data-start=\"3726\" data-end=\"3747\"><p data-start=\"3728\" data-end=\"3747\">Leistungs-Cookies<\/p><\/li><\/ul><p data-start=\"3749\" data-end=\"3813\">Sie k\u00f6nnen Cookies \u00fcber Ihre Browsereinstellungen verwalten oder deaktivieren.<\/p><hr data-start=\"3815\" data-end=\"3818\" \/><h2 data-section-id=\"yx54cv\" data-start=\"3820\" data-end=\"3839\">10. Datensicherheit<\/h2><p data-start=\"3841\" data-end=\"3997\">Wir setzen geeignete technische und organisatorische Ma\u00dfnahmen ein, um personenbezogene Daten vor unbefugtem Zugriff, Ver\u00e4nderung, Offenlegung oder Zerst\u00f6rung zu sch\u00fctzen.<\/p><p data-start=\"3999\" data-end=\"4050\">Allerdings kann kein System vollst\u00e4ndige Sicherheit garantieren.<\/p><hr data-start=\"4052\" data-end=\"4055\" \/><h2 data-section-id=\"uad79c\" data-start=\"4057\" data-end=\"4083\">11. Websites Dritter<\/h2><p data-start=\"4085\" data-end=\"4215\">Unsere Website kann Links zu Websites Dritter enthalten.<br data-start=\"4139\" data-end=\"4142\" \/>Wir sind nicht verantwortlich f\u00fcr die Datenschutzpraktiken dieser externen Websites.<\/p><hr data-start=\"4217\" data-end=\"4220\" \/><h2 data-section-id=\"14w2iud\" data-start=\"4222\" data-end=\"4258\">12. \u00c4nderungen dieser Datenschutzrichtlinie<\/h2><p data-start=\"4260\" data-end=\"4407\">Wir k\u00f6nnen diese Datenschutzrichtlinie von Zeit zu Zeit aktualisieren, um rechtlichen, regulatorischen oder betrieblichen \u00c4nderungen Rechnung zu tragen.<br data-start=\"4365\" data-end=\"4368\" \/>Aktualisierungen werden auf dieser Seite ver\u00f6ffentlicht.<\/p><hr data-start=\"4409\" data-end=\"4412\" \/><h2 data-section-id=\"1ai5jvw\" data-start=\"4414\" data-end=\"4430\">13. Kontaktieren Sie uns<\/h2><p data-start=\"4432\" data-end=\"4527\">Wenn Sie Fragen zu dieser Datenschutzrichtlinie oder zur Verarbeitung Ihrer Daten haben, kontaktieren Sie uns bitte:<\/p><p data-start=\"4529\" data-end=\"4610\"><strong data-start=\"166\" data-end=\"184\">SCUBA DIVE RED SEA<\/strong><br data-start=\"4547\" data-end=\"4550\" \/>Hurghada \u2013 Egypt<br data-start=\"4566\" data-end=\"4569\" \/>Email:\u00a0 info@scubadiveredsea.com<\/p><p data-start=\"4529\" data-end=\"4610\">Telefon: <span class=\"elementor-icon-list-text\">+20 1040200325<\/span><\/p>\t\t\t\t\t\t\t\t<\/div>\n\t\t\t\t<\/div>\n\t\t\t\t\t<\/div>\n\t\t\t\t<\/div>\n\t\t\t\t<\/div>","protected":false},"excerpt":{"rendered":"<p>Privacy Policy Welcome to the website of SCUBA DIVE RED SEA, a diving and marine activities provider based in Hurghada, Egypt.This Privacy Policy explains how we collect, use, store, and protect your personal data when you visit our website or book any of our services. We are committed to protecting your privacy and handling your [&hellip;]<\/p>\n","protected":false},"author":1,"featured_media":0,"parent":0,"menu_order":0,"comment_status":"closed","ping_status":"closed","template":"","meta":{"footnotes":""},"class_list":["post-498","page","type-page","status-publish","hentry"],"yoast_head":"<!-- This site is optimized with the Yoast SEO plugin v27.4 - https:\/\/yoast.com\/product\/yoast-seo-wordpress\/ -->\n<title>Privacy Policy | Hurghada Diving Data Protection<\/title>\n<meta name=\"description\" content=\"Learn how we collect, use, and protect your personal data when booking scuba diving in Hurghada. Your privacy and data security are our priority.\" \/>\n<meta name=\"robots\" content=\"index, follow, max-snippet:-1, max-image-preview:large, max-video-preview:-1\" \/>\n<link rel=\"canonical\" href=\"https:\/\/scubadiveredsea.com\/de\/privacy-policy\/\" \/>\n<meta property=\"og:locale\" content=\"de_DE\" \/>\n<meta property=\"og:type\" content=\"article\" \/>\n<meta property=\"og:title\" content=\"Privacy Policy | Hurghada Diving Data Protection\" \/>\n<meta property=\"og:description\" content=\"Learn how we collect, use, and protect your personal data when booking scuba diving in Hurghada. Your privacy and data security are our priority.\" \/>\n<meta property=\"og:url\" content=\"https:\/\/scubadiveredsea.com\/de\/privacy-policy\/\" \/>\n<meta property=\"article:publisher\" content=\"https:\/\/www.facebook.com\/share\/16QfAbdyxd\/\" \/>\n<meta property=\"article:modified_time\" content=\"2026-04-11T13:38:46+00:00\" \/>\n<meta property=\"og:image\" content=\"https:\/\/scubadiveredsea.com\/wp-content\/uploads\/2026\/02\/ChatGPT-Image-Feb-8-2026-12_48_27-AM-1024x1024.png\" \/>\n\t<meta property=\"og:image:width\" content=\"1024\" \/>\n\t<meta property=\"og:image:height\" content=\"1024\" \/>\n\t<meta property=\"og:image:type\" content=\"image\/png\" \/>\n<meta name=\"twitter:card\" content=\"summary_large_image\" \/>\n<meta name=\"twitter:label1\" content=\"Gesch\u00e4tzte Lesezeit\" \/>\n\t<meta name=\"twitter:data1\" content=\"3\u00a0Minuten\" \/>\n<script type=\"application\/ld+json\" class=\"yoast-schema-graph\">{\"@context\":\"https:\\\/\\\/schema.org\",\"@graph\":[{\"@type\":\"WebPage\",\"@id\":\"https:\\\/\\\/scubadiveredsea.com\\\/privacy-policy\\\/\",\"url\":\"https:\\\/\\\/scubadiveredsea.com\\\/privacy-policy\\\/\",\"name\":\"Privacy Policy | Hurghada Diving Data Protection\",\"isPartOf\":{\"@id\":\"https:\\\/\\\/scubadiveredsea.com\\\/#website\"},\"datePublished\":\"2026-02-13T00:02:24+00:00\",\"dateModified\":\"2026-04-11T13:38:46+00:00\",\"description\":\"Learn how we collect, use, and protect your personal data when booking scuba diving in Hurghada. Your privacy and data security are our priority.\",\"breadcrumb\":{\"@id\":\"https:\\\/\\\/scubadiveredsea.com\\\/privacy-policy\\\/#breadcrumb\"},\"inLanguage\":\"de\",\"potentialAction\":[{\"@type\":\"ReadAction\",\"target\":[\"https:\\\/\\\/scubadiveredsea.com\\\/privacy-policy\\\/\"]}]},{\"@type\":\"BreadcrumbList\",\"@id\":\"https:\\\/\\\/scubadiveredsea.com\\\/privacy-policy\\\/#breadcrumb\",\"itemListElement\":[{\"@type\":\"ListItem\",\"position\":1,\"name\":\"Home\",\"item\":\"https:\\\/\\\/scubadiveredsea.com\\\/\"},{\"@type\":\"ListItem\",\"position\":2,\"name\":\"Privacy Policy\"}]},{\"@type\":\"WebSite\",\"@id\":\"https:\\\/\\\/scubadiveredsea.com\\\/#website\",\"url\":\"https:\\\/\\\/scubadiveredsea.com\\\/\",\"name\":\"scubadiveredsea\",\"description\":\"\",\"publisher\":{\"@id\":\"https:\\\/\\\/scubadiveredsea.com\\\/#organization\"},\"alternateName\":\"scuba dive red sea padi\",\"potentialAction\":[{\"@type\":\"SearchAction\",\"target\":{\"@type\":\"EntryPoint\",\"urlTemplate\":\"https:\\\/\\\/scubadiveredsea.com\\\/?s={search_term_string}\"},\"query-input\":{\"@type\":\"PropertyValueSpecification\",\"valueRequired\":true,\"valueName\":\"search_term_string\"}}],\"inLanguage\":\"de\"},{\"@type\":\"Organization\",\"@id\":\"https:\\\/\\\/scubadiveredsea.com\\\/#organization\",\"name\":\"scuba dive red sea\",\"url\":\"https:\\\/\\\/scubadiveredsea.com\\\/\",\"logo\":{\"@type\":\"ImageObject\",\"inLanguage\":\"de\",\"@id\":\"https:\\\/\\\/scubadiveredsea.com\\\/#\\\/schema\\\/logo\\\/image\\\/\",\"url\":\"https:\\\/\\\/scubadiveredsea.com\\\/wp-content\\\/uploads\\\/2026\\\/03\\\/cropped-Untitled-design.png\",\"contentUrl\":\"https:\\\/\\\/scubadiveredsea.com\\\/wp-content\\\/uploads\\\/2026\\\/03\\\/cropped-Untitled-design.png\",\"width\":1842,\"height\":1517,\"caption\":\"scuba dive red sea\"},\"image\":{\"@id\":\"https:\\\/\\\/scubadiveredsea.com\\\/#\\\/schema\\\/logo\\\/image\\\/\"},\"sameAs\":[\"https:\\\/\\\/www.facebook.com\\\/share\\\/16QfAbdyxd\\\/\",\"https:\\\/\\\/www.instagram.com\\\/scubadiveredsea\\\/\"]}]}<\/script>\n<!-- \/ Yoast SEO plugin. -->","yoast_head_json":{"title":"Privacy Policy | Hurghada Diving Data Protection","description":"Learn how we collect, use, and protect your personal data when booking scuba diving in Hurghada. Your privacy and data security are our priority.","robots":{"index":"index","follow":"follow","max-snippet":"max-snippet:-1","max-image-preview":"max-image-preview:large","max-video-preview":"max-video-preview:-1"},"canonical":"https:\/\/scubadiveredsea.com\/de\/privacy-policy\/","og_locale":"de_DE","og_type":"article","og_title":"Privacy Policy | Hurghada Diving Data Protection","og_description":"Learn how we collect, use, and protect your personal data when booking scuba diving in Hurghada. Your privacy and data security are our priority.","og_url":"https:\/\/scubadiveredsea.com\/de\/privacy-policy\/","article_publisher":"https:\/\/www.facebook.com\/share\/16QfAbdyxd\/","article_modified_time":"2026-04-11T13:38:46+00:00","og_image":[{"width":1024,"height":1024,"url":"https:\/\/scubadiveredsea.com\/wp-content\/uploads\/2026\/02\/ChatGPT-Image-Feb-8-2026-12_48_27-AM-1024x1024.png","type":"image\/png"}],"twitter_card":"summary_large_image","twitter_misc":{"Gesch\u00e4tzte Lesezeit":"3\u00a0Minuten"},"schema":{"@context":"https:\/\/schema.org","@graph":[{"@type":"WebPage","@id":"https:\/\/scubadiveredsea.com\/privacy-policy\/","url":"https:\/\/scubadiveredsea.com\/privacy-policy\/","name":"Privacy Policy | Hurghada Diving Data Protection","isPartOf":{"@id":"https:\/\/scubadiveredsea.com\/#website"},"datePublished":"2026-02-13T00:02:24+00:00","dateModified":"2026-04-11T13:38:46+00:00","description":"Learn how we collect, use, and protect your personal data when booking scuba diving in Hurghada. Your privacy and data security are our priority.","breadcrumb":{"@id":"https:\/\/scubadiveredsea.com\/privacy-policy\/#breadcrumb"},"inLanguage":"de","potentialAction":[{"@type":"ReadAction","target":["https:\/\/scubadiveredsea.com\/privacy-policy\/"]}]},{"@type":"BreadcrumbList","@id":"https:\/\/scubadiveredsea.com\/privacy-policy\/#breadcrumb","itemListElement":[{"@type":"ListItem","position":1,"name":"Home","item":"https:\/\/scubadiveredsea.com\/"},{"@type":"ListItem","position":2,"name":"Privacy Policy"}]},{"@type":"WebSite","@id":"https:\/\/scubadiveredsea.com\/#website","url":"https:\/\/scubadiveredsea.com\/","name":"scubadiveredsea","description":"","publisher":{"@id":"https:\/\/scubadiveredsea.com\/#organization"},"alternateName":"scuba dive red sea padi","potentialAction":[{"@type":"SearchAction","target":{"@type":"EntryPoint","urlTemplate":"https:\/\/scubadiveredsea.com\/?s={search_term_string}"},"query-input":{"@type":"PropertyValueSpecification","valueRequired":true,"valueName":"search_term_string"}}],"inLanguage":"de"},{"@type":"Organization","@id":"https:\/\/scubadiveredsea.com\/#organization","name":"scuba dive red sea","url":"https:\/\/scubadiveredsea.com\/","logo":{"@type":"ImageObject","inLanguage":"de","@id":"https:\/\/scubadiveredsea.com\/#\/schema\/logo\/image\/","url":"https:\/\/scubadiveredsea.com\/wp-content\/uploads\/2026\/03\/cropped-Untitled-design.png","contentUrl":"https:\/\/scubadiveredsea.com\/wp-content\/uploads\/2026\/03\/cropped-Untitled-design.png","width":1842,"height":1517,"caption":"scuba dive red sea"},"image":{"@id":"https:\/\/scubadiveredsea.com\/#\/schema\/logo\/image\/"},"sameAs":["https:\/\/www.facebook.com\/share\/16QfAbdyxd\/","https:\/\/www.instagram.com\/scubadiveredsea\/"]}]}},"_hostinger_reach_plugin_has_subscription_block":false,"_hostinger_reach_plugin_is_elementor":false,"_links":{"self":[{"href":"https:\/\/scubadiveredsea.com\/de\/wp-json\/wp\/v2\/pages\/498","targetHints":{"allow":["GET"]}}],"collection":[{"href":"https:\/\/scubadiveredsea.com\/de\/wp-json\/wp\/v2\/pages"}],"about":[{"href":"https:\/\/scubadiveredsea.com\/de\/wp-json\/wp\/v2\/types\/page"}],"author":[{"embeddable":true,"href":"https:\/\/scubadiveredsea.com\/de\/wp-json\/wp\/v2\/users\/1"}],"replies":[{"embeddable":true,"href":"https:\/\/scubadiveredsea.com\/de\/wp-json\/wp\/v2\/comments?post=498"}],"version-history":[{"count":19,"href":"https:\/\/scubadiveredsea.com\/de\/wp-json\/wp\/v2\/pages\/498\/revisions"}],"predecessor-version":[{"id":1145,"href":"https:\/\/scubadiveredsea.com\/de\/wp-json\/wp\/v2\/pages\/498\/revisions\/1145"}],"wp:attachment":[{"href":"https:\/\/scubadiveredsea.com\/de\/wp-json\/wp\/v2\/media?parent=498"}],"curies":[{"name":"wp","href":"https:\/\/api.w.org\/{rel}","templated":true}]}}