{"id":593,"date":"2026-02-26T08:36:05","date_gmt":"2026-02-26T08:36:05","guid":{"rendered":"https:\/\/scubadiveredsea.com\/?page_id=593"},"modified":"2026-03-28T20:21:34","modified_gmt":"2026-03-28T20:21:34","slug":"spezialprogramme","status":"publish","type":"page","link":"https:\/\/scubadiveredsea.com\/de\/special-programs\/","title":{"rendered":"Spezialprogramme"},"content":{"rendered":"<div data-elementor-type=\"wp-page\" data-elementor-id=\"593\" class=\"elementor elementor-593\" data-elementor-post-type=\"page\">\n\t\t\t\t<div class=\"aux-parallax-section elementor-element elementor-element-1b20f65 e-flex e-con-boxed e-con e-parent\" data-id=\"1b20f65\" data-element_type=\"container\" data-e-type=\"container\" data-settings=\"{&quot;background_background&quot;:&quot;classic&quot;}\">\n\t\t\t\t\t<div class=\"e-con-inner\">\n\t\t\t\t<div class=\"elementor-element elementor-element-c8d5d83 elementor-widget elementor-widget-heading\" data-id=\"c8d5d83\" data-element_type=\"widget\" data-e-type=\"widget\" data-widget_type=\"heading.default\">\n\t\t\t\t<div class=\"elementor-widget-container\">\n\t\t\t\t\t<h2 class=\"elementor-heading-title elementor-size-default\">Daily Dive Program<\/h2>\t\t\t\t<\/div>\n\t\t\t\t<\/div>\n\t\t\t\t\t<\/div>\n\t\t\t\t<\/div>\n\t\t<div class=\"aux-parallax-section elementor-element elementor-element-2a6d78c e-flex e-con-boxed e-con e-parent\" data-id=\"2a6d78c\" data-element_type=\"container\" data-e-type=\"container\">\n\t\t\t\t\t<div class=\"e-con-inner\">\n\t\t\t\t<div class=\"elementor-element elementor-element-3f041f8 elementor-widget elementor-widget-wptravelengine-trips\" data-id=\"3f041f8\" data-element_type=\"widget\" data-e-type=\"widget\" data-widget_type=\"wptravelengine-trips.default\">\n\t\t\t\t<div class=\"elementor-widget-container\">\n\t\t\t\t\t<div class=\"wp-block-wptravelengine-trips wpte-gblock-wrapper elementor-addon wpte-elementor-widget\">\t<div class=\"category-list wte-d-flex wpte-trip-list-wrapper\t\t\t\t\t\t    wte-col-3 columns-tablet-2 columns-mobile-1\">\n\t<div class=\"category-trips-single\" itemprop=\"itemListElement\" itemscope itemtype=\"http:\/\/schema.org\/ListItem\">\n\t<div class=\"category-trips-single-inner-wrap\">\n\t\t<figure class=\"category-trip-fig\">\n\t\t\t\t\t\t\t\t\t\t<a href=\"https:\/\/scubadiveredsea.com\/de\/trip\/daily-dive-program\/\">\n\t\t\t\t\t<img fetchpriority=\"high\" decoding=\"async\" width=\"990\" height=\"490\" src=\"https:\/\/scubadiveredsea.com\/wp-content\/uploads\/2026\/02\/WhatsApp-Image-2026-03-18-at-8.19.23-PM-990x490.jpeg\" class=\"attachment-trip-single-size size-trip-single-size wp-post-image\" alt=\"\" \/>\t\t\t\t<\/a>\n\t\t\t\t\t<\/figure>\n\n\t\t<div class=\"category-trip-content-wrap\">\n\t\t\t<div class=\"category-trip-prc-title-wrap\">\n\t\t\t\t\t\t\t\t\t<h2 class=\"category-trip-title\" itemprop=\"name\">\n\t\t\t\t\t\t<a itemprop=\"url\" href=\"https:\/\/scubadiveredsea.com\/de\/trip\/daily-dive-program\/\">T\u00e4gliches Tauchprogramm<\/a>\n\t\t\t\t\t<\/h2>\n\t\t\t\t\n\t\t\t\t\n\t\t\t\t\t\t\t\t\t<meta itemprop=\"position\" content=\"1\"\/>\n\t\t\t\t\t\t\t<\/div>\n\n\t\t\t<div class=\"category-trip-detail-wrap\">\n\t\t\t\t<div class=\"category-trip-prc-wrap\">\n\t\t\t\t\t<div class=\"category-trip-desti wpte-trip_meta-container\">\n\t\t\t\t\t\t\n\t\t\t\t\t\t\t<span class=\"wpte-trip-meta category-trip-dur\">\n\t\t\t\t\t\t\t\t\t\t\t\t\t\t\t<span class=\"wpte-icon-clock\"><\/span>\n\t\t\t\t\t\t\t\t\t<span>\n\t\t\t\t\t\t\t\t\t\t\t\t\t\t\t\t\t\t\t\t\t1 Tag\t\t\t\t\t\t\t\t\t<\/span>\n\t\t\t\t\t\t\t\t\t\t\t\t\t\t\t\t<\/span>\n\t\t\t\t\t\t\t\t\t\t\t\t\t\t\t\t\t\t<\/div>\n\t\t\t\t\t\t\t\t\t\t\t<div class=\"category-trip-budget\">\n\t\t\t\t\t\t\t\t\t\t\t\t\t\t<span class=\"price-holder\">\n\t\t\t\t\t\t\t\t<span class=\"actual-price\"><span class=\"wpte-currency-code\">&euro;<\/span><span class=\"wpte-price\">60<\/span><\/span>\n\t\t\t\t\t\t\t\t\t\t\t\t\t\t\t<\/span>\n\t\t\t\t\t\t<\/div>\n\t\t\t\t\t\t\t\t\t<\/div>\n\t\t\t\t\t\t\t\t\t<div class=\"category-trip-desc\">\n\t\t\t\t\t\t<p>\n\t\t\t\t\t\t\tErleben Sie Tauchg\u00e4nge in der Gruppe an den sch\u00f6nsten Tauchpl\u00e4tzen des Roten Meeres mit professionellen Guides. Reiseinformationen...\t\t\t\t\t\t<\/p>\n\t\t\t\t\t<\/div>\n\t\t\t\t\t\t\t\t\t\t\t<\/div>\n\t\t<\/div>\n\n\t\t\t<\/div>\n<\/div>\n<\/div><!-- .category-{$layout} --><\/div>\t\t\t\t<\/div>\n\t\t\t\t<\/div>\n\t\t\t\t\t<\/div>\n\t\t\t\t<\/div>\n\t\t\t\t<\/div>","protected":false},"excerpt":{"rendered":"<p>Daily Dive Program Daily dive program 1 Day &euro;60 Enjoy diving with a group at the most beautiful dive sites in the Red Sea with professional guides. Trip Facts&#8230;<\/p>","protected":false},"author":1,"featured_media":0,"parent":0,"menu_order":0,"comment_status":"closed","ping_status":"closed","template":"","meta":{"footnotes":""},"class_list":["post-593","page","type-page","status-publish","hentry"],"yoast_head":"<!-- This site is optimized with the Yoast SEO plugin v27.4 - https:\/\/yoast.com\/product\/yoast-seo-wordpress\/ -->\n<title>Special Programs -<\/title>\n<meta name=\"robots\" content=\"index, follow, max-snippet:-1, max-image-preview:large, max-video-preview:-1\" \/>\n<link rel=\"canonical\" href=\"https:\/\/scubadiveredsea.com\/de\/spezialprogramme\/\" \/>\n<meta property=\"og:locale\" content=\"de_DE\" \/>\n<meta property=\"og:type\" content=\"article\" \/>\n<meta property=\"og:title\" content=\"Special Programs -\" \/>\n<meta property=\"og:description\" content=\"Daily Dive Program Daily dive program 1 Day &euro;60 Enjoy diving with a group at the most beautiful dive sites in the Red Sea with professional guides. Trip Facts&#8230;\" \/>\n<meta property=\"og:url\" content=\"https:\/\/scubadiveredsea.com\/de\/spezialprogramme\/\" \/>\n<meta property=\"article:publisher\" content=\"https:\/\/www.facebook.com\/share\/16QfAbdyxd\/\" \/>\n<meta property=\"article:modified_time\" content=\"2026-03-28T20:21:34+00:00\" \/>\n<meta property=\"og:image\" content=\"https:\/\/scubadiveredsea.com\/wp-content\/uploads\/2026\/02\/ChatGPT-Image-Feb-8-2026-12_48_27-AM-1024x1024.png\" \/>\n\t<meta property=\"og:image:width\" content=\"1024\" \/>\n\t<meta property=\"og:image:height\" content=\"1024\" \/>\n\t<meta property=\"og:image:type\" content=\"image\/png\" \/>\n<meta name=\"twitter:card\" content=\"summary_large_image\" \/>\n<meta name=\"twitter:label1\" content=\"Gesch\u00e4tzte Lesezeit\" \/>\n\t<meta name=\"twitter:data1\" content=\"1\u00a0Minute\" \/>\n<script type=\"application\/ld+json\" class=\"yoast-schema-graph\">{\"@context\":\"https:\\\/\\\/schema.org\",\"@graph\":[{\"@type\":\"WebPage\",\"@id\":\"https:\\\/\\\/scubadiveredsea.com\\\/special-programs\\\/\",\"url\":\"https:\\\/\\\/scubadiveredsea.com\\\/special-programs\\\/\",\"name\":\"Special Programs -\",\"isPartOf\":{\"@id\":\"https:\\\/\\\/scubadiveredsea.com\\\/#website\"},\"datePublished\":\"2026-02-26T08:36:05+00:00\",\"dateModified\":\"2026-03-28T20:21:34+00:00\",\"breadcrumb\":{\"@id\":\"https:\\\/\\\/scubadiveredsea.com\\\/special-programs\\\/#breadcrumb\"},\"inLanguage\":\"de\",\"potentialAction\":[{\"@type\":\"ReadAction\",\"target\":[\"https:\\\/\\\/scubadiveredsea.com\\\/special-programs\\\/\"]}]},{\"@type\":\"BreadcrumbList\",\"@id\":\"https:\\\/\\\/scubadiveredsea.com\\\/special-programs\\\/#breadcrumb\",\"itemListElement\":[{\"@type\":\"ListItem\",\"position\":1,\"name\":\"Home\",\"item\":\"https:\\\/\\\/scubadiveredsea.com\\\/\"},{\"@type\":\"ListItem\",\"position\":2,\"name\":\"Special Programs\"}]},{\"@type\":\"WebSite\",\"@id\":\"https:\\\/\\\/scubadiveredsea.com\\\/#website\",\"url\":\"https:\\\/\\\/scubadiveredsea.com\\\/\",\"name\":\"scubadiveredsea\",\"description\":\"\",\"publisher\":{\"@id\":\"https:\\\/\\\/scubadiveredsea.com\\\/#organization\"},\"alternateName\":\"scuba dive red sea padi\",\"potentialAction\":[{\"@type\":\"SearchAction\",\"target\":{\"@type\":\"EntryPoint\",\"urlTemplate\":\"https:\\\/\\\/scubadiveredsea.com\\\/?s={search_term_string}\"},\"query-input\":{\"@type\":\"PropertyValueSpecification\",\"valueRequired\":true,\"valueName\":\"search_term_string\"}}],\"inLanguage\":\"de\"},{\"@type\":\"Organization\",\"@id\":\"https:\\\/\\\/scubadiveredsea.com\\\/#organization\",\"name\":\"scuba dive red sea\",\"url\":\"https:\\\/\\\/scubadiveredsea.com\\\/\",\"logo\":{\"@type\":\"ImageObject\",\"inLanguage\":\"de\",\"@id\":\"https:\\\/\\\/scubadiveredsea.com\\\/#\\\/schema\\\/logo\\\/image\\\/\",\"url\":\"https:\\\/\\\/scubadiveredsea.com\\\/wp-content\\\/uploads\\\/2026\\\/03\\\/cropped-Untitled-design.png\",\"contentUrl\":\"https:\\\/\\\/scubadiveredsea.com\\\/wp-content\\\/uploads\\\/2026\\\/03\\\/cropped-Untitled-design.png\",\"width\":1842,\"height\":1517,\"caption\":\"scuba dive red sea\"},\"image\":{\"@id\":\"https:\\\/\\\/scubadiveredsea.com\\\/#\\\/schema\\\/logo\\\/image\\\/\"},\"sameAs\":[\"https:\\\/\\\/www.facebook.com\\\/share\\\/16QfAbdyxd\\\/\",\"https:\\\/\\\/www.instagram.com\\\/scubadiveredsea\\\/\"]}]}<\/script>\n<!-- \/ Yoast SEO plugin. -->","yoast_head_json":{"title":"Special Programs -","robots":{"index":"index","follow":"follow","max-snippet":"max-snippet:-1","max-image-preview":"max-image-preview:large","max-video-preview":"max-video-preview:-1"},"canonical":"https:\/\/scubadiveredsea.com\/de\/spezialprogramme\/","og_locale":"de_DE","og_type":"article","og_title":"Special Programs -","og_description":"Daily Dive Program Daily dive program 1 Day &euro;60 Enjoy diving with a group at the most beautiful dive sites in the Red Sea with professional guides. Trip Facts&#8230;","og_url":"https:\/\/scubadiveredsea.com\/de\/spezialprogramme\/","article_publisher":"https:\/\/www.facebook.com\/share\/16QfAbdyxd\/","article_modified_time":"2026-03-28T20:21:34+00:00","og_image":[{"width":1024,"height":1024,"url":"https:\/\/scubadiveredsea.com\/wp-content\/uploads\/2026\/02\/ChatGPT-Image-Feb-8-2026-12_48_27-AM-1024x1024.png","type":"image\/png"}],"twitter_card":"summary_large_image","twitter_misc":{"Gesch\u00e4tzte Lesezeit":"1\u00a0Minute"},"schema":{"@context":"https:\/\/schema.org","@graph":[{"@type":"WebPage","@id":"https:\/\/scubadiveredsea.com\/special-programs\/","url":"https:\/\/scubadiveredsea.com\/special-programs\/","name":"Special Programs -","isPartOf":{"@id":"https:\/\/scubadiveredsea.com\/#website"},"datePublished":"2026-02-26T08:36:05+00:00","dateModified":"2026-03-28T20:21:34+00:00","breadcrumb":{"@id":"https:\/\/scubadiveredsea.com\/special-programs\/#breadcrumb"},"inLanguage":"de","potentialAction":[{"@type":"ReadAction","target":["https:\/\/scubadiveredsea.com\/special-programs\/"]}]},{"@type":"BreadcrumbList","@id":"https:\/\/scubadiveredsea.com\/special-programs\/#breadcrumb","itemListElement":[{"@type":"ListItem","position":1,"name":"Home","item":"https:\/\/scubadiveredsea.com\/"},{"@type":"ListItem","position":2,"name":"Special Programs"}]},{"@type":"WebSite","@id":"https:\/\/scubadiveredsea.com\/#website","url":"https:\/\/scubadiveredsea.com\/","name":"scubadiveredsea","description":"","publisher":{"@id":"https:\/\/scubadiveredsea.com\/#organization"},"alternateName":"scuba dive red sea padi","potentialAction":[{"@type":"SearchAction","target":{"@type":"EntryPoint","urlTemplate":"https:\/\/scubadiveredsea.com\/?s={search_term_string}"},"query-input":{"@type":"PropertyValueSpecification","valueRequired":true,"valueName":"search_term_string"}}],"inLanguage":"de"},{"@type":"Organization","@id":"https:\/\/scubadiveredsea.com\/#organization","name":"scuba dive red sea","url":"https:\/\/scubadiveredsea.com\/","logo":{"@type":"ImageObject","inLanguage":"de","@id":"https:\/\/scubadiveredsea.com\/#\/schema\/logo\/image\/","url":"https:\/\/scubadiveredsea.com\/wp-content\/uploads\/2026\/03\/cropped-Untitled-design.png","contentUrl":"https:\/\/scubadiveredsea.com\/wp-content\/uploads\/2026\/03\/cropped-Untitled-design.png","width":1842,"height":1517,"caption":"scuba dive red sea"},"image":{"@id":"https:\/\/scubadiveredsea.com\/#\/schema\/logo\/image\/"},"sameAs":["https:\/\/www.facebook.com\/share\/16QfAbdyxd\/","https:\/\/www.instagram.com\/scubadiveredsea\/"]}]}},"_hostinger_reach_plugin_has_subscription_block":false,"_hostinger_reach_plugin_is_elementor":false,"_links":{"self":[{"href":"https:\/\/scubadiveredsea.com\/de\/wp-json\/wp\/v2\/pages\/593","targetHints":{"allow":["GET"]}}],"collection":[{"href":"https:\/\/scubadiveredsea.com\/de\/wp-json\/wp\/v2\/pages"}],"about":[{"href":"https:\/\/scubadiveredsea.com\/de\/wp-json\/wp\/v2\/types\/page"}],"author":[{"embeddable":true,"href":"https:\/\/scubadiveredsea.com\/de\/wp-json\/wp\/v2\/users\/1"}],"replies":[{"embeddable":true,"href":"https:\/\/scubadiveredsea.com\/de\/wp-json\/wp\/v2\/comments?post=593"}],"version-history":[{"count":19,"href":"https:\/\/scubadiveredsea.com\/de\/wp-json\/wp\/v2\/pages\/593\/revisions"}],"predecessor-version":[{"id":870,"href":"https:\/\/scubadiveredsea.com\/de\/wp-json\/wp\/v2\/pages\/593\/revisions\/870"}],"wp:attachment":[{"href":"https:\/\/scubadiveredsea.com\/de\/wp-json\/wp\/v2\/media?parent=593"}],"curies":[{"name":"wp","href":"https:\/\/api.w.org\/{rel}","templated":true}]}}