{"id":63,"date":"2019-10-28T16:00:47","date_gmt":"2019-10-28T16:00:47","guid":{"rendered":"https:\/\/scubadiveredsea.com\/contact-us\/"},"modified":"2026-03-23T02:51:34","modified_gmt":"2026-03-23T02:51:34","slug":"kontakt","status":"publish","type":"page","link":"https:\/\/scubadiveredsea.com\/de\/contact-us\/","title":{"rendered":"Kontaktieren Sie uns"},"content":{"rendered":"<div data-elementor-type=\"wp-page\" data-elementor-id=\"63\" class=\"elementor elementor-63\" data-elementor-post-type=\"page\">\n\t\t\t\t<div class=\"aux-parallax-section elementor-element elementor-element-894460c e-con-full e-flex e-con e-parent\" data-id=\"894460c\" data-element_type=\"container\" data-e-type=\"container\" data-settings=\"{&quot;background_background&quot;:&quot;gradient&quot;}\">\n\t\t<div class=\"elementor-element elementor-element-b973de3 e-con-full e-flex e-con e-child\" data-id=\"b973de3\" data-element_type=\"container\" data-e-type=\"container\">\n\t\t\t\t<div class=\"elementor-element elementor-element-a713872 elementor-widget elementor-widget-heading\" data-id=\"a713872\" data-element_type=\"widget\" data-e-type=\"widget\" data-widget_type=\"heading.default\">\n\t\t\t\t<div class=\"elementor-widget-container\">\n\t\t\t\t\t<h2 class=\"elementor-heading-title elementor-size-default\">scuba dive red sea<\/h2>\t\t\t\t<\/div>\n\t\t\t\t<\/div>\n\t\t\t\t<div class=\"elementor-element elementor-element-394a424 elementor-widget elementor-widget-aux_image\" data-id=\"394a424\" data-element_type=\"widget\" data-e-type=\"widget\" data-widget_type=\"aux_image.default\">\n\t\t\t\t<div class=\"elementor-widget-container\">\n\t\t\t\t\t<section class=\"widget-container aux-widget-image aux-alignnone aux-parent-aue5ad3e91\">\n    <div class=\"aux-media-hint-frame\">\n        <div class=\"aux-media-image\" >\n        \n            \n\n            \n            <img fetchpriority=\"high\" decoding=\"async\" width=\"1536\" height=\"1024\" src=\"https:\/\/scubadiveredsea.com\/wp-content\/uploads\/2026\/02\/ChatGPT-Image-Nov-20-2025-01_22_10-PM-40x27.png\" class=\"aux-attachment aux-featured-image aux-attachment-id-192 aux-preload aux-has-preview\" alt=\"ChatGPT-Image-Nov-20-2025-01_22_10-PM\" data-ratio=\"1.5\" data-original-w=\"1536\" data-src=\"https:\/\/scubadiveredsea.com\/wp-content\/uploads\/2026\/02\/ChatGPT-Image-Nov-20-2025-01_22_10-PM.png\" \/>            \n                <\/div>\n    <\/div>\n\n<\/section><!-- widget-container -->\t\t\t\t<\/div>\n\t\t\t\t<\/div>\n\t\t\t\t<\/div>\n\t\t\t\t<\/div>\n\t\t<div class=\"aux-parallax-section elementor-element elementor-element-498dcb2 e-flex e-con-boxed e-con e-parent\" data-id=\"498dcb2\" data-element_type=\"container\" data-e-type=\"container\">\n\t\t\t\t\t<div class=\"e-con-inner\">\n\t\t<div class=\"elementor-element elementor-element-38bb51a e-con-full e-flex e-con e-child\" data-id=\"38bb51a\" data-element_type=\"container\" data-e-type=\"container\" data-settings=\"{&quot;background_background&quot;:&quot;classic&quot;}\">\n\t\t\t\t<div class=\"elementor-element elementor-element-8339cfe aux-appear-watch-animation aux-fade-in-up elementor-widget elementor-widget-aux_modern_heading\" data-id=\"8339cfe\" data-element_type=\"widget\" data-e-type=\"widget\" data-widget_type=\"aux_modern_heading.default\">\n\t\t\t\t<div class=\"elementor-widget-container\">\n\t\t\t\t\t<section class=\"aux-widget-modern-heading\">\n            <div class=\"aux-widget-inner\"><h2 class=\"aux-modern-heading-primary\">Lass uns deinen Tauchgang im Roten Meer planen<\/h2><div class=\"aux-modern-heading-description\"><p data-start=\"525\" data-end=\"844\">Wir sind ein professionelles Tauchzentrum im Roten Meer und bieten sichere, gef\u00fchrte und unvergessliche Taucherlebnisse. Egal, ob Sie als Anf\u00e4nger zum ersten Mal tauchen oder als zertifizierter Taucher nach fortgeschrittenen Tauchg\u00e4ngen suchen \u2013 unser erfahrenes Team hilft Ihnen gerne bei der Planung Ihres perfekten Unterwasserabenteuers.<\/p><\/div><\/div>\n        <\/section>\t\t\t\t<\/div>\n\t\t\t\t<\/div>\n\t\t\t\t<\/div>\n\t\t<div class=\"elementor-element elementor-element-0f454b6 e-con-full e-flex e-con e-child\" data-id=\"0f454b6\" data-element_type=\"container\" data-e-type=\"container\" data-settings=\"{&quot;background_background&quot;:&quot;classic&quot;}\">\n\t\t\t\t<div class=\"elementor-element elementor-element-ff27a2e aux-appear-watch-animation aux-fade-in-up elementor-widget elementor-widget-aux_image\" data-id=\"ff27a2e\" data-element_type=\"widget\" data-e-type=\"widget\" data-widget_type=\"aux_image.default\">\n\t\t\t\t<div class=\"elementor-widget-container\">\n\t\t\t\t\t<section class=\"widget-container aux-widget-image aux-alignnone aux-parent-au7356e73f\">\n    <div class=\"aux-media-hint-frame\">\n        <div class=\"aux-media-image\" >\n        \n            \n\n            \n            <img decoding=\"async\" width=\"2048\" height=\"1364\" src=\"https:\/\/scubadiveredsea.com\/wp-content\/uploads\/2026\/02\/7xm6987f373e2508.jpg\" class=\"aux-attachment aux-featured-image aux-attachment-id-183\" alt=\"7xm6987f373e2508\" data-ratio=\"1.5\" data-original-w=\"2048\" \/>            \n                <\/div>\n    <\/div>\n\n<\/section><!-- widget-container -->\t\t\t\t<\/div>\n\t\t\t\t<\/div>\n\t\t\t\t<\/div>\n\t\t\t\t\t<\/div>\n\t\t\t\t<\/div>\n\t\t<div class=\"aux-parallax-section elementor-element elementor-element-64c86d2 e-flex e-con-boxed e-con e-parent\" data-id=\"64c86d2\" data-element_type=\"container\" data-e-type=\"container\">\n\t\t\t\t\t<div class=\"e-con-inner\">\n\t\t<div class=\"elementor-element elementor-element-04c99b3 e-con-full e-flex e-con e-child\" data-id=\"04c99b3\" data-element_type=\"container\" data-e-type=\"container\" data-settings=\"{&quot;background_background&quot;:&quot;classic&quot;}\">\n\t\t\t\t<div class=\"elementor-element elementor-element-da4d157 aux-appear-watch-animation aux-fade-in-up elementor-widget elementor-widget-aux_modern_heading\" data-id=\"da4d157\" data-element_type=\"widget\" data-e-type=\"widget\" data-widget_type=\"aux_modern_heading.default\">\n\t\t\t\t<div class=\"elementor-widget-container\">\n\t\t\t\t\t<section class=\"aux-widget-modern-heading\">\n            <div class=\"aux-widget-inner\"><h2 class=\"aux-modern-heading-primary\">Kontaktieren Sie uns<\/h2><div class=\"aux-modern-heading-description\"><p data-start=\"369\" data-end=\"552\">Haben Sie Fragen zu unseren Tauchreisen, Kursen oder Pauschalangeboten? Unser freundliches Tauchteam hilft Ihnen gerne bei der Planung Ihres perfekten Taucherlebnisses im Roten Meer. Kontaktieren Sie uns jederzeit.<\/p><p data-start=\"554\" data-end=\"568\">\u00a0<\/p><\/div><\/div>\n        <\/section>\t\t\t\t<\/div>\n\t\t\t\t<\/div>\n\t\t\t\t<div class=\"elementor-element elementor-element-275e2ba elementor-widget elementor-widget-shortcode\" data-id=\"275e2ba\" data-element_type=\"widget\" data-e-type=\"widget\" data-widget_type=\"shortcode.default\">\n\t\t\t\t<div class=\"elementor-widget-container\">\n\t\t\t\t\t\t\t<div class=\"elementor-shortcode\">\n<div class=\"wpcf7 no-js\" id=\"wpcf7-f18-o1\" lang=\"en-GB\" dir=\"ltr\" data-wpcf7-id=\"18\">\n<div class=\"screen-reader-response\"><p role=\"status\" aria-live=\"polite\" aria-atomic=\"true\"><\/p> <ul><\/ul><\/div>\n<form action=\"\/de\/wp-json\/wp\/v2\/pages\/63#wpcf7-f18-o1\" method=\"post\" class=\"wpcf7-form init\" aria-label=\"Contact form\" novalidate=\"novalidate\" data-status=\"init\" data-trp-original-action=\"\/de\/wp-json\/wp\/v2\/pages\/63#wpcf7-f18-o1\">\n<fieldset class=\"hidden-fields-container\"><input type=\"hidden\" name=\"_wpcf7\" value=\"18\" \/><input type=\"hidden\" name=\"_wpcf7_version\" value=\"6.1.5\" \/><input type=\"hidden\" name=\"_wpcf7_locale\" value=\"en_GB\" \/><input type=\"hidden\" name=\"_wpcf7_unit_tag\" value=\"wpcf7-f18-o1\" \/><input type=\"hidden\" name=\"_wpcf7_container_post\" value=\"0\" \/><input type=\"hidden\" name=\"_wpcf7_posted_data_hash\" value=\"\" \/>\n<\/fieldset>\n<p><label> Ihr Name<br \/>\n<span class=\"wpcf7-form-control-wrap\" data-name=\"your-name\"><input size=\"40\" maxlength=\"400\" class=\"wpcf7-form-control wpcf7-text wpcf7-validates-as-required\" autocomplete=\"name\" aria-required=\"true\" aria-invalid=\"false\" value=\"\" type=\"text\" name=\"your-name\" \/><\/span> <\/label>\n<\/p>\n<p><label> Ihre E-Mail<br \/>\n<span class=\"wpcf7-form-control-wrap\" data-name=\"your-email\"><input size=\"40\" maxlength=\"400\" class=\"wpcf7-form-control wpcf7-email wpcf7-validates-as-required wpcf7-text wpcf7-validates-as-email\" autocomplete=\"email\" aria-required=\"true\" aria-invalid=\"false\" value=\"\" type=\"email\" name=\"your-email\" \/><\/span> <\/label>\n<\/p>\n<p><label> Thema<br \/>\n<span class=\"wpcf7-form-control-wrap\" data-name=\"your-subject\"><input size=\"40\" maxlength=\"400\" class=\"wpcf7-form-control wpcf7-text wpcf7-validates-as-required\" aria-required=\"true\" aria-invalid=\"false\" value=\"\" type=\"text\" name=\"your-subject\" \/><\/span> <\/label>\n<\/p>\n<p><label> Ihre Nachricht (optional)<br \/>\n<span class=\"wpcf7-form-control-wrap\" data-name=\"your-message\"><textarea cols=\"40\" rows=\"10\" maxlength=\"2000\" class=\"wpcf7-form-control wpcf7-textarea\" aria-invalid=\"false\" name=\"your-message\"><\/textarea><\/span> <\/label>\n<\/p>\n<p><input class=\"wpcf7-form-control wpcf7-submit has-spinner\" type=\"submit\" value=\"Einreichen\" \/>\n<\/p><div class=\"wpcf7-response-output\" aria-hidden=\"true\"><\/div>\n<input type=\"hidden\" name=\"trp-form-language\" value=\"de\"\/><\/form>\n<\/div>\n<\/div>\n\t\t\t\t\t\t<\/div>\n\t\t\t\t<\/div>\n\t\t\t\t<\/div>\n\t\t<div class=\"elementor-element elementor-element-4e68ccf e-con-full e-flex e-con e-child\" data-id=\"4e68ccf\" data-element_type=\"container\" data-e-type=\"container\" data-settings=\"{&quot;background_background&quot;:&quot;classic&quot;}\">\n\t\t\t\t<div class=\"elementor-element elementor-element-147b43f elementor-widget elementor-widget-spacer\" data-id=\"147b43f\" data-element_type=\"widget\" data-e-type=\"widget\" data-widget_type=\"spacer.default\">\n\t\t\t\t<div class=\"elementor-widget-container\">\n\t\t\t\t\t\t\t<div class=\"elementor-spacer\">\n\t\t\t<div class=\"elementor-spacer-inner\"><\/div>\n\t\t<\/div>\n\t\t\t\t\t\t<\/div>\n\t\t\t\t<\/div>\n\t\t<div class=\"elementor-element elementor-element-cb0e18f e-con-full e-flex e-con e-child\" data-id=\"cb0e18f\" data-element_type=\"container\" data-e-type=\"container\">\n\t\t<div class=\"elementor-element elementor-element-5dc9d20 aux-appear-watch-animation aux-fade-in-right e-con-full e-flex e-con e-child\" data-id=\"5dc9d20\" data-element_type=\"container\" data-e-type=\"container\">\n\t\t\t\t<div class=\"elementor-element elementor-element-3119a50 elementor-widget-divider--view-line elementor-widget elementor-widget-divider\" data-id=\"3119a50\" data-element_type=\"widget\" data-e-type=\"widget\" data-widget_type=\"divider.default\">\n\t\t\t\t<div class=\"elementor-widget-container\">\n\t\t\t\t\t\t\t<div class=\"elementor-divider\">\n\t\t\t<span class=\"elementor-divider-separator\">\n\t\t\t\t\t\t<\/span>\n\t\t<\/div>\n\t\t\t\t\t\t<\/div>\n\t\t\t\t<\/div>\n\t\t\t\t<div class=\"elementor-element elementor-element-c7834b5 elementor-widget elementor-widget-aux_icon_list\" data-id=\"c7834b5\" data-element_type=\"widget\" data-e-type=\"widget\" data-widget_type=\"aux_icon_list.default\">\n\t\t\t\t<div class=\"elementor-widget-container\">\n\t\t\t\t\t<section class=\"widget-container aux-widget-icon-list aux-parent-au30bfb5dd\"><div class=\"widget-inner\"><div class=\"aux-widget-icon-list-inner\"><ul class=\"aux-icon-list-items aux-direction-default aux-icon-list-divider\"><li class=\"aux-icon-list-item aux-list-item-has-icon aux-icon-list-item-be92d17 elementor-repeater-item-be92d17\"><span class=\"aux-icon-list-text\">Telefon<\/span><span class=\"aux-icon-list-text2\">+20 1040200325<\/span><\/li><li class=\"aux-icon-list-item aux-list-item-has-icon aux-icon-list-item-a2f637e elementor-repeater-item-a2f637e\"><span class=\"aux-icon-list-text\">Email :<\/span><span class=\"aux-icon-list-text2\">info@scubadiveredsea.com<\/span><\/li><\/ul><\/div><\/div><\/section><!-- widget-container -->\t\t\t\t<\/div>\n\t\t\t\t<\/div>\n\t\t\t\t<div class=\"elementor-element elementor-element-1ba31fd elementor-widget-divider--view-line elementor-widget elementor-widget-divider\" data-id=\"1ba31fd\" data-element_type=\"widget\" data-e-type=\"widget\" data-widget_type=\"divider.default\">\n\t\t\t\t<div class=\"elementor-widget-container\">\n\t\t\t\t\t\t\t<div class=\"elementor-divider\">\n\t\t\t<span class=\"elementor-divider-separator\">\n\t\t\t\t\t\t<\/span>\n\t\t<\/div>\n\t\t\t\t\t\t<\/div>\n\t\t\t\t<\/div>\n\t\t\t\t<\/div>\n\t\t<div class=\"elementor-element elementor-element-d1ceee1 e-con-full e-flex e-con e-child\" data-id=\"d1ceee1\" data-element_type=\"container\" data-e-type=\"container\">\n\t\t\t\t<div class=\"elementor-element elementor-element-048b8e3 elementor-widget-divider--view-line elementor-widget elementor-widget-divider\" data-id=\"048b8e3\" data-element_type=\"widget\" data-e-type=\"widget\" data-widget_type=\"divider.default\">\n\t\t\t\t<div class=\"elementor-widget-container\">\n\t\t\t\t\t\t\t<div class=\"elementor-divider\">\n\t\t\t<span class=\"elementor-divider-separator\">\n\t\t\t\t\t\t<\/span>\n\t\t<\/div>\n\t\t\t\t\t\t<\/div>\n\t\t\t\t<\/div>\n\t\t\t\t<div class=\"elementor-element elementor-element-b03434c aux-appear-watch-animation aux-fade-in-right elementor-widget elementor-widget-aux_icon_list\" data-id=\"b03434c\" data-element_type=\"widget\" data-e-type=\"widget\" data-widget_type=\"aux_icon_list.default\">\n\t\t\t\t<div class=\"elementor-widget-container\">\n\t\t\t\t\t<section class=\"widget-container aux-widget-icon-list aux-parent-aueac9e3cd\"><div class=\"widget-inner\"><div class=\"aux-widget-icon-list-inner\"><ul class=\"aux-icon-list-items aux-direction-default aux-icon-list-divider\"><li class=\"aux-icon-list-item aux-list-item-has-icon aux-icon-list-item-a2f637e elementor-repeater-item-a2f637e\"><span class=\"aux-icon-list-text\">Stadt :<\/span><span class=\"aux-icon-list-text2\">Hurghada<\/span><\/li><li class=\"aux-icon-list-item aux-list-item-has-icon aux-icon-list-item-5d1c5a8 elementor-repeater-item-5d1c5a8\"><span class=\"aux-icon-list-text\">Arbeitstage :<\/span><span class=\"aux-icon-list-text2\">Die ganze Woche<\/span><\/li><\/ul><\/div><\/div><\/section><!-- widget-container -->\t\t\t\t<\/div>\n\t\t\t\t<\/div>\n\t\t\t\t<div class=\"elementor-element elementor-element-ef090cb elementor-hidden-mobile elementor-widget-divider--view-line elementor-widget elementor-widget-divider\" data-id=\"ef090cb\" data-element_type=\"widget\" data-e-type=\"widget\" data-widget_type=\"divider.default\">\n\t\t\t\t<div class=\"elementor-widget-container\">\n\t\t\t\t\t\t\t<div class=\"elementor-divider\">\n\t\t\t<span class=\"elementor-divider-separator\">\n\t\t\t\t\t\t<\/span>\n\t\t<\/div>\n\t\t\t\t\t\t<\/div>\n\t\t\t\t<\/div>\n\t\t\t\t<\/div>\n\t\t\t\t<\/div>\n\t\t\t\t<\/div>\n\t\t\t\t\t<\/div>\n\t\t\t\t<\/div>\n\t\t\t\t<\/div>","protected":false},"excerpt":{"rendered":"<p>scuba dive red sea Let\u2019s Plan Your Red Sea Dive We are a professional scuba diving center based in the Red Sea, offering safe, guided, and unforgettable diving experiences. Whether you are a beginner trying scuba diving for the first time or a certified diver looking for advanced dives, our experienced team is here to [&hellip;]<\/p>\n","protected":false},"author":1,"featured_media":0,"parent":0,"menu_order":0,"comment_status":"closed","ping_status":"closed","template":"templates\/page-builder-content.php","meta":{"footnotes":""},"class_list":["post-63","page","type-page","status-publish","hentry"],"yoast_head":"<!-- This site is optimized with the Yoast SEO plugin v27.4 - https:\/\/yoast.com\/product\/yoast-seo-wordpress\/ -->\n<title>Contact Us | Scuba Diving Hurghada \u2013 Red Sea Diving Team<\/title>\n<meta name=\"description\" content=\"Contact our Hurghada diving team to book your Red Sea scuba experience. Quick response, beginner-friendly trips, and expert instructors ready to assist you today.\" \/>\n<meta name=\"robots\" content=\"index, follow, max-snippet:-1, max-image-preview:large, max-video-preview:-1\" \/>\n<link rel=\"canonical\" href=\"https:\/\/scubadiveredsea.com\/de\/kontakt\/\" \/>\n<meta property=\"og:locale\" content=\"de_DE\" \/>\n<meta property=\"og:type\" content=\"article\" \/>\n<meta property=\"og:title\" content=\"Contact Us | Scuba Diving Hurghada \u2013 Red Sea Diving Team\" \/>\n<meta property=\"og:description\" content=\"Contact our Hurghada diving team to book your Red Sea scuba experience. Quick response, beginner-friendly trips, and expert instructors ready to assist you today.\" \/>\n<meta property=\"og:url\" content=\"https:\/\/scubadiveredsea.com\/de\/kontakt\/\" \/>\n<meta property=\"article:publisher\" content=\"https:\/\/www.facebook.com\/share\/16QfAbdyxd\/\" \/>\n<meta property=\"article:modified_time\" content=\"2026-03-23T02:51:34+00:00\" \/>\n<meta property=\"og:image\" content=\"https:\/\/scubadiveredsea.com\/wp-content\/uploads\/2026\/02\/ChatGPT-Image-Nov-20-2025-01_22_10-PM-40x27.png\" \/>\n<meta name=\"twitter:card\" content=\"summary_large_image\" \/>\n<meta name=\"twitter:label1\" content=\"Gesch\u00e4tzte Lesezeit\" \/>\n\t<meta name=\"twitter:data1\" content=\"1\u00a0Minute\" \/>\n<script type=\"application\/ld+json\" class=\"yoast-schema-graph\">{\"@context\":\"https:\\\/\\\/schema.org\",\"@graph\":[{\"@type\":\"WebPage\",\"@id\":\"https:\\\/\\\/scubadiveredsea.com\\\/contact-us\\\/\",\"url\":\"https:\\\/\\\/scubadiveredsea.com\\\/contact-us\\\/\",\"name\":\"Contact Us | Scuba Diving Hurghada \u2013 Red Sea Diving Team\",\"isPartOf\":{\"@id\":\"https:\\\/\\\/scubadiveredsea.com\\\/#website\"},\"primaryImageOfPage\":{\"@id\":\"https:\\\/\\\/scubadiveredsea.com\\\/contact-us\\\/#primaryimage\"},\"image\":{\"@id\":\"https:\\\/\\\/scubadiveredsea.com\\\/contact-us\\\/#primaryimage\"},\"thumbnailUrl\":\"https:\\\/\\\/scubadiveredsea.com\\\/wp-content\\\/uploads\\\/2026\\\/02\\\/ChatGPT-Image-Nov-20-2025-01_22_10-PM-40x27.png\",\"datePublished\":\"2019-10-28T16:00:47+00:00\",\"dateModified\":\"2026-03-23T02:51:34+00:00\",\"description\":\"Contact our Hurghada diving team to book your Red Sea scuba experience. Quick response, beginner-friendly trips, and expert instructors ready to assist you today.\",\"breadcrumb\":{\"@id\":\"https:\\\/\\\/scubadiveredsea.com\\\/contact-us\\\/#breadcrumb\"},\"inLanguage\":\"de\",\"potentialAction\":[{\"@type\":\"ReadAction\",\"target\":[\"https:\\\/\\\/scubadiveredsea.com\\\/contact-us\\\/\"]}]},{\"@type\":\"ImageObject\",\"inLanguage\":\"de\",\"@id\":\"https:\\\/\\\/scubadiveredsea.com\\\/contact-us\\\/#primaryimage\",\"url\":\"https:\\\/\\\/scubadiveredsea.com\\\/wp-content\\\/uploads\\\/2026\\\/02\\\/ChatGPT-Image-Nov-20-2025-01_22_10-PM-40x27.png\",\"contentUrl\":\"https:\\\/\\\/scubadiveredsea.com\\\/wp-content\\\/uploads\\\/2026\\\/02\\\/ChatGPT-Image-Nov-20-2025-01_22_10-PM-40x27.png\"},{\"@type\":\"BreadcrumbList\",\"@id\":\"https:\\\/\\\/scubadiveredsea.com\\\/contact-us\\\/#breadcrumb\",\"itemListElement\":[{\"@type\":\"ListItem\",\"position\":1,\"name\":\"Home\",\"item\":\"https:\\\/\\\/scubadiveredsea.com\\\/\"},{\"@type\":\"ListItem\",\"position\":2,\"name\":\"Contact Us\"}]},{\"@type\":\"WebSite\",\"@id\":\"https:\\\/\\\/scubadiveredsea.com\\\/#website\",\"url\":\"https:\\\/\\\/scubadiveredsea.com\\\/\",\"name\":\"scubadiveredsea\",\"description\":\"\",\"publisher\":{\"@id\":\"https:\\\/\\\/scubadiveredsea.com\\\/#organization\"},\"alternateName\":\"scuba dive red sea padi\",\"potentialAction\":[{\"@type\":\"SearchAction\",\"target\":{\"@type\":\"EntryPoint\",\"urlTemplate\":\"https:\\\/\\\/scubadiveredsea.com\\\/?s={search_term_string}\"},\"query-input\":{\"@type\":\"PropertyValueSpecification\",\"valueRequired\":true,\"valueName\":\"search_term_string\"}}],\"inLanguage\":\"de\"},{\"@type\":\"Organization\",\"@id\":\"https:\\\/\\\/scubadiveredsea.com\\\/#organization\",\"name\":\"scuba dive red sea\",\"url\":\"https:\\\/\\\/scubadiveredsea.com\\\/\",\"logo\":{\"@type\":\"ImageObject\",\"inLanguage\":\"de\",\"@id\":\"https:\\\/\\\/scubadiveredsea.com\\\/#\\\/schema\\\/logo\\\/image\\\/\",\"url\":\"https:\\\/\\\/scubadiveredsea.com\\\/wp-content\\\/uploads\\\/2026\\\/03\\\/cropped-Untitled-design.png\",\"contentUrl\":\"https:\\\/\\\/scubadiveredsea.com\\\/wp-content\\\/uploads\\\/2026\\\/03\\\/cropped-Untitled-design.png\",\"width\":1842,\"height\":1517,\"caption\":\"scuba dive red sea\"},\"image\":{\"@id\":\"https:\\\/\\\/scubadiveredsea.com\\\/#\\\/schema\\\/logo\\\/image\\\/\"},\"sameAs\":[\"https:\\\/\\\/www.facebook.com\\\/share\\\/16QfAbdyxd\\\/\",\"https:\\\/\\\/www.instagram.com\\\/scubadiveredsea\\\/\"]}]}<\/script>\n<!-- \/ Yoast SEO plugin. -->","yoast_head_json":{"title":"Contact Us | Scuba Diving Hurghada \u2013 Red Sea Diving Team","description":"Contact our Hurghada diving team to book your Red Sea scuba experience. Quick response, beginner-friendly trips, and expert instructors ready to assist you today.","robots":{"index":"index","follow":"follow","max-snippet":"max-snippet:-1","max-image-preview":"max-image-preview:large","max-video-preview":"max-video-preview:-1"},"canonical":"https:\/\/scubadiveredsea.com\/de\/kontakt\/","og_locale":"de_DE","og_type":"article","og_title":"Contact Us | Scuba Diving Hurghada \u2013 Red Sea Diving Team","og_description":"Contact our Hurghada diving team to book your Red Sea scuba experience. Quick response, beginner-friendly trips, and expert instructors ready to assist you today.","og_url":"https:\/\/scubadiveredsea.com\/de\/kontakt\/","article_publisher":"https:\/\/www.facebook.com\/share\/16QfAbdyxd\/","article_modified_time":"2026-03-23T02:51:34+00:00","og_image":[{"url":"https:\/\/scubadiveredsea.com\/wp-content\/uploads\/2026\/02\/ChatGPT-Image-Nov-20-2025-01_22_10-PM-40x27.png","type":"","width":"","height":""}],"twitter_card":"summary_large_image","twitter_misc":{"Gesch\u00e4tzte Lesezeit":"1\u00a0Minute"},"schema":{"@context":"https:\/\/schema.org","@graph":[{"@type":"WebPage","@id":"https:\/\/scubadiveredsea.com\/contact-us\/","url":"https:\/\/scubadiveredsea.com\/contact-us\/","name":"Contact Us | Scuba Diving Hurghada \u2013 Red Sea Diving Team","isPartOf":{"@id":"https:\/\/scubadiveredsea.com\/#website"},"primaryImageOfPage":{"@id":"https:\/\/scubadiveredsea.com\/contact-us\/#primaryimage"},"image":{"@id":"https:\/\/scubadiveredsea.com\/contact-us\/#primaryimage"},"thumbnailUrl":"https:\/\/scubadiveredsea.com\/wp-content\/uploads\/2026\/02\/ChatGPT-Image-Nov-20-2025-01_22_10-PM-40x27.png","datePublished":"2019-10-28T16:00:47+00:00","dateModified":"2026-03-23T02:51:34+00:00","description":"Contact our Hurghada diving team to book your Red Sea scuba experience. Quick response, beginner-friendly trips, and expert instructors ready to assist you today.","breadcrumb":{"@id":"https:\/\/scubadiveredsea.com\/contact-us\/#breadcrumb"},"inLanguage":"de","potentialAction":[{"@type":"ReadAction","target":["https:\/\/scubadiveredsea.com\/contact-us\/"]}]},{"@type":"ImageObject","inLanguage":"de","@id":"https:\/\/scubadiveredsea.com\/contact-us\/#primaryimage","url":"https:\/\/scubadiveredsea.com\/wp-content\/uploads\/2026\/02\/ChatGPT-Image-Nov-20-2025-01_22_10-PM-40x27.png","contentUrl":"https:\/\/scubadiveredsea.com\/wp-content\/uploads\/2026\/02\/ChatGPT-Image-Nov-20-2025-01_22_10-PM-40x27.png"},{"@type":"BreadcrumbList","@id":"https:\/\/scubadiveredsea.com\/contact-us\/#breadcrumb","itemListElement":[{"@type":"ListItem","position":1,"name":"Home","item":"https:\/\/scubadiveredsea.com\/"},{"@type":"ListItem","position":2,"name":"Contact Us"}]},{"@type":"WebSite","@id":"https:\/\/scubadiveredsea.com\/#website","url":"https:\/\/scubadiveredsea.com\/","name":"scubadiveredsea","description":"","publisher":{"@id":"https:\/\/scubadiveredsea.com\/#organization"},"alternateName":"scuba dive red sea padi","potentialAction":[{"@type":"SearchAction","target":{"@type":"EntryPoint","urlTemplate":"https:\/\/scubadiveredsea.com\/?s={search_term_string}"},"query-input":{"@type":"PropertyValueSpecification","valueRequired":true,"valueName":"search_term_string"}}],"inLanguage":"de"},{"@type":"Organization","@id":"https:\/\/scubadiveredsea.com\/#organization","name":"scuba dive red sea","url":"https:\/\/scubadiveredsea.com\/","logo":{"@type":"ImageObject","inLanguage":"de","@id":"https:\/\/scubadiveredsea.com\/#\/schema\/logo\/image\/","url":"https:\/\/scubadiveredsea.com\/wp-content\/uploads\/2026\/03\/cropped-Untitled-design.png","contentUrl":"https:\/\/scubadiveredsea.com\/wp-content\/uploads\/2026\/03\/cropped-Untitled-design.png","width":1842,"height":1517,"caption":"scuba dive red sea"},"image":{"@id":"https:\/\/scubadiveredsea.com\/#\/schema\/logo\/image\/"},"sameAs":["https:\/\/www.facebook.com\/share\/16QfAbdyxd\/","https:\/\/www.instagram.com\/scubadiveredsea\/"]}]}},"_hostinger_reach_plugin_has_subscription_block":false,"_hostinger_reach_plugin_is_elementor":false,"_links":{"self":[{"href":"https:\/\/scubadiveredsea.com\/de\/wp-json\/wp\/v2\/pages\/63","targetHints":{"allow":["GET"]}}],"collection":[{"href":"https:\/\/scubadiveredsea.com\/de\/wp-json\/wp\/v2\/pages"}],"about":[{"href":"https:\/\/scubadiveredsea.com\/de\/wp-json\/wp\/v2\/types\/page"}],"author":[{"embeddable":true,"href":"https:\/\/scubadiveredsea.com\/de\/wp-json\/wp\/v2\/users\/1"}],"replies":[{"embeddable":true,"href":"https:\/\/scubadiveredsea.com\/de\/wp-json\/wp\/v2\/comments?post=63"}],"version-history":[{"count":45,"href":"https:\/\/scubadiveredsea.com\/de\/wp-json\/wp\/v2\/pages\/63\/revisions"}],"predecessor-version":[{"id":511,"href":"https:\/\/scubadiveredsea.com\/de\/wp-json\/wp\/v2\/pages\/63\/revisions\/511"}],"wp:attachment":[{"href":"https:\/\/scubadiveredsea.com\/de\/wp-json\/wp\/v2\/media?parent=63"}],"curies":[{"name":"wp","href":"https:\/\/api.w.org\/{rel}","templated":true}]}}