{"id":217,"date":"2026-02-08T02:36:22","date_gmt":"2026-02-08T02:36:22","guid":{"rendered":"https:\/\/scubadiveredsea.com\/?page_id=217"},"modified":"2026-04-10T03:36:03","modified_gmt":"2026-04-10T03:36:03","slug":"a-propos-de-nous","status":"publish","type":"page","link":"https:\/\/scubadiveredsea.com\/fr\/about-us\/","title":{"rendered":"\u00c0 propos de nous"},"content":{"rendered":"<div data-elementor-type=\"wp-page\" data-elementor-id=\"217\" class=\"elementor elementor-217\" data-elementor-post-type=\"page\">\n\t\t\t\t<div class=\"aux-parallax-section elementor-element elementor-element-8be48e4 e-flex e-con-boxed e-con e-parent\" data-id=\"8be48e4\" data-element_type=\"container\" data-e-type=\"container\" data-settings=\"{&quot;background_background&quot;:&quot;classic&quot;}\">\n\t\t\t\t\t<div class=\"e-con-inner\">\n\t\t\t\t<div class=\"elementor-element elementor-element-70ae7cb elementor-widget elementor-widget-heading\" data-id=\"70ae7cb\" data-element_type=\"widget\" data-e-type=\"widget\" data-widget_type=\"heading.default\">\n\t\t\t\t<div class=\"elementor-widget-container\">\n\t\t\t\t\t<h2 class=\"elementor-heading-title elementor-size-default\">\u00c0 propos de nous<\/h2>\t\t\t\t<\/div>\n\t\t\t\t<\/div>\n\t\t\t\t\t<\/div>\n\t\t\t\t<\/div>\n\t\t<div class=\"aux-parallax-section elementor-element elementor-element-e9b3367 e-flex e-con-boxed e-con e-parent\" data-id=\"e9b3367\" data-element_type=\"container\" data-e-type=\"container\">\n\t\t\t\t\t<div class=\"e-con-inner\">\n\t\t<div class=\"elementor-element elementor-element-9f5a360 e-con-full e-flex e-con e-child\" data-id=\"9f5a360\" data-element_type=\"container\" data-e-type=\"container\" data-settings=\"{&quot;background_background&quot;:&quot;classic&quot;}\">\n\t\t\t\t<div class=\"elementor-element elementor-element-275a869 aux-appear-watch-animation aux-fade-in-up elementor-widget elementor-widget-aux_modern_heading\" data-id=\"275a869\" data-element_type=\"widget\" data-e-type=\"widget\" data-widget_type=\"aux_modern_heading.default\">\n\t\t\t\t<div class=\"elementor-widget-container\">\n\t\t\t\t\t<section class=\"aux-widget-modern-heading\">\n            <div class=\"aux-widget-inner\"><h2 class=\"aux-modern-heading-primary\">D\u00e9couvrez qui nous sommes, ce que nous faisons et pourquoi les plongeurs nous font confiance en mer Rouge.<\/h2><div class=\"aux-modern-heading-description\"><p data-start=\"467\" data-end=\"758\">Scuba Dive Red Sea est un centre de plong\u00e9e professionnel qui se consacre \u00e0 offrir des exp\u00e9riences sous-marines s\u00fbres, passionnantes et inoubliables. Situ\u00e9 au c\u0153ur de la mer Rouge, nous sommes sp\u00e9cialis\u00e9s dans les plong\u00e9es guid\u00e9es, les cours de plong\u00e9e et les aventures sous-marines personnalis\u00e9es pour les plongeurs de tous niveaux. Que vous d\u00e9couvriez la plong\u00e9e pour la premi\u00e8re fois ou que vous soyez un plongeur certifi\u00e9 \u00e0 la recherche de plong\u00e9es plus techniques, notre \u00e9quipe est l\u00e0 pour faire de chaque plong\u00e9e un moment agr\u00e9able, s\u00fbr et m\u00e9morable.<\/p><\/div><\/div>\n        <\/section>\t\t\t\t<\/div>\n\t\t\t\t<\/div>\n\t\t\t\t<\/div>\n\t\t<div class=\"elementor-element elementor-element-01f75ee e-con-full e-flex e-con e-child\" data-id=\"01f75ee\" data-element_type=\"container\" data-e-type=\"container\" data-settings=\"{&quot;background_background&quot;:&quot;classic&quot;}\">\n\t\t\t\t<div class=\"elementor-element elementor-element-ece4cde aux-appear-watch-animation aux-fade-in-up elementor-widget elementor-widget-aux_image\" data-id=\"ece4cde\" data-element_type=\"widget\" data-e-type=\"widget\" data-widget_type=\"aux_image.default\">\n\t\t\t\t<div class=\"elementor-widget-container\">\n\t\t\t\t\t<section class=\"widget-container aux-widget-image aux-alignnone aux-parent-au92e82fe4\">\n    <div class=\"aux-media-hint-frame\">\n        <div class=\"aux-media-image\" >\n        \n            \n\n            \n            <img fetchpriority=\"high\" decoding=\"async\" width=\"2560\" height=\"1707\" src=\"https:\/\/scubadiveredsea.com\/wp-content\/uploads\/2026\/02\/pexels-muhammed-ozel-1863697920-28584677-scaled.jpg\" class=\"aux-attachment aux-featured-image aux-attachment-id-231\" alt=\"pexels-muhammed-ozel-1863697920-28584677\" data-ratio=\"1.5\" data-original-w=\"2560\" \/>            \n                <\/div>\n    <\/div>\n\n<\/section><!-- widget-container -->\t\t\t\t<\/div>\n\t\t\t\t<\/div>\n\t\t\t\t<\/div>\n\t\t\t\t\t<\/div>\n\t\t\t\t<\/div>\n\t\t<div class=\"aux-parallax-section elementor-element elementor-element-9183b6e e-flex e-con-boxed e-con e-parent\" data-id=\"9183b6e\" data-element_type=\"container\" data-e-type=\"container\">\n\t\t\t\t\t<div class=\"e-con-inner\">\n\t\t<div class=\"elementor-element elementor-element-a26e00c e-con-full e-flex e-con e-child\" data-id=\"a26e00c\" data-element_type=\"container\" data-e-type=\"container\">\n\t\t<div class=\"elementor-element elementor-element-ebd4b35 e-con-full e-flex e-con e-child\" data-id=\"ebd4b35\" data-element_type=\"container\" data-e-type=\"container\">\n\t\t\t\t<div class=\"elementor-element elementor-element-2298833 aux-appear-watch-animation aux-fade-in-up elementor-widget elementor-widget-aux_modern_heading\" data-id=\"2298833\" data-element_type=\"widget\" data-e-type=\"widget\" data-widget_type=\"aux_modern_heading.default\">\n\t\t\t\t<div class=\"elementor-widget-container\">\n\t\t\t\t\t<section class=\"aux-widget-modern-heading\">\n            <div class=\"aux-widget-inner\"><h2 class=\"aux-modern-heading-primary\">Pourquoi choisir la plong\u00e9e sous-marine en mer Rouge ?<\/h2><div class=\"aux-modern-heading-description\"><ul data-start=\"1348\" data-end=\"1614\"><li data-start=\"1348\" data-end=\"1394\"><p data-start=\"1350\" data-end=\"1394\">Instructeurs certifi\u00e9s et exp\u00e9riment\u00e9s<\/p><\/li><li data-start=\"1395\" data-end=\"1445\"><p data-start=\"1397\" data-end=\"1445\">Programmes de plong\u00e9e adapt\u00e9s aux d\u00e9butants et aux plongeurs confirm\u00e9s<\/p><\/li><li data-start=\"1446\" data-end=\"1490\"><p data-start=\"1448\" data-end=\"1490\">Plong\u00e9es en petit groupe pour un accompagnement personnalis\u00e9<\/p><\/li><li data-start=\"1491\" data-end=\"1525\"><p data-start=\"1493\" data-end=\"1525\">Sites de plong\u00e9e de classe mondiale en mer Rouge<\/p><\/li><li data-start=\"1526\" data-end=\"1564\"><p data-start=\"1528\" data-end=\"1564\">L'accent est fortement mis sur la s\u00e9curit\u00e9 et le confort.<\/p><\/li><li data-start=\"1565\" data-end=\"1614\"><p data-start=\"1567\" data-end=\"1614\">Leidenschaft f\u00fcr Meereslebewesen und Riffschutz<\/p><\/li><\/ul><\/div><\/div>\n        <\/section>\t\t\t\t<\/div>\n\t\t\t\t<\/div>\n\t\t\t\t<\/div>\n\t\t\t\t<\/div>\n\t\t<div class=\"elementor-element elementor-element-9c4602d e-con-full e-flex e-con e-child\" data-id=\"9c4602d\" data-element_type=\"container\" data-e-type=\"container\">\n\t\t<div class=\"elementor-element elementor-element-6c21315 e-con-full e-flex e-con e-child\" data-id=\"6c21315\" data-element_type=\"container\" data-e-type=\"container\">\n\t\t\t\t<div class=\"elementor-element elementor-element-f975a0c aux-appear-watch-animation aux-fade-in-up elementor-widget elementor-widget-aux_modern_heading\" data-id=\"f975a0c\" data-element_type=\"widget\" data-e-type=\"widget\" data-widget_type=\"aux_modern_heading.default\">\n\t\t\t\t<div class=\"elementor-widget-container\">\n\t\t\t\t\t<section class=\"aux-widget-modern-heading\">\n            <div class=\"aux-widget-inner\"><h2 class=\"aux-modern-heading-primary\">Notre mission<\/h2><div class=\"aux-modern-heading-description\"><p data-start=\"1005\" data-end=\"1268\">Notre mission est de partager la beaut\u00e9 de la mer Rouge tout en respectant les normes les plus strictes en mati\u00e8re de s\u00e9curit\u00e9, de professionnalisme et de responsabilit\u00e9 environnementale. Nous avons pour objectif de cr\u00e9er des exp\u00e9riences de plong\u00e9e uniques, respectueuses de la vie marine, et de laisser des souvenirs inoubliables \u00e0 chaque plongeur.<\/p><\/div><\/div>\n        <\/section>\t\t\t\t<\/div>\n\t\t\t\t<\/div>\n\t\t\t\t<\/div>\n\t\t\t\t<\/div>\n\t\t<div class=\"elementor-element elementor-element-dcdd41a e-con-full e-flex e-con e-child\" data-id=\"dcdd41a\" data-element_type=\"container\" data-e-type=\"container\">\n\t\t<div class=\"elementor-element elementor-element-a1c03e1 e-con-full e-flex e-con e-child\" data-id=\"a1c03e1\" data-element_type=\"container\" data-e-type=\"container\">\n\t\t\t\t<div class=\"elementor-element elementor-element-92b1554 aux-appear-watch-animation aux-fade-in-up elementor-widget elementor-widget-aux_modern_heading\" data-id=\"92b1554\" data-element_type=\"widget\" data-e-type=\"widget\" data-widget_type=\"aux_modern_heading.default\">\n\t\t\t\t<div class=\"elementor-widget-container\">\n\t\t\t\t\t<section class=\"aux-widget-modern-heading\">\n            <div class=\"aux-widget-inner\"><h2 class=\"aux-modern-heading-primary\">Plong\u00e9e \u00e0 tous les niveaux<\/h2><div class=\"aux-modern-heading-description\"><p data-start=\"1698\" data-end=\"1967\">Nous proposons un large \u00e9ventail de cours et d'exp\u00e9riences de plong\u00e9e sous-marine, des bapt\u00eames de plong\u00e9e aux certifications avanc\u00e9es. Tous nos cours respectent les normes internationales de plong\u00e9e et sont dispens\u00e9s par des moniteurs qualifi\u00e9s, passionn\u00e9s par l'enseignement et l'exploration sous-marine.<\/p><p data-start=\"1698\" data-end=\"1967\">Nos sorties de plong\u00e9e sont soigneusement planifi\u00e9es pour s'adapter \u00e0 diff\u00e9rents niveaux de comp\u00e9tence tout en mettant en valeur l'incroyable biodiversit\u00e9 de la mer Rouge.<\/p><\/div><\/div>\n        <\/section>\t\t\t\t<\/div>\n\t\t\t\t<\/div>\n\t\t\t\t<\/div>\n\t\t\t\t<\/div>\n\t\t<div class=\"elementor-element elementor-element-0d7a73e e-con-full e-flex e-con e-child\" data-id=\"0d7a73e\" data-element_type=\"container\" data-e-type=\"container\">\n\t\t<div class=\"elementor-element elementor-element-6643375 e-con-full e-flex e-con e-child\" data-id=\"6643375\" data-element_type=\"container\" data-e-type=\"container\">\n\t\t\t\t<div class=\"elementor-element elementor-element-46f0fe9 aux-appear-watch-animation aux-fade-in-up elementor-widget elementor-widget-aux_modern_heading\" data-id=\"46f0fe9\" data-element_type=\"widget\" data-e-type=\"widget\" data-widget_type=\"aux_modern_heading.default\">\n\t\t\t\t<div class=\"elementor-widget-container\">\n\t\t\t\t\t<section class=\"aux-widget-modern-heading\">\n            <div class=\"aux-widget-inner\"><h2 class=\"aux-modern-heading-primary\">La s\u00e9curit\u00e9 avant tout<\/h2><div class=\"aux-modern-heading-description\"><p data-start=\"2178\" data-end=\"2446\">Votre s\u00e9curit\u00e9 est notre priorit\u00e9 absolue. Nous utilisons du mat\u00e9riel de haute qualit\u00e9, respectons des proc\u00e9dures de s\u00e9curit\u00e9 strictes et veillons \u00e0 ce que chaque plong\u00e9e soit correctement encadr\u00e9e. Notre \u00e9quipe est form\u00e9e pour g\u00e9rer toutes les situations avec calme et professionnalisme, vous permettant ainsi de vous d\u00e9tendre et de profiter pleinement de votre plong\u00e9e.<\/p><p data-start=\"1698\" data-end=\"1967\">Nos sorties de plong\u00e9e sont soigneusement planifi\u00e9es pour s'adapter \u00e0 diff\u00e9rents niveaux de comp\u00e9tence tout en mettant en valeur l'incroyable biodiversit\u00e9 de la mer Rouge.<\/p><\/div><\/div>\n        <\/section>\t\t\t\t<\/div>\n\t\t\t\t<\/div>\n\t\t\t\t<\/div>\n\t\t\t\t<\/div>\n\t\t\t\t\t<\/div>\n\t\t\t\t<\/div>\n\t\t<div class=\"aux-parallax-section elementor-element elementor-element-b2d056d e-flex e-con-boxed e-con e-parent\" data-id=\"b2d056d\" data-element_type=\"container\" data-e-type=\"container\">\n\t\t\t\t\t<div class=\"e-con-inner\">\n\t\t\t\t<div class=\"elementor-element elementor-element-861fd9c elementor-widget elementor-widget-heading\" data-id=\"861fd9c\" data-element_type=\"widget\" data-e-type=\"widget\" data-widget_type=\"heading.default\">\n\t\t\t\t<div class=\"elementor-widget-container\">\n\t\t\t\t\t<h2 class=\"elementor-heading-title elementor-size-default\">Pr\u00eats \u00e0 plonger avec nous ?<\/h2>\t\t\t\t<\/div>\n\t\t\t\t<\/div>\n\t\t\t\t<div class=\"elementor-element elementor-element-254cb6f elementor-widget elementor-widget-text-editor\" data-id=\"254cb6f\" data-element_type=\"widget\" data-e-type=\"widget\" data-widget_type=\"text-editor.default\">\n\t\t\t\t<div class=\"elementor-widget-container\">\n\t\t\t\t\t\t\t\t\t<p data-start=\"2519\" data-end=\"2597\">Rejoignez-nous et explorez l'un des plus beaux mondes sous-marins de la plan\u00e8te.<\/p>\t\t\t\t\t\t\t\t<\/div>\n\t\t\t\t<\/div>\n\t\t\t\t\t<\/div>\n\t\t\t\t<\/div>\n\t\t<div class=\"aux-parallax-section elementor-element elementor-element-6aed302 e-flex e-con-boxed e-con e-parent\" data-id=\"6aed302\" data-element_type=\"container\" data-e-type=\"container\">\n\t\t\t\t\t<div class=\"e-con-inner\">\n\t\t<div class=\"elementor-element elementor-element-5d3bb60 e-con-full e-flex e-con e-child\" data-id=\"5d3bb60\" data-element_type=\"container\" data-e-type=\"container\">\n\t\t\t\t<div class=\"elementor-element elementor-element-ed1ff7f aux-appear-watch-animation aux-fade-in elementor-widget elementor-widget-aux_button\" data-id=\"ed1ff7f\" data-element_type=\"widget\" data-e-type=\"widget\" data-widget_type=\"aux_button.default\">\n\t\t\t\t<div class=\"elementor-widget-container\">\n\t\t\t\t\t<a  href=\"https:\/\/scubadiveredsea.com\/fr\/our-services\/\" target=\"_self\"   class=\"aux-button aux-large aux-brick-red aux-curve aux-none\" ><span class=\"aux-overlay\"><\/span><span class=\"aux-text\">R\u00e9servez votre plong\u00e9e<\/span><\/a>\t\t\t\t<\/div>\n\t\t\t\t<\/div>\n\t\t\t\t<\/div>\n\t\t<div class=\"elementor-element elementor-element-fcda6af e-con-full e-flex e-con e-child\" data-id=\"fcda6af\" data-element_type=\"container\" data-e-type=\"container\">\n\t\t\t\t<div class=\"elementor-element elementor-element-cd453d1 aux-appear-watch-animation aux-fade-in elementor-widget elementor-widget-aux_button\" data-id=\"cd453d1\" data-element_type=\"widget\" data-e-type=\"widget\" data-widget_type=\"aux_button.default\">\n\t\t\t\t<div class=\"elementor-widget-container\">\n\t\t\t\t\t<a  href=\"https:\/\/scubadiveredsea.com\/fr\/contact-us\/\" target=\"_self\"   class=\"aux-button aux-large aux-brick-red aux-curve aux-none\" ><span class=\"aux-overlay\"><\/span><span class=\"aux-text\">Contactez notre \u00e9quipe de plong\u00e9e<\/span><\/a>\t\t\t\t<\/div>\n\t\t\t\t<\/div>\n\t\t\t\t<\/div>\n\t\t\t\t\t<\/div>\n\t\t\t\t<\/div>\n\t\t\t\t<\/div>","protected":false},"excerpt":{"rendered":"<p>About Us Discover who we are, what we do, and why divers trust us in the Red Sea. Scuba Dive Red Sea is a professional scuba diving center dedicated to providing safe, exciting, and unforgettable underwater experiences. Based in the heart of the Red Sea, we specialize in guided dives, diving courses, and personalized diving [&hellip;]<\/p>\n","protected":false},"author":1,"featured_media":0,"parent":0,"menu_order":0,"comment_status":"closed","ping_status":"closed","template":"","meta":{"footnotes":""},"class_list":["post-217","page","type-page","status-publish","hentry"],"yoast_head":"<!-- This site is optimized with the Yoast SEO plugin v27.4 - https:\/\/yoast.com\/product\/yoast-seo-wordpress\/ -->\n<title>About Us | Scuba Diving Hurghada Experts \u2013 Red Sea Diving Team<\/title>\n<meta name=\"description\" content=\"Learn about our professional scuba diving team in Hurghada. Experienced instructors, safe Red Sea diving trips, and beginner-friendly experiences you can trust.\" \/>\n<meta name=\"robots\" content=\"index, follow, max-snippet:-1, max-image-preview:large, max-video-preview:-1\" \/>\n<link rel=\"canonical\" href=\"https:\/\/scubadiveredsea.com\/fr\/a-propos-de-nous\/\" \/>\n<meta property=\"og:locale\" content=\"fr_FR\" \/>\n<meta property=\"og:type\" content=\"article\" \/>\n<meta property=\"og:title\" content=\"About Us | Scuba Diving Hurghada Experts \u2013 Red Sea Diving Team\" \/>\n<meta property=\"og:description\" content=\"Learn about our professional scuba diving team in Hurghada. Experienced instructors, safe Red Sea diving trips, and beginner-friendly experiences you can trust.\" \/>\n<meta property=\"og:url\" content=\"https:\/\/scubadiveredsea.com\/fr\/a-propos-de-nous\/\" \/>\n<meta property=\"article:publisher\" content=\"https:\/\/www.facebook.com\/share\/16QfAbdyxd\/\" \/>\n<meta property=\"article:modified_time\" content=\"2026-04-10T03:36:03+00:00\" \/>\n<meta property=\"og:image\" content=\"https:\/\/scubadiveredsea.com\/wp-content\/uploads\/2026\/02\/pexels-muhammed-ozel-1863697920-28584677-scaled.jpg\" \/>\n<meta name=\"twitter:card\" content=\"summary_large_image\" \/>\n<meta name=\"twitter:label1\" content=\"Dur\u00e9e de lecture estim\u00e9e\" \/>\n\t<meta name=\"twitter:data1\" content=\"2 minutes\" \/>\n<script type=\"application\/ld+json\" class=\"yoast-schema-graph\">{\"@context\":\"https:\\\/\\\/schema.org\",\"@graph\":[{\"@type\":\"WebPage\",\"@id\":\"https:\\\/\\\/scubadiveredsea.com\\\/about-us\\\/\",\"url\":\"https:\\\/\\\/scubadiveredsea.com\\\/about-us\\\/\",\"name\":\"About Us | Scuba Diving Hurghada Experts \u2013 Red Sea Diving Team\",\"isPartOf\":{\"@id\":\"https:\\\/\\\/scubadiveredsea.com\\\/#website\"},\"primaryImageOfPage\":{\"@id\":\"https:\\\/\\\/scubadiveredsea.com\\\/about-us\\\/#primaryimage\"},\"image\":{\"@id\":\"https:\\\/\\\/scubadiveredsea.com\\\/about-us\\\/#primaryimage\"},\"thumbnailUrl\":\"https:\\\/\\\/scubadiveredsea.com\\\/wp-content\\\/uploads\\\/2026\\\/02\\\/pexels-muhammed-ozel-1863697920-28584677-scaled.jpg\",\"datePublished\":\"2026-02-08T02:36:22+00:00\",\"dateModified\":\"2026-04-10T03:36:03+00:00\",\"description\":\"Learn about our professional scuba diving team in Hurghada. Experienced instructors, safe Red Sea diving trips, and beginner-friendly experiences you can trust.\",\"breadcrumb\":{\"@id\":\"https:\\\/\\\/scubadiveredsea.com\\\/about-us\\\/#breadcrumb\"},\"inLanguage\":\"fr-FR\",\"potentialAction\":[{\"@type\":\"ReadAction\",\"target\":[\"https:\\\/\\\/scubadiveredsea.com\\\/about-us\\\/\"]}]},{\"@type\":\"ImageObject\",\"inLanguage\":\"fr-FR\",\"@id\":\"https:\\\/\\\/scubadiveredsea.com\\\/about-us\\\/#primaryimage\",\"url\":\"https:\\\/\\\/scubadiveredsea.com\\\/wp-content\\\/uploads\\\/2026\\\/02\\\/pexels-muhammed-ozel-1863697920-28584677-scaled.jpg\",\"contentUrl\":\"https:\\\/\\\/scubadiveredsea.com\\\/wp-content\\\/uploads\\\/2026\\\/02\\\/pexels-muhammed-ozel-1863697920-28584677-scaled.jpg\"},{\"@type\":\"BreadcrumbList\",\"@id\":\"https:\\\/\\\/scubadiveredsea.com\\\/about-us\\\/#breadcrumb\",\"itemListElement\":[{\"@type\":\"ListItem\",\"position\":1,\"name\":\"Home\",\"item\":\"https:\\\/\\\/scubadiveredsea.com\\\/\"},{\"@type\":\"ListItem\",\"position\":2,\"name\":\"About Us\"}]},{\"@type\":\"WebSite\",\"@id\":\"https:\\\/\\\/scubadiveredsea.com\\\/#website\",\"url\":\"https:\\\/\\\/scubadiveredsea.com\\\/\",\"name\":\"scubadiveredsea\",\"description\":\"\",\"publisher\":{\"@id\":\"https:\\\/\\\/scubadiveredsea.com\\\/#organization\"},\"alternateName\":\"scuba dive red sea padi\",\"potentialAction\":[{\"@type\":\"SearchAction\",\"target\":{\"@type\":\"EntryPoint\",\"urlTemplate\":\"https:\\\/\\\/scubadiveredsea.com\\\/?s={search_term_string}\"},\"query-input\":{\"@type\":\"PropertyValueSpecification\",\"valueRequired\":true,\"valueName\":\"search_term_string\"}}],\"inLanguage\":\"fr-FR\"},{\"@type\":\"Organization\",\"@id\":\"https:\\\/\\\/scubadiveredsea.com\\\/#organization\",\"name\":\"scuba dive red sea\",\"url\":\"https:\\\/\\\/scubadiveredsea.com\\\/\",\"logo\":{\"@type\":\"ImageObject\",\"inLanguage\":\"fr-FR\",\"@id\":\"https:\\\/\\\/scubadiveredsea.com\\\/#\\\/schema\\\/logo\\\/image\\\/\",\"url\":\"https:\\\/\\\/scubadiveredsea.com\\\/wp-content\\\/uploads\\\/2026\\\/03\\\/cropped-Untitled-design.png\",\"contentUrl\":\"https:\\\/\\\/scubadiveredsea.com\\\/wp-content\\\/uploads\\\/2026\\\/03\\\/cropped-Untitled-design.png\",\"width\":1842,\"height\":1517,\"caption\":\"scuba dive red sea\"},\"image\":{\"@id\":\"https:\\\/\\\/scubadiveredsea.com\\\/#\\\/schema\\\/logo\\\/image\\\/\"},\"sameAs\":[\"https:\\\/\\\/www.facebook.com\\\/share\\\/16QfAbdyxd\\\/\",\"https:\\\/\\\/www.instagram.com\\\/scubadiveredsea\\\/\"]}]}<\/script>\n<!-- \/ Yoast SEO plugin. -->","yoast_head_json":{"title":"About Us | Scuba Diving Hurghada Experts \u2013 Red Sea Diving Team","description":"Learn about our professional scuba diving team in Hurghada. Experienced instructors, safe Red Sea diving trips, and beginner-friendly experiences you can trust.","robots":{"index":"index","follow":"follow","max-snippet":"max-snippet:-1","max-image-preview":"max-image-preview:large","max-video-preview":"max-video-preview:-1"},"canonical":"https:\/\/scubadiveredsea.com\/fr\/a-propos-de-nous\/","og_locale":"fr_FR","og_type":"article","og_title":"About Us | Scuba Diving Hurghada Experts \u2013 Red Sea Diving Team","og_description":"Learn about our professional scuba diving team in Hurghada. Experienced instructors, safe Red Sea diving trips, and beginner-friendly experiences you can trust.","og_url":"https:\/\/scubadiveredsea.com\/fr\/a-propos-de-nous\/","article_publisher":"https:\/\/www.facebook.com\/share\/16QfAbdyxd\/","article_modified_time":"2026-04-10T03:36:03+00:00","og_image":[{"url":"https:\/\/scubadiveredsea.com\/wp-content\/uploads\/2026\/02\/pexels-muhammed-ozel-1863697920-28584677-scaled.jpg","type":"","width":"","height":""}],"twitter_card":"summary_large_image","twitter_misc":{"Dur\u00e9e de lecture estim\u00e9e":"2 minutes"},"schema":{"@context":"https:\/\/schema.org","@graph":[{"@type":"WebPage","@id":"https:\/\/scubadiveredsea.com\/about-us\/","url":"https:\/\/scubadiveredsea.com\/about-us\/","name":"About Us | Scuba Diving Hurghada Experts \u2013 Red Sea Diving Team","isPartOf":{"@id":"https:\/\/scubadiveredsea.com\/#website"},"primaryImageOfPage":{"@id":"https:\/\/scubadiveredsea.com\/about-us\/#primaryimage"},"image":{"@id":"https:\/\/scubadiveredsea.com\/about-us\/#primaryimage"},"thumbnailUrl":"https:\/\/scubadiveredsea.com\/wp-content\/uploads\/2026\/02\/pexels-muhammed-ozel-1863697920-28584677-scaled.jpg","datePublished":"2026-02-08T02:36:22+00:00","dateModified":"2026-04-10T03:36:03+00:00","description":"Learn about our professional scuba diving team in Hurghada. Experienced instructors, safe Red Sea diving trips, and beginner-friendly experiences you can trust.","breadcrumb":{"@id":"https:\/\/scubadiveredsea.com\/about-us\/#breadcrumb"},"inLanguage":"fr-FR","potentialAction":[{"@type":"ReadAction","target":["https:\/\/scubadiveredsea.com\/about-us\/"]}]},{"@type":"ImageObject","inLanguage":"fr-FR","@id":"https:\/\/scubadiveredsea.com\/about-us\/#primaryimage","url":"https:\/\/scubadiveredsea.com\/wp-content\/uploads\/2026\/02\/pexels-muhammed-ozel-1863697920-28584677-scaled.jpg","contentUrl":"https:\/\/scubadiveredsea.com\/wp-content\/uploads\/2026\/02\/pexels-muhammed-ozel-1863697920-28584677-scaled.jpg"},{"@type":"BreadcrumbList","@id":"https:\/\/scubadiveredsea.com\/about-us\/#breadcrumb","itemListElement":[{"@type":"ListItem","position":1,"name":"Home","item":"https:\/\/scubadiveredsea.com\/"},{"@type":"ListItem","position":2,"name":"About Us"}]},{"@type":"WebSite","@id":"https:\/\/scubadiveredsea.com\/#website","url":"https:\/\/scubadiveredsea.com\/","name":"scubadiveredsea","description":"","publisher":{"@id":"https:\/\/scubadiveredsea.com\/#organization"},"alternateName":"scuba dive red sea padi","potentialAction":[{"@type":"SearchAction","target":{"@type":"EntryPoint","urlTemplate":"https:\/\/scubadiveredsea.com\/?s={search_term_string}"},"query-input":{"@type":"PropertyValueSpecification","valueRequired":true,"valueName":"search_term_string"}}],"inLanguage":"fr-FR"},{"@type":"Organization","@id":"https:\/\/scubadiveredsea.com\/#organization","name":"scuba dive red sea","url":"https:\/\/scubadiveredsea.com\/","logo":{"@type":"ImageObject","inLanguage":"fr-FR","@id":"https:\/\/scubadiveredsea.com\/#\/schema\/logo\/image\/","url":"https:\/\/scubadiveredsea.com\/wp-content\/uploads\/2026\/03\/cropped-Untitled-design.png","contentUrl":"https:\/\/scubadiveredsea.com\/wp-content\/uploads\/2026\/03\/cropped-Untitled-design.png","width":1842,"height":1517,"caption":"scuba dive red sea"},"image":{"@id":"https:\/\/scubadiveredsea.com\/#\/schema\/logo\/image\/"},"sameAs":["https:\/\/www.facebook.com\/share\/16QfAbdyxd\/","https:\/\/www.instagram.com\/scubadiveredsea\/"]}]}},"_hostinger_reach_plugin_has_subscription_block":false,"_hostinger_reach_plugin_is_elementor":false,"_links":{"self":[{"href":"https:\/\/scubadiveredsea.com\/fr\/wp-json\/wp\/v2\/pages\/217","targetHints":{"allow":["GET"]}}],"collection":[{"href":"https:\/\/scubadiveredsea.com\/fr\/wp-json\/wp\/v2\/pages"}],"about":[{"href":"https:\/\/scubadiveredsea.com\/fr\/wp-json\/wp\/v2\/types\/page"}],"author":[{"embeddable":true,"href":"https:\/\/scubadiveredsea.com\/fr\/wp-json\/wp\/v2\/users\/1"}],"replies":[{"embeddable":true,"href":"https:\/\/scubadiveredsea.com\/fr\/wp-json\/wp\/v2\/comments?post=217"}],"version-history":[{"count":79,"href":"https:\/\/scubadiveredsea.com\/fr\/wp-json\/wp\/v2\/pages\/217\/revisions"}],"predecessor-version":[{"id":1120,"href":"https:\/\/scubadiveredsea.com\/fr\/wp-json\/wp\/v2\/pages\/217\/revisions\/1120"}],"wp:attachment":[{"href":"https:\/\/scubadiveredsea.com\/fr\/wp-json\/wp\/v2\/media?parent=217"}],"curies":[{"name":"wp","href":"https:\/\/api.w.org\/{rel}","templated":true}]}}