{"id":407,"date":"2026-02-12T14:19:26","date_gmt":"2026-02-12T14:19:26","guid":{"rendered":"https:\/\/scubadiveredsea.com\/?page_id=407"},"modified":"2026-03-28T21:16:46","modified_gmt":"2026-03-28T21:16:46","slug":"cours-avances","status":"publish","type":"page","link":"https:\/\/scubadiveredsea.com\/fr\/advanced-courses\/","title":{"rendered":"Cours avanc\u00e9s PADI"},"content":{"rendered":"<div data-elementor-type=\"wp-page\" data-elementor-id=\"407\" class=\"elementor elementor-407\" data-elementor-post-type=\"page\">\n\t\t\t\t<div class=\"aux-parallax-section elementor-element elementor-element-1d09280 e-flex e-con-boxed e-con e-parent\" data-id=\"1d09280\" data-element_type=\"container\" data-e-type=\"container\" data-settings=\"{&quot;background_background&quot;:&quot;classic&quot;}\">\n\t\t\t\t\t<div class=\"e-con-inner\">\n\t\t\t\t<div class=\"elementor-element elementor-element-8ca6728 elementor-widget elementor-widget-heading\" data-id=\"8ca6728\" data-element_type=\"widget\" data-e-type=\"widget\" data-widget_type=\"heading.default\">\n\t\t\t\t<div class=\"elementor-widget-container\">\n\t\t\t\t\t<h2 class=\"elementor-heading-title elementor-size-default\">Cours avanc\u00e9s PADI <\/h2>\t\t\t\t<\/div>\n\t\t\t\t<\/div>\n\t\t\t\t\t<\/div>\n\t\t\t\t<\/div>\n\t\t<div class=\"aux-parallax-section elementor-element elementor-element-84a425d e-flex e-con-boxed e-con e-parent\" data-id=\"84a425d\" data-element_type=\"container\" data-e-type=\"container\">\n\t\t\t\t\t<div class=\"e-con-inner\">\n\t\t\t\t<div class=\"elementor-element elementor-element-b253e65 elementor-widget elementor-widget-wptravelengine-trips\" data-id=\"b253e65\" data-element_type=\"widget\" data-e-type=\"widget\" data-widget_type=\"wptravelengine-trips.default\">\n\t\t\t\t<div class=\"elementor-widget-container\">\n\t\t\t\t\t<div class=\"wp-block-wptravelengine-trips wpte-gblock-wrapper elementor-addon wpte-elementor-widget\">\t<div class=\"category-list wte-d-flex wpte-trip-list-wrapper\t\t\t\t\t\t    wte-col-3 columns-tablet-2 columns-mobile-1\">\n\t<div class=\"category-trips-single\" itemprop=\"itemListElement\" itemscope itemtype=\"http:\/\/schema.org\/ListItem\">\n\t<div class=\"category-trips-single-inner-wrap\">\n\t\t<figure class=\"category-trip-fig\">\n\t\t\t\t\t\t\t\t\t\t<a href=\"https:\/\/scubadiveredsea.com\/fr\/trip\/aowd-advanced-open-water-diver\/\">\n\t\t\t\t\t<img fetchpriority=\"high\" decoding=\"async\" width=\"990\" height=\"490\" src=\"https:\/\/scubadiveredsea.com\/wp-content\/uploads\/2026\/02\/Untitled-image-1-1-990x490.jpeg\" class=\"attachment-trip-single-size size-trip-single-size wp-post-image\" alt=\"\" \/>\t\t\t\t<\/a>\n\t\t\t\t\t<\/figure>\n\n\t\t<div class=\"category-trip-content-wrap\">\n\t\t\t<div class=\"category-trip-prc-title-wrap\">\n\t\t\t\t\t\t\t\t\t<h2 class=\"category-trip-title\" itemprop=\"name\">\n\t\t\t\t\t\t<a itemprop=\"url\" href=\"https:\/\/scubadiveredsea.com\/fr\/trip\/aowd-advanced-open-water-diver\/\">PADI AOWD (Plongeur en eau libre avanc\u00e9)<\/a>\n\t\t\t\t\t<\/h2>\n\t\t\t\t\n\t\t\t\t\n\t\t\t\t\t\t\t\t\t<meta itemprop=\"position\" content=\"1\"\/>\n\t\t\t\t\t\t\t<\/div>\n\n\t\t\t<div class=\"category-trip-detail-wrap\">\n\t\t\t\t<div class=\"category-trip-prc-wrap\">\n\t\t\t\t\t<div class=\"category-trip-desti wpte-trip_meta-container\">\n\t\t\t\t\t\t\n\t\t\t\t\t\t\t<span class=\"wpte-trip-meta category-trip-dur\">\n\t\t\t\t\t\t\t\t\t\t\t\t\t\t\t<span class=\"wpte-icon-clock\"><\/span>\n\t\t\t\t\t\t\t\t\t<span>\n\t\t\t\t\t\t\t\t\t\t\t\t\t\t\t\t\t\t\t\t\t2 Days\t\t\t\t\t\t\t\t\t<\/span>\n\t\t\t\t\t\t\t\t\t\t\t\t\t\t\t\t<\/span>\n\t\t\t\t\t\t\t\t\t\t\t\t\t\t\t\t\t\t<\/div>\n\t\t\t\t\t\t\t\t\t\t\t<div class=\"category-trip-budget\">\n\t\t\t\t\t\t\t\t\t\t\t\t\t\t<span class=\"price-holder\">\n\t\t\t\t\t\t\t\t<span class=\"actual-price\"><span class=\"wpte-currency-code\">&euro;<\/span><span class=\"wpte-price\">260<\/span><\/span>\n\t\t\t\t\t\t\t\t\t\t\t\t\t\t\t<\/span>\n\t\t\t\t\t\t<\/div>\n\t\t\t\t\t\t\t\t\t<\/div>\n\t\t\t\t\t\t\t\t\t<div class=\"category-trip-desc\">\n\t\t\t\t\t\t<p>\n\t\t\t\t\t\t\tCe cours vous permettra d'approfondir vos connaissances et d'explorer l'exploration des \u00e9paves. Vous pourrez participer \u00e0 des safaris de plong\u00e9e...\t\t\t\t\t\t<\/p>\n\t\t\t\t\t<\/div>\n\t\t\t\t\t\t\t\t\t\t\t<\/div>\n\t\t<\/div>\n\n\t\t\t<\/div>\n<\/div>\n<div class=\"category-trips-single\" itemprop=\"itemListElement\" itemscope itemtype=\"http:\/\/schema.org\/ListItem\">\n\t<div class=\"category-trips-single-inner-wrap\">\n\t\t<figure class=\"category-trip-fig\">\n\t\t\t\t\t\t\t\t\t\t<a href=\"https:\/\/scubadiveredsea.com\/fr\/trip\/efr-emergency-first-response\/\">\n\t\t\t\t\t<img decoding=\"async\" width=\"990\" height=\"490\" src=\"https:\/\/scubadiveredsea.com\/wp-content\/uploads\/2026\/02\/ChatGPT-Image-Mar-15-2026-02_56_30-AM-990x490.png\" class=\"attachment-trip-single-size size-trip-single-size wp-post-image\" alt=\"\" \/>\t\t\t\t<\/a>\n\t\t\t\t\t<\/figure>\n\n\t\t<div class=\"category-trip-content-wrap\">\n\t\t\t<div class=\"category-trip-prc-title-wrap\">\n\t\t\t\t\t\t\t\t\t<h2 class=\"category-trip-title\" itemprop=\"name\">\n\t\t\t\t\t\t<a itemprop=\"url\" href=\"https:\/\/scubadiveredsea.com\/fr\/trip\/efr-emergency-first-response\/\">EFR (Premiers secours d'urgence)<\/a>\n\t\t\t\t\t<\/h2>\n\t\t\t\t\n\t\t\t\t\n\t\t\t\t\t\t\t\t\t<meta itemprop=\"position\" content=\"2\"\/>\n\t\t\t\t\t\t\t<\/div>\n\n\t\t\t<div class=\"category-trip-detail-wrap\">\n\t\t\t\t<div class=\"category-trip-prc-wrap\">\n\t\t\t\t\t<div class=\"category-trip-desti wpte-trip_meta-container\">\n\t\t\t\t\t\t\n\t\t\t\t\t\t\t<span class=\"wpte-trip-meta category-trip-dur\">\n\t\t\t\t\t\t\t\t\t\t\t\t\t\t\t<span class=\"wpte-icon-clock\"><\/span>\n\t\t\t\t\t\t\t\t\t<span>\n\t\t\t\t\t\t\t\t\t\t\t\t\t\t\t\t\t\t\t\t\t1 jour\t\t\t\t\t\t\t\t\t<\/span>\n\t\t\t\t\t\t\t\t\t\t\t\t\t\t\t\t<\/span>\n\t\t\t\t\t\t\t\t\t\t\t\t\t\t\t\t\t\t<\/div>\n\t\t\t\t\t\t\t\t\t\t\t<div class=\"category-trip-budget\">\n\t\t\t\t\t\t\t\t\t\t\t\t\t\t<span class=\"price-holder\">\n\t\t\t\t\t\t\t\t<span class=\"actual-price\"><span class=\"wpte-currency-code\">&euro;<\/span><span class=\"wpte-price\">150<\/span><\/span>\n\t\t\t\t\t\t\t\t\t\t\t\t\t\t\t<\/span>\n\t\t\t\t\t\t<\/div>\n\t\t\t\t\t\t\t\t\t<\/div>\n\t\t\t\t\t\t\t\t\t<div class=\"category-trip-desc\">\n\t\t\t\t\t\t<p>\n\t\t\t\t\t\t\tLe cours de premiers secours d'urgence est un cours th\u00e9orique qui enseigne les gestes de premiers secours utiles au quotidien et en cas d'urgence en plong\u00e9e. Voyage...\t\t\t\t\t\t<\/p>\n\t\t\t\t\t<\/div>\n\t\t\t\t\t\t\t\t\t\t\t<\/div>\n\t\t<\/div>\n\n\t\t\t<\/div>\n<\/div>\n<div class=\"category-trips-single\" itemprop=\"itemListElement\" itemscope itemtype=\"http:\/\/schema.org\/ListItem\">\n\t<div class=\"category-trips-single-inner-wrap\">\n\t\t<figure class=\"category-trip-fig\">\n\t\t\t\t\t\t\t\t\t\t<a href=\"https:\/\/scubadiveredsea.com\/fr\/trip\/rescue-diver\/\">\n\t\t\t\t\t<img decoding=\"async\" width=\"990\" height=\"490\" src=\"https:\/\/scubadiveredsea.com\/wp-content\/uploads\/2026\/02\/Gemini_Generated_Image_7om8jk7om8jk7om8-990x490.png\" class=\"attachment-trip-single-size size-trip-single-size wp-post-image\" alt=\"\" \/>\t\t\t\t<\/a>\n\t\t\t\t\t<\/figure>\n\n\t\t<div class=\"category-trip-content-wrap\">\n\t\t\t<div class=\"category-trip-prc-title-wrap\">\n\t\t\t\t\t\t\t\t\t<h2 class=\"category-trip-title\" itemprop=\"name\">\n\t\t\t\t\t\t<a itemprop=\"url\" href=\"https:\/\/scubadiveredsea.com\/fr\/trip\/rescue-diver\/\">Plongeur sauveteur PADI<\/a>\n\t\t\t\t\t<\/h2>\n\t\t\t\t\n\t\t\t\t\n\t\t\t\t\t\t\t\t\t<meta itemprop=\"position\" content=\"3\"\/>\n\t\t\t\t\t\t\t<\/div>\n\n\t\t\t<div class=\"category-trip-detail-wrap\">\n\t\t\t\t<div class=\"category-trip-prc-wrap\">\n\t\t\t\t\t<div class=\"category-trip-desti wpte-trip_meta-container\">\n\t\t\t\t\t\t\n\t\t\t\t\t\t\t<span class=\"wpte-trip-meta category-trip-dur\">\n\t\t\t\t\t\t\t\t\t\t\t\t\t\t\t<span class=\"wpte-icon-clock\"><\/span>\n\t\t\t\t\t\t\t\t\t<span>\n\t\t\t\t\t\t\t\t\t\t\t\t\t\t\t\t\t\t\t\t\t4 Days\t\t\t\t\t\t\t\t\t<\/span>\n\t\t\t\t\t\t\t\t\t\t\t\t\t\t\t\t<\/span>\n\t\t\t\t\t\t\t\t\t\t\t\t\t\t\t\t\t\t<\/div>\n\t\t\t\t\t\t\t\t\t\t\t<div class=\"category-trip-budget\">\n\t\t\t\t\t\t\t\t\t\t\t\t\t\t<span class=\"price-holder\">\n\t\t\t\t\t\t\t\t<span class=\"actual-price\"><span class=\"wpte-currency-code\">&euro;<\/span><span class=\"wpte-price\">370<\/span><\/span>\n\t\t\t\t\t\t\t\t\t\t\t\t\t\t\t<\/span>\n\t\t\t\t\t\t<\/div>\n\t\t\t\t\t\t\t\t\t<\/div>\n\t\t\t\t\t\t\t\t\t<div class=\"category-trip-desc\">\n\t\t\t\t\t\t<p>\n\t\t\t\t\t\t\tCe cours vous apprend \u00e0 g\u00e9rer les probl\u00e8mes de plong\u00e9e et \u00e0 secourir les plongeurs inconscients, ce qui vous permettra de gagner en confiance et...\t\t\t\t\t\t<\/p>\n\t\t\t\t\t<\/div>\n\t\t\t\t\t\t\t\t\t\t\t<\/div>\n\t\t<\/div>\n\n\t\t\t<\/div>\n<\/div>\n<\/div><!-- .category-{$layout} --><\/div>\t\t\t\t<\/div>\n\t\t\t\t<\/div>\n\t\t\t\t\t<\/div>\n\t\t\t\t<\/div>\n\t\t\t\t<\/div>","protected":false},"excerpt":{"rendered":"<p>PADI Advanced Courses PADI AOWD (Advanced open water diver) 2 Days &euro;260 This course allows you to dive deeper and explore wreck diving. You will be able to join safari diving trips&#8230; EFR (Emergency First Response) 1 Day &euro;150 Emergency First Response is a dry course that teaches first aid skills used in everyday life [&hellip;]<\/p>\n","protected":false},"author":1,"featured_media":0,"parent":0,"menu_order":0,"comment_status":"closed","ping_status":"closed","template":"","meta":{"footnotes":""},"class_list":["post-407","page","type-page","status-publish","hentry"],"yoast_head":"<!-- This site is optimized with the Yoast SEO plugin v27.4 - https:\/\/yoast.com\/product\/yoast-seo-wordpress\/ -->\n<title>PADI Advanced Courses -<\/title>\n<meta name=\"robots\" content=\"index, follow, max-snippet:-1, max-image-preview:large, max-video-preview:-1\" \/>\n<link rel=\"canonical\" href=\"https:\/\/scubadiveredsea.com\/fr\/cours-avances\/\" \/>\n<meta property=\"og:locale\" content=\"fr_FR\" \/>\n<meta property=\"og:type\" content=\"article\" \/>\n<meta property=\"og:title\" content=\"PADI Advanced Courses -\" \/>\n<meta property=\"og:description\" content=\"PADI Advanced Courses PADI AOWD (Advanced open water diver) 2 Days &euro;260 This course allows you to dive deeper and explore wreck diving. You will be able to join safari diving trips&#8230; EFR (Emergency First Response) 1 Day &euro;150 Emergency First Response is a dry course that teaches first aid skills used in everyday life [&hellip;]\" \/>\n<meta property=\"og:url\" content=\"https:\/\/scubadiveredsea.com\/fr\/cours-avances\/\" \/>\n<meta property=\"article:publisher\" content=\"https:\/\/www.facebook.com\/share\/16QfAbdyxd\/\" \/>\n<meta property=\"article:modified_time\" content=\"2026-03-28T21:16:46+00:00\" \/>\n<meta property=\"og:image\" content=\"https:\/\/scubadiveredsea.com\/wp-content\/uploads\/2026\/02\/Untitled-image-1-1-990x490.jpeg\" \/>\n<meta name=\"twitter:card\" content=\"summary_large_image\" \/>\n<meta name=\"twitter:label1\" content=\"Dur\u00e9e de lecture estim\u00e9e\" \/>\n\t<meta name=\"twitter:data1\" content=\"1 minute\" \/>\n<script type=\"application\/ld+json\" class=\"yoast-schema-graph\">{\"@context\":\"https:\\\/\\\/schema.org\",\"@graph\":[{\"@type\":\"WebPage\",\"@id\":\"https:\\\/\\\/scubadiveredsea.com\\\/advanced-courses\\\/\",\"url\":\"https:\\\/\\\/scubadiveredsea.com\\\/advanced-courses\\\/\",\"name\":\"PADI Advanced Courses -\",\"isPartOf\":{\"@id\":\"https:\\\/\\\/scubadiveredsea.com\\\/#website\"},\"primaryImageOfPage\":{\"@id\":\"https:\\\/\\\/scubadiveredsea.com\\\/advanced-courses\\\/#primaryimage\"},\"image\":{\"@id\":\"https:\\\/\\\/scubadiveredsea.com\\\/advanced-courses\\\/#primaryimage\"},\"thumbnailUrl\":\"https:\\\/\\\/scubadiveredsea.com\\\/wp-content\\\/uploads\\\/2026\\\/02\\\/Untitled-image-1-1-990x490.jpeg\",\"datePublished\":\"2026-02-12T14:19:26+00:00\",\"dateModified\":\"2026-03-28T21:16:46+00:00\",\"breadcrumb\":{\"@id\":\"https:\\\/\\\/scubadiveredsea.com\\\/advanced-courses\\\/#breadcrumb\"},\"inLanguage\":\"fr-FR\",\"potentialAction\":[{\"@type\":\"ReadAction\",\"target\":[\"https:\\\/\\\/scubadiveredsea.com\\\/advanced-courses\\\/\"]}]},{\"@type\":\"ImageObject\",\"inLanguage\":\"fr-FR\",\"@id\":\"https:\\\/\\\/scubadiveredsea.com\\\/advanced-courses\\\/#primaryimage\",\"url\":\"https:\\\/\\\/scubadiveredsea.com\\\/wp-content\\\/uploads\\\/2026\\\/02\\\/Untitled-image-1-1-990x490.jpeg\",\"contentUrl\":\"https:\\\/\\\/scubadiveredsea.com\\\/wp-content\\\/uploads\\\/2026\\\/02\\\/Untitled-image-1-1-990x490.jpeg\"},{\"@type\":\"BreadcrumbList\",\"@id\":\"https:\\\/\\\/scubadiveredsea.com\\\/advanced-courses\\\/#breadcrumb\",\"itemListElement\":[{\"@type\":\"ListItem\",\"position\":1,\"name\":\"Home\",\"item\":\"https:\\\/\\\/scubadiveredsea.com\\\/\"},{\"@type\":\"ListItem\",\"position\":2,\"name\":\"PADI Advanced Courses\"}]},{\"@type\":\"WebSite\",\"@id\":\"https:\\\/\\\/scubadiveredsea.com\\\/#website\",\"url\":\"https:\\\/\\\/scubadiveredsea.com\\\/\",\"name\":\"scubadiveredsea\",\"description\":\"\",\"publisher\":{\"@id\":\"https:\\\/\\\/scubadiveredsea.com\\\/#organization\"},\"alternateName\":\"scuba dive red sea padi\",\"potentialAction\":[{\"@type\":\"SearchAction\",\"target\":{\"@type\":\"EntryPoint\",\"urlTemplate\":\"https:\\\/\\\/scubadiveredsea.com\\\/?s={search_term_string}\"},\"query-input\":{\"@type\":\"PropertyValueSpecification\",\"valueRequired\":true,\"valueName\":\"search_term_string\"}}],\"inLanguage\":\"fr-FR\"},{\"@type\":\"Organization\",\"@id\":\"https:\\\/\\\/scubadiveredsea.com\\\/#organization\",\"name\":\"scuba dive red sea\",\"url\":\"https:\\\/\\\/scubadiveredsea.com\\\/\",\"logo\":{\"@type\":\"ImageObject\",\"inLanguage\":\"fr-FR\",\"@id\":\"https:\\\/\\\/scubadiveredsea.com\\\/#\\\/schema\\\/logo\\\/image\\\/\",\"url\":\"https:\\\/\\\/scubadiveredsea.com\\\/wp-content\\\/uploads\\\/2026\\\/03\\\/cropped-Untitled-design.png\",\"contentUrl\":\"https:\\\/\\\/scubadiveredsea.com\\\/wp-content\\\/uploads\\\/2026\\\/03\\\/cropped-Untitled-design.png\",\"width\":1842,\"height\":1517,\"caption\":\"scuba dive red sea\"},\"image\":{\"@id\":\"https:\\\/\\\/scubadiveredsea.com\\\/#\\\/schema\\\/logo\\\/image\\\/\"},\"sameAs\":[\"https:\\\/\\\/www.facebook.com\\\/share\\\/16QfAbdyxd\\\/\",\"https:\\\/\\\/www.instagram.com\\\/scubadiveredsea\\\/\"]}]}<\/script>\n<!-- \/ Yoast SEO plugin. -->","yoast_head_json":{"title":"PADI Advanced Courses -","robots":{"index":"index","follow":"follow","max-snippet":"max-snippet:-1","max-image-preview":"max-image-preview:large","max-video-preview":"max-video-preview:-1"},"canonical":"https:\/\/scubadiveredsea.com\/fr\/cours-avances\/","og_locale":"fr_FR","og_type":"article","og_title":"PADI Advanced Courses -","og_description":"PADI Advanced Courses PADI AOWD (Advanced open water diver) 2 Days &euro;260 This course allows you to dive deeper and explore wreck diving. You will be able to join safari diving trips&#8230; EFR (Emergency First Response) 1 Day &euro;150 Emergency First Response is a dry course that teaches first aid skills used in everyday life [&hellip;]","og_url":"https:\/\/scubadiveredsea.com\/fr\/cours-avances\/","article_publisher":"https:\/\/www.facebook.com\/share\/16QfAbdyxd\/","article_modified_time":"2026-03-28T21:16:46+00:00","og_image":[{"url":"https:\/\/scubadiveredsea.com\/wp-content\/uploads\/2026\/02\/Untitled-image-1-1-990x490.jpeg","type":"","width":"","height":""}],"twitter_card":"summary_large_image","twitter_misc":{"Dur\u00e9e de lecture estim\u00e9e":"1 minute"},"schema":{"@context":"https:\/\/schema.org","@graph":[{"@type":"WebPage","@id":"https:\/\/scubadiveredsea.com\/advanced-courses\/","url":"https:\/\/scubadiveredsea.com\/advanced-courses\/","name":"PADI Advanced Courses -","isPartOf":{"@id":"https:\/\/scubadiveredsea.com\/#website"},"primaryImageOfPage":{"@id":"https:\/\/scubadiveredsea.com\/advanced-courses\/#primaryimage"},"image":{"@id":"https:\/\/scubadiveredsea.com\/advanced-courses\/#primaryimage"},"thumbnailUrl":"https:\/\/scubadiveredsea.com\/wp-content\/uploads\/2026\/02\/Untitled-image-1-1-990x490.jpeg","datePublished":"2026-02-12T14:19:26+00:00","dateModified":"2026-03-28T21:16:46+00:00","breadcrumb":{"@id":"https:\/\/scubadiveredsea.com\/advanced-courses\/#breadcrumb"},"inLanguage":"fr-FR","potentialAction":[{"@type":"ReadAction","target":["https:\/\/scubadiveredsea.com\/advanced-courses\/"]}]},{"@type":"ImageObject","inLanguage":"fr-FR","@id":"https:\/\/scubadiveredsea.com\/advanced-courses\/#primaryimage","url":"https:\/\/scubadiveredsea.com\/wp-content\/uploads\/2026\/02\/Untitled-image-1-1-990x490.jpeg","contentUrl":"https:\/\/scubadiveredsea.com\/wp-content\/uploads\/2026\/02\/Untitled-image-1-1-990x490.jpeg"},{"@type":"BreadcrumbList","@id":"https:\/\/scubadiveredsea.com\/advanced-courses\/#breadcrumb","itemListElement":[{"@type":"ListItem","position":1,"name":"Home","item":"https:\/\/scubadiveredsea.com\/"},{"@type":"ListItem","position":2,"name":"PADI Advanced Courses"}]},{"@type":"WebSite","@id":"https:\/\/scubadiveredsea.com\/#website","url":"https:\/\/scubadiveredsea.com\/","name":"scubadiveredsea","description":"","publisher":{"@id":"https:\/\/scubadiveredsea.com\/#organization"},"alternateName":"scuba dive red sea padi","potentialAction":[{"@type":"SearchAction","target":{"@type":"EntryPoint","urlTemplate":"https:\/\/scubadiveredsea.com\/?s={search_term_string}"},"query-input":{"@type":"PropertyValueSpecification","valueRequired":true,"valueName":"search_term_string"}}],"inLanguage":"fr-FR"},{"@type":"Organization","@id":"https:\/\/scubadiveredsea.com\/#organization","name":"scuba dive red sea","url":"https:\/\/scubadiveredsea.com\/","logo":{"@type":"ImageObject","inLanguage":"fr-FR","@id":"https:\/\/scubadiveredsea.com\/#\/schema\/logo\/image\/","url":"https:\/\/scubadiveredsea.com\/wp-content\/uploads\/2026\/03\/cropped-Untitled-design.png","contentUrl":"https:\/\/scubadiveredsea.com\/wp-content\/uploads\/2026\/03\/cropped-Untitled-design.png","width":1842,"height":1517,"caption":"scuba dive red sea"},"image":{"@id":"https:\/\/scubadiveredsea.com\/#\/schema\/logo\/image\/"},"sameAs":["https:\/\/www.facebook.com\/share\/16QfAbdyxd\/","https:\/\/www.instagram.com\/scubadiveredsea\/"]}]}},"_hostinger_reach_plugin_has_subscription_block":false,"_hostinger_reach_plugin_is_elementor":false,"_links":{"self":[{"href":"https:\/\/scubadiveredsea.com\/fr\/wp-json\/wp\/v2\/pages\/407","targetHints":{"allow":["GET"]}}],"collection":[{"href":"https:\/\/scubadiveredsea.com\/fr\/wp-json\/wp\/v2\/pages"}],"about":[{"href":"https:\/\/scubadiveredsea.com\/fr\/wp-json\/wp\/v2\/types\/page"}],"author":[{"embeddable":true,"href":"https:\/\/scubadiveredsea.com\/fr\/wp-json\/wp\/v2\/users\/1"}],"replies":[{"embeddable":true,"href":"https:\/\/scubadiveredsea.com\/fr\/wp-json\/wp\/v2\/comments?post=407"}],"version-history":[{"count":19,"href":"https:\/\/scubadiveredsea.com\/fr\/wp-json\/wp\/v2\/pages\/407\/revisions"}],"predecessor-version":[{"id":908,"href":"https:\/\/scubadiveredsea.com\/fr\/wp-json\/wp\/v2\/pages\/407\/revisions\/908"}],"wp:attachment":[{"href":"https:\/\/scubadiveredsea.com\/fr\/wp-json\/wp\/v2\/media?parent=407"}],"curies":[{"name":"wp","href":"https:\/\/api.w.org\/{rel}","templated":true}]}}