{"id":428,"date":"2026-02-12T14:26:13","date_gmt":"2026-02-12T14:26:13","guid":{"rendered":"https:\/\/scubadiveredsea.com\/?page_id=428"},"modified":"2026-03-28T21:18:11","modified_gmt":"2026-03-28T21:18:11","slug":"specialist-diver","status":"publish","type":"page","link":"https:\/\/scubadiveredsea.com\/fr\/specialist-diver\/","title":{"rendered":"Plong\u00e9e sp\u00e9cialis\u00e9e"},"content":{"rendered":"<div data-elementor-type=\"wp-page\" data-elementor-id=\"428\" class=\"elementor elementor-428\" data-elementor-post-type=\"page\">\n\t\t\t\t<div class=\"aux-parallax-section elementor-element elementor-element-8ffb9a4 e-flex e-con-boxed e-con e-parent\" data-id=\"8ffb9a4\" data-element_type=\"container\" data-e-type=\"container\" data-settings=\"{&quot;background_background&quot;:&quot;classic&quot;}\">\n\t\t\t\t\t<div class=\"e-con-inner\">\n\t\t\t\t<div class=\"elementor-element elementor-element-c9ba0d3 elementor-widget elementor-widget-heading\" data-id=\"c9ba0d3\" data-element_type=\"widget\" data-e-type=\"widget\" data-widget_type=\"heading.default\">\n\t\t\t\t<div class=\"elementor-widget-container\">\n\t\t\t\t\t<h2 class=\"elementor-heading-title elementor-size-default\">Plong\u00e9e sp\u00e9cialis\u00e9e\n<\/h2>\t\t\t\t<\/div>\n\t\t\t\t<\/div>\n\t\t\t\t\t<\/div>\n\t\t\t\t<\/div>\n\t\t<div class=\"aux-parallax-section elementor-element elementor-element-4432685 e-flex e-con-boxed e-con e-parent\" data-id=\"4432685\" data-element_type=\"container\" data-e-type=\"container\">\n\t\t\t\t\t<div class=\"e-con-inner\">\n\t\t\t\t<div class=\"elementor-element elementor-element-305a97f elementor-widget elementor-widget-wptravelengine-trips\" data-id=\"305a97f\" data-element_type=\"widget\" data-e-type=\"widget\" data-widget_type=\"wptravelengine-trips.default\">\n\t\t\t\t<div class=\"elementor-widget-container\">\n\t\t\t\t\t<div class=\"wp-block-wptravelengine-trips wpte-gblock-wrapper elementor-addon wpte-elementor-widget\">\t<div class=\"category-list wte-d-flex wpte-trip-list-wrapper\t\t\t\t\t\t    wte-col-3 columns-tablet-2 columns-mobile-1\">\n\t<div class=\"category-trips-single\" itemprop=\"itemListElement\" itemscope itemtype=\"http:\/\/schema.org\/ListItem\">\n\t<div class=\"category-trips-single-inner-wrap\">\n\t\t<figure class=\"category-trip-fig\">\n\t\t\t\t\t\t\t\t\t\t<a href=\"https:\/\/scubadiveredsea.com\/fr\/trip\/specialty-diver\/\">\n\t\t\t\t\t<img fetchpriority=\"high\" decoding=\"async\" width=\"990\" height=\"490\" src=\"https:\/\/scubadiveredsea.com\/wp-content\/uploads\/2026\/02\/Gemini_Generated_Image_qstmr7qstmr7qstm-990x490.png\" class=\"attachment-trip-single-size size-trip-single-size wp-post-image\" alt=\"\" \/>\t\t\t\t<\/a>\n\t\t\t\t\t<\/figure>\n\n\t\t<div class=\"category-trip-content-wrap\">\n\t\t\t<div class=\"category-trip-prc-title-wrap\">\n\t\t\t\t\t\t\t\t\t<h2 class=\"category-trip-title\" itemprop=\"name\">\n\t\t\t\t\t\t<a itemprop=\"url\" href=\"https:\/\/scubadiveredsea.com\/fr\/trip\/specialty-diver\/\">Plongeur sp\u00e9cialis\u00e9 en profondeur<\/a>\n\t\t\t\t\t<\/h2>\n\t\t\t\t\n\t\t\t\t\n\t\t\t\t\t\t\t\t\t<meta itemprop=\"position\" content=\"1\"\/>\n\t\t\t\t\t\t\t<\/div>\n\n\t\t\t<div class=\"category-trip-detail-wrap\">\n\t\t\t\t<div class=\"category-trip-prc-wrap\">\n\t\t\t\t\t<div class=\"category-trip-desti wpte-trip_meta-container\">\n\t\t\t\t\t\t\n\t\t\t\t\t\t\t<span class=\"wpte-trip-meta category-trip-dur\">\n\t\t\t\t\t\t\t\t\t\t\t\t\t\t\t<span class=\"wpte-icon-clock\"><\/span>\n\t\t\t\t\t\t\t\t\t<span>\n\t\t\t\t\t\t\t\t\t\t\t\t\t\t\t\t\t\t\t\t\t2 Days\t\t\t\t\t\t\t\t\t<\/span>\n\t\t\t\t\t\t\t\t\t\t\t\t\t\t\t\t<\/span>\n\t\t\t\t\t\t\t\t\t\t\t\t\t\t\t\t\t\t<\/div>\n\t\t\t\t\t\t\t\t\t\t\t<div class=\"category-trip-budget\">\n\t\t\t\t\t\t\t\t\t\t\t\t\t\t<span class=\"price-holder\">\n\t\t\t\t\t\t\t\t<span class=\"actual-price\"><span class=\"wpte-currency-code\">&euro;<\/span><span class=\"wpte-price\">280<\/span><\/span>\n\t\t\t\t\t\t\t\t\t\t\t\t\t\t\t<\/span>\n\t\t\t\t\t\t<\/div>\n\t\t\t\t\t\t\t\t\t<\/div>\n\t\t\t\t\t\t\t\t\t<div class=\"category-trip-desc\">\n\t\t\t\t\t\t<p>\n\t\t\t\t\t\t\t4 plong\u00e9es. Ce cours vous permet d'aller plus profond et d'obtenir votre certification pour plonger \u00e0 40 m\u00e8tres. Veuillez noter si vous avez besoin de...\t\t\t\t\t\t<\/p>\n\t\t\t\t\t<\/div>\n\t\t\t\t\t\t\t\t\t\t\t<\/div>\n\t\t<\/div>\n\n\t\t\t<\/div>\n<\/div>\n<\/div><!-- .category-{$layout} --><\/div>\t\t\t\t<\/div>\n\t\t\t\t<\/div>\n\t\t\t\t\t<\/div>\n\t\t\t\t<\/div>\n\t\t\t\t<\/div>","protected":false},"excerpt":{"rendered":"<p>PADI Specialty Diver Specialty Diver 2 Days &euro;280 4 divesAt this course you can go deeper and take license to dive 40 meters Kindly note if you need&#8230;<\/p>","protected":false},"author":1,"featured_media":0,"parent":0,"menu_order":0,"comment_status":"closed","ping_status":"closed","template":"","meta":{"footnotes":""},"class_list":["post-428","page","type-page","status-publish","hentry"],"yoast_head":"<!-- This site is optimized with the Yoast SEO plugin v27.4 - https:\/\/yoast.com\/product\/yoast-seo-wordpress\/ -->\n<title>PADI Specialty Diver -<\/title>\n<meta name=\"robots\" content=\"index, follow, max-snippet:-1, max-image-preview:large, max-video-preview:-1\" \/>\n<link rel=\"canonical\" href=\"https:\/\/scubadiveredsea.com\/fr\/specialist-diver\/\" \/>\n<meta property=\"og:locale\" content=\"fr_FR\" \/>\n<meta property=\"og:type\" content=\"article\" \/>\n<meta property=\"og:title\" content=\"PADI Specialty Diver -\" \/>\n<meta property=\"og:description\" content=\"PADI Specialty Diver Specialty Diver 2 Days &euro;280 4 divesAt this course you can go deeper and take license to dive 40 meters Kindly note if you need&#8230;\" \/>\n<meta property=\"og:url\" content=\"https:\/\/scubadiveredsea.com\/fr\/specialist-diver\/\" \/>\n<meta property=\"article:publisher\" content=\"https:\/\/www.facebook.com\/share\/16QfAbdyxd\/\" \/>\n<meta property=\"article:modified_time\" content=\"2026-03-28T21:18:11+00:00\" \/>\n<meta property=\"og:image\" content=\"https:\/\/scubadiveredsea.com\/wp-content\/uploads\/2026\/02\/Gemini_Generated_Image_qstmr7qstmr7qstm-990x490.png\" \/>\n<meta name=\"twitter:card\" content=\"summary_large_image\" \/>\n<meta name=\"twitter:label1\" content=\"Dur\u00e9e de lecture estim\u00e9e\" \/>\n\t<meta name=\"twitter:data1\" content=\"1 minute\" \/>\n<script type=\"application\/ld+json\" class=\"yoast-schema-graph\">{\"@context\":\"https:\\\/\\\/schema.org\",\"@graph\":[{\"@type\":\"WebPage\",\"@id\":\"https:\\\/\\\/scubadiveredsea.com\\\/specialist-diver\\\/\",\"url\":\"https:\\\/\\\/scubadiveredsea.com\\\/specialist-diver\\\/\",\"name\":\"PADI Specialty Diver -\",\"isPartOf\":{\"@id\":\"https:\\\/\\\/scubadiveredsea.com\\\/#website\"},\"primaryImageOfPage\":{\"@id\":\"https:\\\/\\\/scubadiveredsea.com\\\/specialist-diver\\\/#primaryimage\"},\"image\":{\"@id\":\"https:\\\/\\\/scubadiveredsea.com\\\/specialist-diver\\\/#primaryimage\"},\"thumbnailUrl\":\"https:\\\/\\\/scubadiveredsea.com\\\/wp-content\\\/uploads\\\/2026\\\/02\\\/Gemini_Generated_Image_qstmr7qstmr7qstm-990x490.png\",\"datePublished\":\"2026-02-12T14:26:13+00:00\",\"dateModified\":\"2026-03-28T21:18:11+00:00\",\"breadcrumb\":{\"@id\":\"https:\\\/\\\/scubadiveredsea.com\\\/specialist-diver\\\/#breadcrumb\"},\"inLanguage\":\"fr-FR\",\"potentialAction\":[{\"@type\":\"ReadAction\",\"target\":[\"https:\\\/\\\/scubadiveredsea.com\\\/specialist-diver\\\/\"]}]},{\"@type\":\"ImageObject\",\"inLanguage\":\"fr-FR\",\"@id\":\"https:\\\/\\\/scubadiveredsea.com\\\/specialist-diver\\\/#primaryimage\",\"url\":\"https:\\\/\\\/scubadiveredsea.com\\\/wp-content\\\/uploads\\\/2026\\\/02\\\/Gemini_Generated_Image_qstmr7qstmr7qstm-990x490.png\",\"contentUrl\":\"https:\\\/\\\/scubadiveredsea.com\\\/wp-content\\\/uploads\\\/2026\\\/02\\\/Gemini_Generated_Image_qstmr7qstmr7qstm-990x490.png\"},{\"@type\":\"BreadcrumbList\",\"@id\":\"https:\\\/\\\/scubadiveredsea.com\\\/specialist-diver\\\/#breadcrumb\",\"itemListElement\":[{\"@type\":\"ListItem\",\"position\":1,\"name\":\"Home\",\"item\":\"https:\\\/\\\/scubadiveredsea.com\\\/\"},{\"@type\":\"ListItem\",\"position\":2,\"name\":\"PADI Specialty Diver\"}]},{\"@type\":\"WebSite\",\"@id\":\"https:\\\/\\\/scubadiveredsea.com\\\/#website\",\"url\":\"https:\\\/\\\/scubadiveredsea.com\\\/\",\"name\":\"scubadiveredsea\",\"description\":\"\",\"publisher\":{\"@id\":\"https:\\\/\\\/scubadiveredsea.com\\\/#organization\"},\"alternateName\":\"scuba dive red sea padi\",\"potentialAction\":[{\"@type\":\"SearchAction\",\"target\":{\"@type\":\"EntryPoint\",\"urlTemplate\":\"https:\\\/\\\/scubadiveredsea.com\\\/?s={search_term_string}\"},\"query-input\":{\"@type\":\"PropertyValueSpecification\",\"valueRequired\":true,\"valueName\":\"search_term_string\"}}],\"inLanguage\":\"fr-FR\"},{\"@type\":\"Organization\",\"@id\":\"https:\\\/\\\/scubadiveredsea.com\\\/#organization\",\"name\":\"scuba dive red sea\",\"url\":\"https:\\\/\\\/scubadiveredsea.com\\\/\",\"logo\":{\"@type\":\"ImageObject\",\"inLanguage\":\"fr-FR\",\"@id\":\"https:\\\/\\\/scubadiveredsea.com\\\/#\\\/schema\\\/logo\\\/image\\\/\",\"url\":\"https:\\\/\\\/scubadiveredsea.com\\\/wp-content\\\/uploads\\\/2026\\\/03\\\/cropped-Untitled-design.png\",\"contentUrl\":\"https:\\\/\\\/scubadiveredsea.com\\\/wp-content\\\/uploads\\\/2026\\\/03\\\/cropped-Untitled-design.png\",\"width\":1842,\"height\":1517,\"caption\":\"scuba dive red sea\"},\"image\":{\"@id\":\"https:\\\/\\\/scubadiveredsea.com\\\/#\\\/schema\\\/logo\\\/image\\\/\"},\"sameAs\":[\"https:\\\/\\\/www.facebook.com\\\/share\\\/16QfAbdyxd\\\/\",\"https:\\\/\\\/www.instagram.com\\\/scubadiveredsea\\\/\"]}]}<\/script>\n<!-- \/ Yoast SEO plugin. -->","yoast_head_json":{"title":"PADI Specialty Diver -","robots":{"index":"index","follow":"follow","max-snippet":"max-snippet:-1","max-image-preview":"max-image-preview:large","max-video-preview":"max-video-preview:-1"},"canonical":"https:\/\/scubadiveredsea.com\/fr\/specialist-diver\/","og_locale":"fr_FR","og_type":"article","og_title":"PADI Specialty Diver -","og_description":"PADI Specialty Diver Specialty Diver 2 Days &euro;280 4 divesAt this course you can go deeper and take license to dive 40 meters Kindly note if you need&#8230;","og_url":"https:\/\/scubadiveredsea.com\/fr\/specialist-diver\/","article_publisher":"https:\/\/www.facebook.com\/share\/16QfAbdyxd\/","article_modified_time":"2026-03-28T21:18:11+00:00","og_image":[{"url":"https:\/\/scubadiveredsea.com\/wp-content\/uploads\/2026\/02\/Gemini_Generated_Image_qstmr7qstmr7qstm-990x490.png","type":"","width":"","height":""}],"twitter_card":"summary_large_image","twitter_misc":{"Dur\u00e9e de lecture estim\u00e9e":"1 minute"},"schema":{"@context":"https:\/\/schema.org","@graph":[{"@type":"WebPage","@id":"https:\/\/scubadiveredsea.com\/specialist-diver\/","url":"https:\/\/scubadiveredsea.com\/specialist-diver\/","name":"PADI Specialty Diver -","isPartOf":{"@id":"https:\/\/scubadiveredsea.com\/#website"},"primaryImageOfPage":{"@id":"https:\/\/scubadiveredsea.com\/specialist-diver\/#primaryimage"},"image":{"@id":"https:\/\/scubadiveredsea.com\/specialist-diver\/#primaryimage"},"thumbnailUrl":"https:\/\/scubadiveredsea.com\/wp-content\/uploads\/2026\/02\/Gemini_Generated_Image_qstmr7qstmr7qstm-990x490.png","datePublished":"2026-02-12T14:26:13+00:00","dateModified":"2026-03-28T21:18:11+00:00","breadcrumb":{"@id":"https:\/\/scubadiveredsea.com\/specialist-diver\/#breadcrumb"},"inLanguage":"fr-FR","potentialAction":[{"@type":"ReadAction","target":["https:\/\/scubadiveredsea.com\/specialist-diver\/"]}]},{"@type":"ImageObject","inLanguage":"fr-FR","@id":"https:\/\/scubadiveredsea.com\/specialist-diver\/#primaryimage","url":"https:\/\/scubadiveredsea.com\/wp-content\/uploads\/2026\/02\/Gemini_Generated_Image_qstmr7qstmr7qstm-990x490.png","contentUrl":"https:\/\/scubadiveredsea.com\/wp-content\/uploads\/2026\/02\/Gemini_Generated_Image_qstmr7qstmr7qstm-990x490.png"},{"@type":"BreadcrumbList","@id":"https:\/\/scubadiveredsea.com\/specialist-diver\/#breadcrumb","itemListElement":[{"@type":"ListItem","position":1,"name":"Home","item":"https:\/\/scubadiveredsea.com\/"},{"@type":"ListItem","position":2,"name":"PADI Specialty Diver"}]},{"@type":"WebSite","@id":"https:\/\/scubadiveredsea.com\/#website","url":"https:\/\/scubadiveredsea.com\/","name":"scubadiveredsea","description":"","publisher":{"@id":"https:\/\/scubadiveredsea.com\/#organization"},"alternateName":"scuba dive red sea padi","potentialAction":[{"@type":"SearchAction","target":{"@type":"EntryPoint","urlTemplate":"https:\/\/scubadiveredsea.com\/?s={search_term_string}"},"query-input":{"@type":"PropertyValueSpecification","valueRequired":true,"valueName":"search_term_string"}}],"inLanguage":"fr-FR"},{"@type":"Organization","@id":"https:\/\/scubadiveredsea.com\/#organization","name":"scuba dive red sea","url":"https:\/\/scubadiveredsea.com\/","logo":{"@type":"ImageObject","inLanguage":"fr-FR","@id":"https:\/\/scubadiveredsea.com\/#\/schema\/logo\/image\/","url":"https:\/\/scubadiveredsea.com\/wp-content\/uploads\/2026\/03\/cropped-Untitled-design.png","contentUrl":"https:\/\/scubadiveredsea.com\/wp-content\/uploads\/2026\/03\/cropped-Untitled-design.png","width":1842,"height":1517,"caption":"scuba dive red sea"},"image":{"@id":"https:\/\/scubadiveredsea.com\/#\/schema\/logo\/image\/"},"sameAs":["https:\/\/www.facebook.com\/share\/16QfAbdyxd\/","https:\/\/www.instagram.com\/scubadiveredsea\/"]}]}},"_hostinger_reach_plugin_has_subscription_block":false,"_hostinger_reach_plugin_is_elementor":false,"_links":{"self":[{"href":"https:\/\/scubadiveredsea.com\/fr\/wp-json\/wp\/v2\/pages\/428","targetHints":{"allow":["GET"]}}],"collection":[{"href":"https:\/\/scubadiveredsea.com\/fr\/wp-json\/wp\/v2\/pages"}],"about":[{"href":"https:\/\/scubadiveredsea.com\/fr\/wp-json\/wp\/v2\/types\/page"}],"author":[{"embeddable":true,"href":"https:\/\/scubadiveredsea.com\/fr\/wp-json\/wp\/v2\/users\/1"}],"replies":[{"embeddable":true,"href":"https:\/\/scubadiveredsea.com\/fr\/wp-json\/wp\/v2\/comments?post=428"}],"version-history":[{"count":16,"href":"https:\/\/scubadiveredsea.com\/fr\/wp-json\/wp\/v2\/pages\/428\/revisions"}],"predecessor-version":[{"id":914,"href":"https:\/\/scubadiveredsea.com\/fr\/wp-json\/wp\/v2\/pages\/428\/revisions\/914"}],"wp:attachment":[{"href":"https:\/\/scubadiveredsea.com\/fr\/wp-json\/wp\/v2\/media?parent=428"}],"curies":[{"name":"wp","href":"https:\/\/api.w.org\/{rel}","templated":true}]}}