{"id":496,"date":"2026-02-13T00:02:04","date_gmt":"2026-02-13T00:02:04","guid":{"rendered":"https:\/\/scubadiveredsea.com\/?page_id=496"},"modified":"2026-04-11T13:28:49","modified_gmt":"2026-04-11T13:28:49","slug":"conditions-generales","status":"publish","type":"page","link":"https:\/\/scubadiveredsea.com\/fr\/terms-conditions\/","title":{"rendered":"Conditions g\u00e9n\u00e9rales"},"content":{"rendered":"<div data-elementor-type=\"wp-page\" data-elementor-id=\"496\" class=\"elementor elementor-496\" data-elementor-post-type=\"page\">\n\t\t\t\t<div class=\"aux-parallax-section elementor-element elementor-element-0b5af36 e-flex e-con-boxed e-con e-parent\" data-id=\"0b5af36\" data-element_type=\"container\" data-e-type=\"container\" data-settings=\"{&quot;background_background&quot;:&quot;classic&quot;}\">\n\t\t\t\t\t<div class=\"e-con-inner\">\n\t\t\t\t<div class=\"elementor-element elementor-element-41e9b83 elementor-widget elementor-widget-heading\" data-id=\"41e9b83\" data-element_type=\"widget\" data-e-type=\"widget\" data-widget_type=\"heading.default\">\n\t\t\t\t<div class=\"elementor-widget-container\">\n\t\t\t\t\t<h2 class=\"elementor-heading-title elementor-size-default\">Conditions g\u00e9n\u00e9rales <\/h2>\t\t\t\t<\/div>\n\t\t\t\t<\/div>\n\t\t\t\t\t<\/div>\n\t\t\t\t<\/div>\n\t\t<div class=\"aux-parallax-section elementor-element elementor-element-38bb937 e-flex e-con-boxed e-con e-parent\" data-id=\"38bb937\" data-element_type=\"container\" data-e-type=\"container\">\n\t\t\t\t\t<div class=\"e-con-inner\">\n\t\t\t\t<div class=\"elementor-element elementor-element-b50af50 elementor-widget elementor-widget-text-editor\" data-id=\"b50af50\" data-element_type=\"widget\" data-e-type=\"widget\" data-widget_type=\"text-editor.default\">\n\t\t\t\t<div class=\"elementor-widget-container\">\n\t\t\t\t\t\t\t\t\t<p data-start=\"26\" data-end=\"260\">Bienvenue sur le site web de <strong data-start=\"52\" data-end=\"70\">SCUBA DIVE RED SEA<\/strong>, proposant des services de plong\u00e9e et des activit\u00e9s nautiques, bas\u00e9 \u00e0 <strong data-start=\"130\" data-end=\"150\">Hurghada \u2013 Egypt<\/strong>.<br data-start=\"151\" data-end=\"154\" \/>En utilisant ce site web ou en r\u00e9servant une activit\u00e9 par son interm\u00e9diaire, vous acceptez les conditions g\u00e9n\u00e9rales suivantes\u00a0:<\/p><hr data-start=\"262\" data-end=\"265\" \/><h3 data-section-id=\"10fnl9g\" data-start=\"267\" data-end=\"293\">1. Acceptation des conditions<\/h3><p data-start=\"295\" data-end=\"431\">En utilisant ce site web, vous acceptez de vous conformer aux pr\u00e9sentes conditions. Si vous n'\u00eates pas d'accord, veuillez vous abstenir d'utiliser le site web ou nos services.<\/p><hr data-start=\"433\" data-end=\"436\" \/><h3 data-section-id=\"11pau4j\" data-start=\"438\" data-end=\"462\">2. Services fournis<\/h3><p data-start=\"464\" data-end=\"514\">Nous proposons des services incluant, sans s'y limiter\u00a0:<\/p><ul data-start=\"516\" data-end=\"636\"><li data-section-id=\"1frbwuk\" data-start=\"516\" data-end=\"545\"><p data-start=\"518\" data-end=\"545\">Voyages de plong\u00e9e r\u00e9cr\u00e9ative<\/p><\/li><li data-section-id=\"1r9k5ar\" data-start=\"546\" data-end=\"563\"><p data-start=\"548\" data-end=\"563\">Programmes PADI<\/p><\/li><li data-section-id=\"180u6gx\" data-start=\"564\" data-end=\"589\"><p data-start=\"566\" data-end=\"589\">Activit\u00e9s de plong\u00e9e en apn\u00e9e<\/p><\/li><li data-section-id=\"11ceq1x\" data-start=\"590\" data-end=\"610\"><p data-start=\"592\" data-end=\"610\">Excursions quotidiennes en bateau<\/p><\/li><li data-section-id=\"zbl7yx\" data-start=\"611\" data-end=\"636\"><p data-start=\"613\" data-end=\"636\">location de mat\u00e9riel de plong\u00e9e<\/p><\/li><\/ul><hr data-start=\"638\" data-end=\"641\" \/><h3 data-section-id=\"cdfdv2\" data-start=\"643\" data-end=\"676\">3. Conditions de participation<\/h3><ul data-start=\"678\" data-end=\"962\"><li data-section-id=\"onhtz0\" data-start=\"678\" data-end=\"739\"><p data-start=\"680\" data-end=\"739\">Les participants doivent \u00eatre m\u00e9dicalement aptes \u00e0 la pratique de la plong\u00e9e.<\/p><\/li><li data-section-id=\"1ukdei9\" data-start=\"740\" data-end=\"797\"><p data-start=\"742\" data-end=\"797\">Un certificat m\u00e9dical peut \u00eatre exig\u00e9 si n\u00e9cessaire.<\/p><\/li><li data-section-id=\"fb0v6x\" data-start=\"798\" data-end=\"904\"><p data-start=\"800\" data-end=\"904\">Certains programmes exigent une qualification de plong\u00e9e certifi\u00e9e (telle que <strong data-start=\"864\" data-end=\"883\">PADI Open Water<\/strong> or an equivalent).<\/p><\/li><li data-section-id=\"1qnpld\" data-start=\"905\" data-end=\"962\"><p data-start=\"907\" data-end=\"962\">Les conditions d'\u00e2ge minimum varient selon le programme.<\/p><\/li><\/ul><hr data-start=\"964\" data-end=\"967\" \/><h3 data-section-id=\"xspig0\" data-start=\"969\" data-end=\"995\">4. Responsabilit\u00e9 et risques<\/h3><p data-start=\"997\" data-end=\"1104\">La plong\u00e9e est un sport qui comporte des risques potentiels.<br data-start=\"1045\" data-end=\"1048\" \/>En r\u00e9servant avec nous, le client reconna\u00eet que\u00a0:<\/p><ul data-start=\"1106\" data-end=\"1313\"><li data-section-id=\"1lvkope\" data-start=\"1106\" data-end=\"1164\"><p data-start=\"1108\" data-end=\"1164\">Comprendre la nature des risques associ\u00e9s \u00e0 la plong\u00e9e.<\/p><\/li><li data-section-id=\"1urdyg4\" data-start=\"1165\" data-end=\"1227\"><p data-start=\"1167\" data-end=\"1227\">Accepter la responsabilit\u00e9 personnelle de leur \u00e9tat de sant\u00e9.<\/p><\/li><li data-section-id=\"1ce8g66\" data-start=\"1228\" data-end=\"1313\"><p data-start=\"1230\" data-end=\"1313\">Acceptez de suivre les instructions des instructeurs et des guides tout au long de l'activit\u00e9.<\/p><\/li><\/ul><p data-start=\"1315\" data-end=\"1386\">La soci\u00e9t\u00e9 d\u00e9cline toute responsabilit\u00e9 en cas de blessure ou de dommage r\u00e9sultant de\u00a0:<\/p><ul data-start=\"1388\" data-end=\"1556\"><li data-section-id=\"16b0dza\" data-start=\"1388\" data-end=\"1422\"><p data-start=\"1390\" data-end=\"1422\">Dissimulation d'informations m\u00e9dicales<\/p><\/li><li data-section-id=\"l13kvd\" data-start=\"1423\" data-end=\"1457\"><p data-start=\"1425\" data-end=\"1457\">Non-respect des instructions<\/p><\/li><li data-section-id=\"q1zc1j\" data-start=\"1458\" data-end=\"1556\"><p data-start=\"1460\" data-end=\"1556\">Circonstances de force majeure ind\u00e9pendantes de notre volont\u00e9 (conditions m\u00e9t\u00e9orologiques, d\u00e9cisions des garde-c\u00f4tes, etc.)<\/p><\/li><\/ul><hr data-start=\"1558\" data-end=\"1561\" \/><h3 data-section-id=\"1mc8qn9\" data-start=\"1563\" data-end=\"1596\">5. Politique de r\u00e9servation et de paiement<\/h3><ul data-start=\"1598\" data-end=\"1831\"><li data-section-id=\"xwrsfj\" data-start=\"1598\" data-end=\"1690\"><p data-start=\"1600\" data-end=\"1690\">Une r\u00e9servation est consid\u00e9r\u00e9e comme confirm\u00e9e d\u00e8s lors que le client y consent verbalement ou par \u00e9crit.<\/p><\/li><li data-section-id=\"1p89hwe\" data-start=\"1691\" data-end=\"1778\"><p data-start=\"1693\" data-end=\"1778\">Une r\u00e9servation est consid\u00e9r\u00e9e comme confirm\u00e9e d\u00e8s lors que le client y consent verbalement ou par \u00e9crit.<\/p><\/li><li data-section-id=\"1jr5cun\" data-start=\"1779\" data-end=\"1831\"><p data-start=\"1781\" data-end=\"1831\">Les prix sont susceptibles d'\u00eatre modifi\u00e9s sans pr\u00e9avis.<\/p><\/li><\/ul><hr data-start=\"1833\" data-end=\"1836\" \/><h3 data-section-id=\"110kc5o\" data-start=\"1838\" data-end=\"1875\">6. Politique d'annulation et de remboursement<\/h3><ul data-start=\"1877\" data-end=\"2290\"><li data-section-id=\"qnwuz4\" data-start=\"1877\" data-end=\"1972\"><p data-start=\"1879\" data-end=\"1972\">Annulation le premier jour du programme\u00a0: <strong data-start=\"1925\" data-end=\"1970\">50% du montant total seront d\u00e9duits.<\/strong><\/p><\/li><li data-section-id=\"c37suz\" data-start=\"1973\" data-end=\"2071\"><p data-start=\"1975\" data-end=\"2071\">Annulation le deuxi\u00e8me jour ou apr\u00e8s le d\u00e9but du programme\u00a0: <strong data-start=\"2040\" data-end=\"2069\">Aucun remboursement ne sera effectu\u00e9.<\/strong><\/p><\/li><li data-section-id=\"10i962g\" data-start=\"2072\" data-end=\"2290\"><p data-start=\"2074\" data-end=\"2290\">Si l'activit\u00e9 est annul\u00e9e par la soci\u00e9t\u00e9 en raison de mauvaises conditions m\u00e9t\u00e9orologiques ou d'autres raisons organisationnelles ind\u00e9pendantes de notre volont\u00e9, l'activit\u00e9 sera reprogramm\u00e9e ou une solution alternative sera convenue entre les deux parties.<\/p><\/li><\/ul><hr data-start=\"2292\" data-end=\"2295\" \/><h3 data-section-id=\"1gf0dut\" data-start=\"2297\" data-end=\"2313\">7. Assurance<\/h3><p data-start=\"2315\" data-end=\"2472\">Nous recommandons \u00e0 tous les participants de souscrire une assurance couvrant les activit\u00e9s de plong\u00e9e. La soci\u00e9t\u00e9 d\u00e9cline toute responsabilit\u00e9 pour les frais m\u00e9dicaux non couverts.<\/p><hr data-start=\"2474\" data-end=\"2477\" \/><h3 data-section-id=\"14tet1m\" data-start=\"2479\" data-end=\"2509\">8. Utilisation des photos et des m\u00e9dias<\/h3><p data-start=\"2511\" data-end=\"2665\">L\u2019entreprise se r\u00e9serve le droit d\u2019utiliser les photos et vid\u00e9os prises lors des activit\u00e9s \u00e0 des fins de marketing, sauf demande contraire \u00e9crite du client.<\/p><hr data-start=\"2667\" data-end=\"2670\" \/><h3 data-section-id=\"vv9eq2\" data-start=\"2672\" data-end=\"2700\">9. Propri\u00e9t\u00e9 intellectuelle<\/h3><p data-start=\"2702\" data-end=\"2830\">L'ensemble du contenu du site web (textes, images, logos) est la propri\u00e9t\u00e9 de <strong data-start=\"52\" data-end=\"70\">SCUBA DIVE RED SEA<\/strong>\u00a0et ne peut \u00eatre utilis\u00e9e sans autorisation \u00e9crite.<\/p><hr data-start=\"2832\" data-end=\"2835\" \/><h3 data-section-id=\"1qb5y6s\" data-start=\"2837\" data-end=\"2858\">10. Droit applicable<\/h3><p data-start=\"2860\" data-end=\"3042\" data-is-last-node=\"\" data-is-only-node=\"\">Les pr\u00e9sentes conditions g\u00e9n\u00e9rales sont r\u00e9gies par les lois de <strong data-start=\"2919\" data-end=\"2945\">R\u00e9publique arabe d'\u00c9gypte<\/strong>et tout litige en d\u00e9coulant rel\u00e8vera de la comp\u00e9tence des tribunaux \u00e9gyptiens.\u00a0<\/p>\t\t\t\t\t\t\t\t<\/div>\n\t\t\t\t<\/div>\n\t\t\t\t\t<\/div>\n\t\t\t\t<\/div>\n\t\t\t\t<\/div>","protected":false},"excerpt":{"rendered":"<p>Terms &amp; Conditions Welcome to the website of SCUBA DIVE RED SEA, providing diving services and marine activities, based in Hurghada \u2013 Egypt.By using this website or booking any activity through it, you agree to the following Terms and Conditions: 1. Acceptance of Terms By using this website, you agree to comply with these terms. [&hellip;]<\/p>\n","protected":false},"author":1,"featured_media":0,"parent":0,"menu_order":0,"comment_status":"closed","ping_status":"closed","template":"","meta":{"footnotes":""},"class_list":["post-496","page","type-page","status-publish","hentry"],"yoast_head":"<!-- This site is optimized with the Yoast SEO plugin v27.4 - https:\/\/yoast.com\/product\/yoast-seo-wordpress\/ -->\n<title>Terms &amp; Conditions | Scuba Diving Hurghada \u2013 Red Sea Policies<\/title>\n<meta name=\"description\" content=\"Read our scuba diving terms and conditions in Hurghada. Learn about bookings, payments, cancellations, safety requirements, and diving policies before your Red Sea experience.\" \/>\n<meta name=\"robots\" content=\"index, follow, max-snippet:-1, max-image-preview:large, max-video-preview:-1\" \/>\n<link rel=\"canonical\" href=\"https:\/\/scubadiveredsea.com\/fr\/conditions-generales\/\" \/>\n<meta property=\"og:locale\" content=\"fr_FR\" \/>\n<meta property=\"og:type\" content=\"article\" \/>\n<meta property=\"og:title\" content=\"Terms &amp; Conditions | Scuba Diving Hurghada \u2013 Red Sea Policies\" \/>\n<meta property=\"og:description\" content=\"Read our scuba diving terms and conditions in Hurghada. Learn about bookings, payments, cancellations, safety requirements, and diving policies before your Red Sea experience.\" \/>\n<meta property=\"og:url\" content=\"https:\/\/scubadiveredsea.com\/fr\/conditions-generales\/\" \/>\n<meta property=\"article:publisher\" content=\"https:\/\/www.facebook.com\/share\/16QfAbdyxd\/\" \/>\n<meta property=\"article:modified_time\" content=\"2026-04-11T13:28:49+00:00\" \/>\n<meta property=\"og:image\" content=\"https:\/\/scubadiveredsea.com\/wp-content\/uploads\/2026\/02\/ChatGPT-Image-Feb-8-2026-12_48_27-AM-1024x1024.png\" \/>\n\t<meta property=\"og:image:width\" content=\"1024\" \/>\n\t<meta property=\"og:image:height\" content=\"1024\" \/>\n\t<meta property=\"og:image:type\" content=\"image\/png\" \/>\n<meta name=\"twitter:card\" content=\"summary_large_image\" \/>\n<meta name=\"twitter:label1\" content=\"Dur\u00e9e de lecture estim\u00e9e\" \/>\n\t<meta name=\"twitter:data1\" content=\"2 minutes\" \/>\n<script type=\"application\/ld+json\" class=\"yoast-schema-graph\">{\"@context\":\"https:\\\/\\\/schema.org\",\"@graph\":[{\"@type\":\"WebPage\",\"@id\":\"https:\\\/\\\/scubadiveredsea.com\\\/terms-conditions\\\/\",\"url\":\"https:\\\/\\\/scubadiveredsea.com\\\/terms-conditions\\\/\",\"name\":\"Terms & Conditions | Scuba Diving Hurghada \u2013 Red Sea Policies\",\"isPartOf\":{\"@id\":\"https:\\\/\\\/scubadiveredsea.com\\\/#website\"},\"datePublished\":\"2026-02-13T00:02:04+00:00\",\"dateModified\":\"2026-04-11T13:28:49+00:00\",\"description\":\"Read our scuba diving terms and conditions in Hurghada. Learn about bookings, payments, cancellations, safety requirements, and diving policies before your Red Sea experience.\",\"breadcrumb\":{\"@id\":\"https:\\\/\\\/scubadiveredsea.com\\\/terms-conditions\\\/#breadcrumb\"},\"inLanguage\":\"fr-FR\",\"potentialAction\":[{\"@type\":\"ReadAction\",\"target\":[\"https:\\\/\\\/scubadiveredsea.com\\\/terms-conditions\\\/\"]}]},{\"@type\":\"BreadcrumbList\",\"@id\":\"https:\\\/\\\/scubadiveredsea.com\\\/terms-conditions\\\/#breadcrumb\",\"itemListElement\":[{\"@type\":\"ListItem\",\"position\":1,\"name\":\"Home\",\"item\":\"https:\\\/\\\/scubadiveredsea.com\\\/\"},{\"@type\":\"ListItem\",\"position\":2,\"name\":\"Terms &amp; Conditions\"}]},{\"@type\":\"WebSite\",\"@id\":\"https:\\\/\\\/scubadiveredsea.com\\\/#website\",\"url\":\"https:\\\/\\\/scubadiveredsea.com\\\/\",\"name\":\"scubadiveredsea\",\"description\":\"\",\"publisher\":{\"@id\":\"https:\\\/\\\/scubadiveredsea.com\\\/#organization\"},\"alternateName\":\"scuba dive red sea padi\",\"potentialAction\":[{\"@type\":\"SearchAction\",\"target\":{\"@type\":\"EntryPoint\",\"urlTemplate\":\"https:\\\/\\\/scubadiveredsea.com\\\/?s={search_term_string}\"},\"query-input\":{\"@type\":\"PropertyValueSpecification\",\"valueRequired\":true,\"valueName\":\"search_term_string\"}}],\"inLanguage\":\"fr-FR\"},{\"@type\":\"Organization\",\"@id\":\"https:\\\/\\\/scubadiveredsea.com\\\/#organization\",\"name\":\"scuba dive red sea\",\"url\":\"https:\\\/\\\/scubadiveredsea.com\\\/\",\"logo\":{\"@type\":\"ImageObject\",\"inLanguage\":\"fr-FR\",\"@id\":\"https:\\\/\\\/scubadiveredsea.com\\\/#\\\/schema\\\/logo\\\/image\\\/\",\"url\":\"https:\\\/\\\/scubadiveredsea.com\\\/wp-content\\\/uploads\\\/2026\\\/03\\\/cropped-Untitled-design.png\",\"contentUrl\":\"https:\\\/\\\/scubadiveredsea.com\\\/wp-content\\\/uploads\\\/2026\\\/03\\\/cropped-Untitled-design.png\",\"width\":1842,\"height\":1517,\"caption\":\"scuba dive red sea\"},\"image\":{\"@id\":\"https:\\\/\\\/scubadiveredsea.com\\\/#\\\/schema\\\/logo\\\/image\\\/\"},\"sameAs\":[\"https:\\\/\\\/www.facebook.com\\\/share\\\/16QfAbdyxd\\\/\",\"https:\\\/\\\/www.instagram.com\\\/scubadiveredsea\\\/\"]}]}<\/script>\n<!-- \/ Yoast SEO plugin. -->","yoast_head_json":{"title":"Terms & Conditions | Scuba Diving Hurghada \u2013 Red Sea Policies","description":"Read our scuba diving terms and conditions in Hurghada. Learn about bookings, payments, cancellations, safety requirements, and diving policies before your Red Sea experience.","robots":{"index":"index","follow":"follow","max-snippet":"max-snippet:-1","max-image-preview":"max-image-preview:large","max-video-preview":"max-video-preview:-1"},"canonical":"https:\/\/scubadiveredsea.com\/fr\/conditions-generales\/","og_locale":"fr_FR","og_type":"article","og_title":"Terms & Conditions | Scuba Diving Hurghada \u2013 Red Sea Policies","og_description":"Read our scuba diving terms and conditions in Hurghada. Learn about bookings, payments, cancellations, safety requirements, and diving policies before your Red Sea experience.","og_url":"https:\/\/scubadiveredsea.com\/fr\/conditions-generales\/","article_publisher":"https:\/\/www.facebook.com\/share\/16QfAbdyxd\/","article_modified_time":"2026-04-11T13:28:49+00:00","og_image":[{"width":1024,"height":1024,"url":"https:\/\/scubadiveredsea.com\/wp-content\/uploads\/2026\/02\/ChatGPT-Image-Feb-8-2026-12_48_27-AM-1024x1024.png","type":"image\/png"}],"twitter_card":"summary_large_image","twitter_misc":{"Dur\u00e9e de lecture estim\u00e9e":"2 minutes"},"schema":{"@context":"https:\/\/schema.org","@graph":[{"@type":"WebPage","@id":"https:\/\/scubadiveredsea.com\/terms-conditions\/","url":"https:\/\/scubadiveredsea.com\/terms-conditions\/","name":"Terms & Conditions | Scuba Diving Hurghada \u2013 Red Sea Policies","isPartOf":{"@id":"https:\/\/scubadiveredsea.com\/#website"},"datePublished":"2026-02-13T00:02:04+00:00","dateModified":"2026-04-11T13:28:49+00:00","description":"Read our scuba diving terms and conditions in Hurghada. Learn about bookings, payments, cancellations, safety requirements, and diving policies before your Red Sea experience.","breadcrumb":{"@id":"https:\/\/scubadiveredsea.com\/terms-conditions\/#breadcrumb"},"inLanguage":"fr-FR","potentialAction":[{"@type":"ReadAction","target":["https:\/\/scubadiveredsea.com\/terms-conditions\/"]}]},{"@type":"BreadcrumbList","@id":"https:\/\/scubadiveredsea.com\/terms-conditions\/#breadcrumb","itemListElement":[{"@type":"ListItem","position":1,"name":"Home","item":"https:\/\/scubadiveredsea.com\/"},{"@type":"ListItem","position":2,"name":"Terms &amp; Conditions"}]},{"@type":"WebSite","@id":"https:\/\/scubadiveredsea.com\/#website","url":"https:\/\/scubadiveredsea.com\/","name":"scubadiveredsea","description":"","publisher":{"@id":"https:\/\/scubadiveredsea.com\/#organization"},"alternateName":"scuba dive red sea padi","potentialAction":[{"@type":"SearchAction","target":{"@type":"EntryPoint","urlTemplate":"https:\/\/scubadiveredsea.com\/?s={search_term_string}"},"query-input":{"@type":"PropertyValueSpecification","valueRequired":true,"valueName":"search_term_string"}}],"inLanguage":"fr-FR"},{"@type":"Organization","@id":"https:\/\/scubadiveredsea.com\/#organization","name":"scuba dive red sea","url":"https:\/\/scubadiveredsea.com\/","logo":{"@type":"ImageObject","inLanguage":"fr-FR","@id":"https:\/\/scubadiveredsea.com\/#\/schema\/logo\/image\/","url":"https:\/\/scubadiveredsea.com\/wp-content\/uploads\/2026\/03\/cropped-Untitled-design.png","contentUrl":"https:\/\/scubadiveredsea.com\/wp-content\/uploads\/2026\/03\/cropped-Untitled-design.png","width":1842,"height":1517,"caption":"scuba dive red sea"},"image":{"@id":"https:\/\/scubadiveredsea.com\/#\/schema\/logo\/image\/"},"sameAs":["https:\/\/www.facebook.com\/share\/16QfAbdyxd\/","https:\/\/www.instagram.com\/scubadiveredsea\/"]}]}},"_hostinger_reach_plugin_has_subscription_block":false,"_hostinger_reach_plugin_is_elementor":false,"_links":{"self":[{"href":"https:\/\/scubadiveredsea.com\/fr\/wp-json\/wp\/v2\/pages\/496","targetHints":{"allow":["GET"]}}],"collection":[{"href":"https:\/\/scubadiveredsea.com\/fr\/wp-json\/wp\/v2\/pages"}],"about":[{"href":"https:\/\/scubadiveredsea.com\/fr\/wp-json\/wp\/v2\/types\/page"}],"author":[{"embeddable":true,"href":"https:\/\/scubadiveredsea.com\/fr\/wp-json\/wp\/v2\/users\/1"}],"replies":[{"embeddable":true,"href":"https:\/\/scubadiveredsea.com\/fr\/wp-json\/wp\/v2\/comments?post=496"}],"version-history":[{"count":10,"href":"https:\/\/scubadiveredsea.com\/fr\/wp-json\/wp\/v2\/pages\/496\/revisions"}],"predecessor-version":[{"id":1129,"href":"https:\/\/scubadiveredsea.com\/fr\/wp-json\/wp\/v2\/pages\/496\/revisions\/1129"}],"wp:attachment":[{"href":"https:\/\/scubadiveredsea.com\/fr\/wp-json\/wp\/v2\/media?parent=496"}],"curies":[{"name":"wp","href":"https:\/\/api.w.org\/{rel}","templated":true}]}}