{"id":498,"date":"2026-02-13T00:02:24","date_gmt":"2026-02-13T00:02:24","guid":{"rendered":"https:\/\/scubadiveredsea.com\/?page_id=498"},"modified":"2026-04-11T13:38:46","modified_gmt":"2026-04-11T13:38:46","slug":"privacy-policy","status":"publish","type":"page","link":"https:\/\/scubadiveredsea.com\/fr\/privacy-policy\/","title":{"rendered":"Politique de confidentialit\u00e9"},"content":{"rendered":"<div data-elementor-type=\"wp-page\" data-elementor-id=\"498\" class=\"elementor elementor-498\" data-elementor-post-type=\"page\">\n\t\t\t\t<div class=\"aux-parallax-section elementor-element elementor-element-e71a497 e-flex e-con-boxed e-con e-parent\" data-id=\"e71a497\" data-element_type=\"container\" data-e-type=\"container\" data-settings=\"{&quot;background_background&quot;:&quot;classic&quot;}\">\n\t\t\t\t\t<div class=\"e-con-inner\">\n\t\t\t\t<div class=\"elementor-element elementor-element-558905a elementor-widget elementor-widget-heading\" data-id=\"558905a\" data-element_type=\"widget\" data-e-type=\"widget\" data-widget_type=\"heading.default\">\n\t\t\t\t<div class=\"elementor-widget-container\">\n\t\t\t\t\t<h2 class=\"elementor-heading-title elementor-size-default\">Politique de confidentialit\u00e9<\/h2>\t\t\t\t<\/div>\n\t\t\t\t<\/div>\n\t\t\t\t\t<\/div>\n\t\t\t\t<\/div>\n\t\t<div class=\"aux-parallax-section elementor-element elementor-element-566f358 e-flex e-con-boxed e-con e-parent\" data-id=\"566f358\" data-element_type=\"container\" data-e-type=\"container\">\n\t\t\t\t\t<div class=\"e-con-inner\">\n\t\t\t\t<div class=\"elementor-element elementor-element-87a0aa5 elementor-widget elementor-widget-text-editor\" data-id=\"87a0aa5\" data-element_type=\"widget\" data-e-type=\"widget\" data-widget_type=\"text-editor.default\">\n\t\t\t\t<div class=\"elementor-widget-container\">\n\t\t\t\t\t\t\t\t\t<p data-start=\"140\" data-end=\"401\">Bienvenue sur le site web de <strong data-start=\"166\" data-end=\"184\">SCUBA DIVE RED SEA<\/strong>, un prestataire de plong\u00e9e et d'activit\u00e9s nautiques bas\u00e9 \u00e0 <strong data-start=\"235\" data-end=\"254\">Hurghada, \u00c9gypte<\/strong>.<br data-start=\"255\" data-end=\"258\" \/>La pr\u00e9sente politique de confidentialit\u00e9 explique comment nous recueillons, utilisons, stockons et prot\u00e9geons vos donn\u00e9es personnelles lorsque vous visitez notre site Web ou r\u00e9servez l'un de nos services.<\/p><p data-start=\"403\" data-end=\"608\">Nous nous engageons \u00e0 prot\u00e9ger votre vie priv\u00e9e et \u00e0 traiter vos donn\u00e9es personnelles conform\u00e9ment aux lois applicables en mati\u00e8re de protection des donn\u00e9es, notamment la <strong data-start=\"545\" data-end=\"590\">R\u00e8glement g\u00e9n\u00e9ral sur la protection des donn\u00e9es (RGPD)<\/strong> le cas \u00e9ch\u00e9ant.<\/p><hr data-start=\"610\" data-end=\"613\" \/><h2 data-section-id=\"16fdq39\" data-start=\"615\" data-end=\"635\">1. Responsable du traitement des donn\u00e9es<\/h2><p data-start=\"637\" data-end=\"712\">Aux fins des lois applicables en mati\u00e8re de protection des donn\u00e9es, le responsable du traitement des donn\u00e9es est\u00a0:<\/p><p data-start=\"714\" data-end=\"795\"><strong data-start=\"166\" data-end=\"184\">SCUBA DIVE RED SEA<\/strong><br data-start=\"732\" data-end=\"735\" \/>Hurghada \u2013 Egypt<br data-start=\"751\" data-end=\"754\" \/>Email: info@scubadiveredsea.com<br data-start=\"773\" data-end=\"776\" \/>Phone: +20 1040200325<\/p><hr data-start=\"797\" data-end=\"800\" \/><h2 data-section-id=\"1b48zwe\" data-start=\"802\" data-end=\"831\">2. Donn\u00e9es personnelles que nous collectons<\/h2><p data-start=\"833\" data-end=\"888\">Nous pouvons collecter et traiter les donn\u00e9es personnelles suivantes\u00a0:<\/p><h3 data-section-id=\"d6sf2a\" data-start=\"890\" data-end=\"926\">Les informations que vous fournissez directement<\/h3><ul data-start=\"927\" data-end=\"1184\"><li data-section-id=\"apwdks\" data-start=\"927\" data-end=\"940\"><p data-start=\"929\" data-end=\"940\">Nom et pr\u00e9nom<\/p><\/li><li data-section-id=\"wk4jiq\" data-start=\"941\" data-end=\"958\"><p data-start=\"943\" data-end=\"958\">Adresse email<\/p><\/li><li data-section-id=\"1tzdck7\" data-start=\"959\" data-end=\"975\"><p data-start=\"961\" data-end=\"975\">Num\u00e9ro de t\u00e9l\u00e9phone<\/p><\/li><li data-section-id=\"ju40j6\" data-start=\"976\" data-end=\"991\"><p data-start=\"978\" data-end=\"991\">Nationalit\u00e9<\/p><\/li><li data-section-id=\"1egrxph\" data-start=\"992\" data-end=\"1024\"><p data-start=\"994\" data-end=\"1024\">D\u00e9tails de la r\u00e9servation et de l'activit\u00e9<\/p><\/li><li data-section-id=\"3xrlyp\" data-start=\"1025\" data-end=\"1093\"><p data-start=\"1027\" data-end=\"1093\">Informations de paiement (trait\u00e9es par des prestataires de paiement s\u00e9curis\u00e9s)<\/p><\/li><li data-section-id=\"cq1gte\" data-start=\"1094\" data-end=\"1184\"><p data-start=\"1096\" data-end=\"1184\">Informations sanitaires ou m\u00e9dicales pertinentes pour la s\u00e9curit\u00e9 en plong\u00e9e (uniquement lorsqu'elles sont fournies volontairement)<\/p><\/li><\/ul><h3 data-section-id=\"1i739ww\" data-start=\"1186\" data-end=\"1225\">Informations collect\u00e9es automatiquement<\/h3><p data-start=\"1226\" data-end=\"1268\">Lorsque vous visitez notre site web, nous pouvons collecter\u00a0:<\/p><ul data-start=\"1270\" data-end=\"1408\"><li data-section-id=\"btxcx3\" data-start=\"1270\" data-end=\"1284\"><p data-start=\"1272\" data-end=\"1284\">Adresse IP<\/p><\/li><li data-section-id=\"1cg95ss\" data-start=\"1285\" data-end=\"1301\"><p data-start=\"1287\" data-end=\"1301\">Type de navigateur<\/p><\/li><li data-section-id=\"4xakv0\" data-start=\"1302\" data-end=\"1324\"><p data-start=\"1304\" data-end=\"1324\">Informations sur l'appareil<\/p><\/li><li data-section-id=\"lg2o3d\" data-start=\"1325\" data-end=\"1372\"><p data-start=\"1327\" data-end=\"1372\">Pages consult\u00e9es et temps pass\u00e9 sur le site web<\/p><\/li><li data-section-id=\"1sod5ln\" data-start=\"1373\" data-end=\"1408\"><p data-start=\"1375\" data-end=\"1408\">Cookies et technologies de suivi<\/p><\/li><\/ul><hr data-start=\"1410\" data-end=\"1413\" \/><h2 data-section-id=\"tzcqpu\" data-start=\"1415\" data-end=\"1453\">3. Base juridique du traitement (RGPD)<\/h2><p data-start=\"1455\" data-end=\"1513\">Nous traitons les donn\u00e9es personnelles sur la base des fondements juridiques suivants\u00a0:<\/p><p data-start=\"1515\" data-end=\"1540\"><strong data-start=\"1515\" data-end=\"1540\">n\u00e9cessit\u00e9 contractuelle<\/strong><\/p><ul data-start=\"1541\" data-end=\"1591\"><li data-section-id=\"74vn41\" data-start=\"1541\" data-end=\"1591\"><p data-start=\"1543\" data-end=\"1591\">Traiter les r\u00e9servations et fournir des services de plong\u00e9e.<\/p><\/li><\/ul><p data-start=\"1593\" data-end=\"1617\"><strong data-start=\"1593\" data-end=\"1617\">Int\u00e9r\u00eats l\u00e9gitimes<\/strong><\/p><ul data-start=\"1618\" data-end=\"1705\"><li data-section-id=\"1vjopm9\" data-start=\"1618\" data-end=\"1656\"><p data-start=\"1620\" data-end=\"1656\">Pour am\u00e9liorer notre site web et nos services.<\/p><\/li><li data-section-id=\"9br0g4\" data-start=\"1657\" data-end=\"1705\"><p data-start=\"1659\" data-end=\"1705\">Afin de garantir les exigences op\u00e9rationnelles et de s\u00e9curit\u00e9.<\/p><\/li><\/ul><p data-start=\"1707\" data-end=\"1718\"><strong data-start=\"1707\" data-end=\"1718\">consentement<\/strong><\/p><ul data-start=\"1719\" data-end=\"1796\"><li data-section-id=\"13gjb6y\" data-start=\"1719\" data-end=\"1750\"><p data-start=\"1721\" data-end=\"1750\">Pour les communications marketing.<\/p><\/li><li data-section-id=\"9j9pby\" data-start=\"1751\" data-end=\"1796\"><p data-start=\"1753\" data-end=\"1796\">Pour certains cookies et le suivi analytique.<\/p><\/li><\/ul><p data-start=\"1798\" data-end=\"1819\"><strong data-start=\"1798\" data-end=\"1819\">Obligations l\u00e9gales<\/strong><\/p><ul data-start=\"1820\" data-end=\"1886\"><li data-section-id=\"1h5a1t9\" data-start=\"1820\" data-end=\"1886\"><p data-start=\"1822\" data-end=\"1886\">Lorsque nous devons nous conformer aux lois ou r\u00e9glementations locales.<\/p><\/li><\/ul><hr data-start=\"1888\" data-end=\"1891\" \/><h2 data-section-id=\"df9dto\" data-start=\"1893\" data-end=\"1918\">4. Comment nous utilisons vos donn\u00e9es<\/h2><p data-start=\"1920\" data-end=\"1954\">Vos donn\u00e9es personnelles peuvent \u00eatre utilis\u00e9es pour\u00a0:<\/p><ul data-start=\"1956\" data-end=\"2216\"><li data-section-id=\"1m5kz8z\" data-start=\"1956\" data-end=\"1987\"><p data-start=\"1958\" data-end=\"1987\">Traiter et g\u00e9rer les r\u00e9servations<\/p><\/li><li data-section-id=\"19bohp0\" data-start=\"1988\" data-end=\"2046\"><p data-start=\"1990\" data-end=\"2046\">Communiquer les confirmations de r\u00e9servation et les d\u00e9tails des activit\u00e9s<\/p><\/li><li data-section-id=\"huza3h\" data-start=\"2047\" data-end=\"2089\"><p data-start=\"2049\" data-end=\"2089\">Assurez la s\u00e9curit\u00e9 lors des activit\u00e9s de plong\u00e9e<\/p><\/li><li data-section-id=\"nownww\" data-start=\"2090\" data-end=\"2118\"><p data-start=\"2092\" data-end=\"2118\">Fournir un soutien \u00e0 la client\u00e8le<\/p><\/li><li data-section-id=\"16hly45\" data-start=\"2119\" data-end=\"2170\"><p data-start=\"2121\" data-end=\"2170\">Am\u00e9liorer les performances du site web et l'exp\u00e9rience utilisateur<\/p><\/li><li data-section-id=\"w7mwnd\" data-start=\"2171\" data-end=\"2216\"><p data-start=\"2173\" data-end=\"2216\">Respecter les obligations l\u00e9gales et r\u00e9glementaires<\/p><\/li><\/ul><hr data-start=\"2218\" data-end=\"2221\" \/><h2 data-section-id=\"1kblk1x\" data-start=\"2223\" data-end=\"2240\">5. Partage de donn\u00e9es<\/h2><p data-start=\"2242\" data-end=\"2295\">Nous ne partageons vos donn\u00e9es personnelles avec que lorsque cela est n\u00e9cessaire\u00a0:<\/p><ul data-start=\"2297\" data-end=\"2483\"><li data-section-id=\"1m1dkxk\" data-start=\"2297\" data-end=\"2341\"><p data-start=\"2299\" data-end=\"2341\">Moniteurs de plong\u00e9e et personnel op\u00e9rationnel<\/p><\/li><li data-section-id=\"1c3rxro\" data-start=\"2342\" data-end=\"2406\"><p data-start=\"2344\" data-end=\"2406\">Les op\u00e9rateurs de bateaux ou les partenaires d'activit\u00e9s impliqu\u00e9s dans votre r\u00e9servation<\/p><\/li><li data-section-id=\"enron1\" data-start=\"2407\" data-end=\"2436\"><p data-start=\"2409\" data-end=\"2436\">prestataires de services de paiement<\/p><\/li><li data-section-id=\"1vfvbxd\" data-start=\"2437\" data-end=\"2483\"><p data-start=\"2439\" data-end=\"2483\">Les autorit\u00e9s gouvernementales lorsque la loi l'exige<\/p><\/li><\/ul><p data-start=\"2485\" data-end=\"2523\">We do <strong data-start=\"2491\" data-end=\"2522\">ne pas vendre vos donn\u00e9es personnelles<\/strong>.<\/p><hr data-start=\"2525\" data-end=\"2528\" \/><h2 data-section-id=\"19rs024\" data-start=\"2530\" data-end=\"2563\">6. Transferts internationaux de donn\u00e9es<\/h2><p data-start=\"2565\" data-end=\"2808\">Dans la mesure o\u00f9 nous servons une client\u00e8le internationale, vos donn\u00e9es personnelles peuvent \u00eatre transf\u00e9r\u00e9es et trait\u00e9es en dehors de votre pays de r\u00e9sidence.<br data-start=\"2688\" data-end=\"2691\" \/>Le cas \u00e9ch\u00e9ant, nous prenons les mesures de protection appropri\u00e9es pour garantir que vos donn\u00e9es sont prot\u00e9g\u00e9es conform\u00e9ment aux principes du RGPD.<\/p><hr data-start=\"2810\" data-end=\"2813\" \/><h2 data-section-id=\"gwgpa3\" data-start=\"2815\" data-end=\"2834\">7. Conservation des donn\u00e9es<\/h2><p data-start=\"2836\" data-end=\"2893\">Nous conservons les donn\u00e9es personnelles uniquement pendant la dur\u00e9e n\u00e9cessaire pour\u00a0:<\/p><ul data-start=\"2895\" data-end=\"3002\"><li data-section-id=\"1qkhv0d\" data-start=\"2895\" data-end=\"2919\"><p data-start=\"2897\" data-end=\"2919\">Fournir nos services<\/p><\/li><li data-section-id=\"m4gks\" data-start=\"2920\" data-end=\"2953\"><p data-start=\"2922\" data-end=\"2953\">Respectez vos obligations l\u00e9gales.<\/p><\/li><li data-section-id=\"1doa3qd\" data-start=\"2954\" data-end=\"2974\"><p data-start=\"2956\" data-end=\"2974\">R\u00e9soudre les conflits<\/p><\/li><li data-section-id=\"zfbtt5\" data-start=\"2975\" data-end=\"3002\"><p data-start=\"2977\" data-end=\"3002\">Tenir les registres commerciaux<\/p><\/li><\/ul><p data-start=\"3004\" data-end=\"3065\">Lorsque les donn\u00e9es ne seront plus n\u00e9cessaires, elles seront supprim\u00e9es de mani\u00e8re s\u00e9curis\u00e9e.<\/p><hr data-start=\"3067\" data-end=\"3070\" \/><h2 data-section-id=\"ppup29\" data-start=\"3072\" data-end=\"3111\">8. Vos droits en mati\u00e8re de protection des donn\u00e9es (RGPD)<\/h2><p data-start=\"3113\" data-end=\"3191\">Si vous r\u00e9sidez dans l'Espace \u00e9conomique europ\u00e9en (EEE), vous avez le droit de\u00a0:<\/p><ul data-start=\"3193\" data-end=\"3406\"><li data-section-id=\"16myggl\" data-start=\"3193\" data-end=\"3222\"><p data-start=\"3195\" data-end=\"3222\">Acc\u00e9dez \u00e0 vos donn\u00e9es personnelles<\/p><\/li><li data-section-id=\"1s60vg7\" data-start=\"3223\" data-end=\"3250\"><p data-start=\"3225\" data-end=\"3250\">Corriger les donn\u00e9es inexactes<\/p><\/li><li data-section-id=\"c1vn39\" data-start=\"3251\" data-end=\"3284\"><p data-start=\"3253\" data-end=\"3284\">Demandez la suppression de vos donn\u00e9es<\/p><\/li><li data-section-id=\"13qyzrr\" data-start=\"3285\" data-end=\"3321\"><p data-start=\"3287\" data-end=\"3321\">Limitez le traitement de vos donn\u00e9es<\/p><\/li><li data-section-id=\"1h52t71\" data-start=\"3322\" data-end=\"3346\"><p data-start=\"3324\" data-end=\"3346\">Opposition au traitement<\/p><\/li><li data-section-id=\"hacwqa\" data-start=\"3347\" data-end=\"3375\"><p data-start=\"3349\" data-end=\"3375\">Demande de portabilit\u00e9 des donn\u00e9es<\/p><\/li><li data-section-id=\"1a609te\" data-start=\"3376\" data-end=\"3406\"><p data-start=\"3378\" data-end=\"3406\">Retirer son consentement \u00e0 tout moment<\/p><\/li><\/ul><p data-start=\"3408\" data-end=\"3491\">Pour exercer l'un de ces droits, veuillez nous contacter en utilisant les coordonn\u00e9es ci-dessous.<\/p><hr data-start=\"3493\" data-end=\"3496\" \/><h2 data-section-id=\"1l2yzly\" data-start=\"3498\" data-end=\"3510\">9. Cookies<\/h2><p data-start=\"3512\" data-end=\"3621\">Notre site web utilise des cookies et des technologies similaires pour am\u00e9liorer l'exp\u00e9rience utilisateur et analyser les performances du site.<\/p><p data-start=\"3623\" data-end=\"3643\">Les cookies peuvent inclure\u00a0:<\/p><ul data-start=\"3645\" data-end=\"3747\"><li data-section-id=\"1iuflu\" data-start=\"3645\" data-end=\"3703\"><p data-start=\"3647\" data-end=\"3703\">Cookies essentiels (n\u00e9cessaires au fonctionnement du site web)<\/p><\/li><li data-section-id=\"x03ht5\" data-start=\"3704\" data-end=\"3725\"><p data-start=\"3706\" data-end=\"3725\">Cookies analytiques<\/p><\/li><li data-section-id=\"vmv5if\" data-start=\"3726\" data-end=\"3747\"><p data-start=\"3728\" data-end=\"3747\">Cookies de performance<\/p><\/li><\/ul><p data-start=\"3749\" data-end=\"3813\">Vous pouvez g\u00e9rer ou d\u00e9sactiver les cookies via les param\u00e8tres de votre navigateur.<\/p><hr data-start=\"3815\" data-end=\"3818\" \/><h2 data-section-id=\"yx54cv\" data-start=\"3820\" data-end=\"3839\">10. S\u00e9curit\u00e9 des donn\u00e9es<\/h2><p data-start=\"3841\" data-end=\"3997\">Nous mettons en \u0153uvre des mesures techniques et organisationnelles appropri\u00e9es pour prot\u00e9ger les donn\u00e9es personnelles contre tout acc\u00e8s, modification, divulgation ou destruction non autoris\u00e9s.<\/p><p data-start=\"3999\" data-end=\"4050\">Cependant, aucun syst\u00e8me ne peut garantir une s\u00e9curit\u00e9 absolue.<\/p><hr data-start=\"4052\" data-end=\"4055\" \/><h2 data-section-id=\"uad79c\" data-start=\"4057\" data-end=\"4083\">11. Sites Web tiers<\/h2><p data-start=\"4085\" data-end=\"4215\">Notre site web peut contenir des liens vers des sites web tiers.<br data-start=\"4139\" data-end=\"4142\" \/>Nous ne sommes pas responsables des pratiques de confidentialit\u00e9 de ces sites externes.<\/p><hr data-start=\"4217\" data-end=\"4220\" \/><h2 data-section-id=\"14w2iud\" data-start=\"4222\" data-end=\"4258\">12. Modifications de la pr\u00e9sente politique de confidentialit\u00e9<\/h2><p data-start=\"4260\" data-end=\"4407\">Nous pouvons \u00eatre amen\u00e9s \u00e0 mettre \u00e0 jour la pr\u00e9sente politique de confidentialit\u00e9 de temps \u00e0 autre afin de refl\u00e9ter les changements juridiques, r\u00e9glementaires ou op\u00e9rationnels.<br data-start=\"4365\" data-end=\"4368\" \/>Les mises \u00e0 jour seront publi\u00e9es sur cette page.<\/p><hr data-start=\"4409\" data-end=\"4412\" \/><h2 data-section-id=\"1ai5jvw\" data-start=\"4414\" data-end=\"4430\">13. Contactez-nous<\/h2><p data-start=\"4432\" data-end=\"4527\">Si vous avez des questions concernant cette politique de confidentialit\u00e9 ou la mani\u00e8re dont nous traitons vos donn\u00e9es, veuillez nous contacter\u00a0:<\/p><p data-start=\"4529\" data-end=\"4610\"><strong data-start=\"166\" data-end=\"184\">SCUBA DIVE RED SEA<\/strong><br data-start=\"4547\" data-end=\"4550\" \/>Hurghada \u2013 Egypt<br data-start=\"4566\" data-end=\"4569\" \/>Email:\u00a0 info@scubadiveredsea.com<\/p><p data-start=\"4529\" data-end=\"4610\">T\u00e9l\u00e9phone: <span class=\"elementor-icon-list-text\">+20 1040200325<\/span><\/p>\t\t\t\t\t\t\t\t<\/div>\n\t\t\t\t<\/div>\n\t\t\t\t\t<\/div>\n\t\t\t\t<\/div>\n\t\t\t\t<\/div>","protected":false},"excerpt":{"rendered":"<p>Privacy Policy Welcome to the website of SCUBA DIVE RED SEA, a diving and marine activities provider based in Hurghada, Egypt.This Privacy Policy explains how we collect, use, store, and protect your personal data when you visit our website or book any of our services. We are committed to protecting your privacy and handling your [&hellip;]<\/p>\n","protected":false},"author":1,"featured_media":0,"parent":0,"menu_order":0,"comment_status":"closed","ping_status":"closed","template":"","meta":{"footnotes":""},"class_list":["post-498","page","type-page","status-publish","hentry"],"yoast_head":"<!-- This site is optimized with the Yoast SEO plugin v27.4 - https:\/\/yoast.com\/product\/yoast-seo-wordpress\/ -->\n<title>Privacy Policy | Hurghada Diving Data Protection<\/title>\n<meta name=\"description\" content=\"Learn how we collect, use, and protect your personal data when booking scuba diving in Hurghada. Your privacy and data security are our priority.\" \/>\n<meta name=\"robots\" content=\"index, follow, max-snippet:-1, max-image-preview:large, max-video-preview:-1\" \/>\n<link rel=\"canonical\" href=\"https:\/\/scubadiveredsea.com\/fr\/privacy-policy\/\" \/>\n<meta property=\"og:locale\" content=\"fr_FR\" \/>\n<meta property=\"og:type\" content=\"article\" \/>\n<meta property=\"og:title\" content=\"Privacy Policy | Hurghada Diving Data Protection\" \/>\n<meta property=\"og:description\" content=\"Learn how we collect, use, and protect your personal data when booking scuba diving in Hurghada. Your privacy and data security are our priority.\" \/>\n<meta property=\"og:url\" content=\"https:\/\/scubadiveredsea.com\/fr\/privacy-policy\/\" \/>\n<meta property=\"article:publisher\" content=\"https:\/\/www.facebook.com\/share\/16QfAbdyxd\/\" \/>\n<meta property=\"article:modified_time\" content=\"2026-04-11T13:38:46+00:00\" \/>\n<meta property=\"og:image\" content=\"https:\/\/scubadiveredsea.com\/wp-content\/uploads\/2026\/02\/ChatGPT-Image-Feb-8-2026-12_48_27-AM-1024x1024.png\" \/>\n\t<meta property=\"og:image:width\" content=\"1024\" \/>\n\t<meta property=\"og:image:height\" content=\"1024\" \/>\n\t<meta property=\"og:image:type\" content=\"image\/png\" \/>\n<meta name=\"twitter:card\" content=\"summary_large_image\" \/>\n<meta name=\"twitter:label1\" content=\"Dur\u00e9e de lecture estim\u00e9e\" \/>\n\t<meta name=\"twitter:data1\" content=\"3 minutes\" \/>\n<script type=\"application\/ld+json\" class=\"yoast-schema-graph\">{\"@context\":\"https:\\\/\\\/schema.org\",\"@graph\":[{\"@type\":\"WebPage\",\"@id\":\"https:\\\/\\\/scubadiveredsea.com\\\/privacy-policy\\\/\",\"url\":\"https:\\\/\\\/scubadiveredsea.com\\\/privacy-policy\\\/\",\"name\":\"Privacy Policy | Hurghada Diving Data Protection\",\"isPartOf\":{\"@id\":\"https:\\\/\\\/scubadiveredsea.com\\\/#website\"},\"datePublished\":\"2026-02-13T00:02:24+00:00\",\"dateModified\":\"2026-04-11T13:38:46+00:00\",\"description\":\"Learn how we collect, use, and protect your personal data when booking scuba diving in Hurghada. Your privacy and data security are our priority.\",\"breadcrumb\":{\"@id\":\"https:\\\/\\\/scubadiveredsea.com\\\/privacy-policy\\\/#breadcrumb\"},\"inLanguage\":\"fr-FR\",\"potentialAction\":[{\"@type\":\"ReadAction\",\"target\":[\"https:\\\/\\\/scubadiveredsea.com\\\/privacy-policy\\\/\"]}]},{\"@type\":\"BreadcrumbList\",\"@id\":\"https:\\\/\\\/scubadiveredsea.com\\\/privacy-policy\\\/#breadcrumb\",\"itemListElement\":[{\"@type\":\"ListItem\",\"position\":1,\"name\":\"Home\",\"item\":\"https:\\\/\\\/scubadiveredsea.com\\\/\"},{\"@type\":\"ListItem\",\"position\":2,\"name\":\"Privacy Policy\"}]},{\"@type\":\"WebSite\",\"@id\":\"https:\\\/\\\/scubadiveredsea.com\\\/#website\",\"url\":\"https:\\\/\\\/scubadiveredsea.com\\\/\",\"name\":\"scubadiveredsea\",\"description\":\"\",\"publisher\":{\"@id\":\"https:\\\/\\\/scubadiveredsea.com\\\/#organization\"},\"alternateName\":\"scuba dive red sea padi\",\"potentialAction\":[{\"@type\":\"SearchAction\",\"target\":{\"@type\":\"EntryPoint\",\"urlTemplate\":\"https:\\\/\\\/scubadiveredsea.com\\\/?s={search_term_string}\"},\"query-input\":{\"@type\":\"PropertyValueSpecification\",\"valueRequired\":true,\"valueName\":\"search_term_string\"}}],\"inLanguage\":\"fr-FR\"},{\"@type\":\"Organization\",\"@id\":\"https:\\\/\\\/scubadiveredsea.com\\\/#organization\",\"name\":\"scuba dive red sea\",\"url\":\"https:\\\/\\\/scubadiveredsea.com\\\/\",\"logo\":{\"@type\":\"ImageObject\",\"inLanguage\":\"fr-FR\",\"@id\":\"https:\\\/\\\/scubadiveredsea.com\\\/#\\\/schema\\\/logo\\\/image\\\/\",\"url\":\"https:\\\/\\\/scubadiveredsea.com\\\/wp-content\\\/uploads\\\/2026\\\/03\\\/cropped-Untitled-design.png\",\"contentUrl\":\"https:\\\/\\\/scubadiveredsea.com\\\/wp-content\\\/uploads\\\/2026\\\/03\\\/cropped-Untitled-design.png\",\"width\":1842,\"height\":1517,\"caption\":\"scuba dive red sea\"},\"image\":{\"@id\":\"https:\\\/\\\/scubadiveredsea.com\\\/#\\\/schema\\\/logo\\\/image\\\/\"},\"sameAs\":[\"https:\\\/\\\/www.facebook.com\\\/share\\\/16QfAbdyxd\\\/\",\"https:\\\/\\\/www.instagram.com\\\/scubadiveredsea\\\/\"]}]}<\/script>\n<!-- \/ Yoast SEO plugin. -->","yoast_head_json":{"title":"Privacy Policy | Hurghada Diving Data Protection","description":"Learn how we collect, use, and protect your personal data when booking scuba diving in Hurghada. Your privacy and data security are our priority.","robots":{"index":"index","follow":"follow","max-snippet":"max-snippet:-1","max-image-preview":"max-image-preview:large","max-video-preview":"max-video-preview:-1"},"canonical":"https:\/\/scubadiveredsea.com\/fr\/privacy-policy\/","og_locale":"fr_FR","og_type":"article","og_title":"Privacy Policy | Hurghada Diving Data Protection","og_description":"Learn how we collect, use, and protect your personal data when booking scuba diving in Hurghada. Your privacy and data security are our priority.","og_url":"https:\/\/scubadiveredsea.com\/fr\/privacy-policy\/","article_publisher":"https:\/\/www.facebook.com\/share\/16QfAbdyxd\/","article_modified_time":"2026-04-11T13:38:46+00:00","og_image":[{"width":1024,"height":1024,"url":"https:\/\/scubadiveredsea.com\/wp-content\/uploads\/2026\/02\/ChatGPT-Image-Feb-8-2026-12_48_27-AM-1024x1024.png","type":"image\/png"}],"twitter_card":"summary_large_image","twitter_misc":{"Dur\u00e9e de lecture estim\u00e9e":"3 minutes"},"schema":{"@context":"https:\/\/schema.org","@graph":[{"@type":"WebPage","@id":"https:\/\/scubadiveredsea.com\/privacy-policy\/","url":"https:\/\/scubadiveredsea.com\/privacy-policy\/","name":"Privacy Policy | Hurghada Diving Data Protection","isPartOf":{"@id":"https:\/\/scubadiveredsea.com\/#website"},"datePublished":"2026-02-13T00:02:24+00:00","dateModified":"2026-04-11T13:38:46+00:00","description":"Learn how we collect, use, and protect your personal data when booking scuba diving in Hurghada. Your privacy and data security are our priority.","breadcrumb":{"@id":"https:\/\/scubadiveredsea.com\/privacy-policy\/#breadcrumb"},"inLanguage":"fr-FR","potentialAction":[{"@type":"ReadAction","target":["https:\/\/scubadiveredsea.com\/privacy-policy\/"]}]},{"@type":"BreadcrumbList","@id":"https:\/\/scubadiveredsea.com\/privacy-policy\/#breadcrumb","itemListElement":[{"@type":"ListItem","position":1,"name":"Home","item":"https:\/\/scubadiveredsea.com\/"},{"@type":"ListItem","position":2,"name":"Privacy Policy"}]},{"@type":"WebSite","@id":"https:\/\/scubadiveredsea.com\/#website","url":"https:\/\/scubadiveredsea.com\/","name":"scubadiveredsea","description":"","publisher":{"@id":"https:\/\/scubadiveredsea.com\/#organization"},"alternateName":"scuba dive red sea padi","potentialAction":[{"@type":"SearchAction","target":{"@type":"EntryPoint","urlTemplate":"https:\/\/scubadiveredsea.com\/?s={search_term_string}"},"query-input":{"@type":"PropertyValueSpecification","valueRequired":true,"valueName":"search_term_string"}}],"inLanguage":"fr-FR"},{"@type":"Organization","@id":"https:\/\/scubadiveredsea.com\/#organization","name":"scuba dive red sea","url":"https:\/\/scubadiveredsea.com\/","logo":{"@type":"ImageObject","inLanguage":"fr-FR","@id":"https:\/\/scubadiveredsea.com\/#\/schema\/logo\/image\/","url":"https:\/\/scubadiveredsea.com\/wp-content\/uploads\/2026\/03\/cropped-Untitled-design.png","contentUrl":"https:\/\/scubadiveredsea.com\/wp-content\/uploads\/2026\/03\/cropped-Untitled-design.png","width":1842,"height":1517,"caption":"scuba dive red sea"},"image":{"@id":"https:\/\/scubadiveredsea.com\/#\/schema\/logo\/image\/"},"sameAs":["https:\/\/www.facebook.com\/share\/16QfAbdyxd\/","https:\/\/www.instagram.com\/scubadiveredsea\/"]}]}},"_hostinger_reach_plugin_has_subscription_block":false,"_hostinger_reach_plugin_is_elementor":false,"_links":{"self":[{"href":"https:\/\/scubadiveredsea.com\/fr\/wp-json\/wp\/v2\/pages\/498","targetHints":{"allow":["GET"]}}],"collection":[{"href":"https:\/\/scubadiveredsea.com\/fr\/wp-json\/wp\/v2\/pages"}],"about":[{"href":"https:\/\/scubadiveredsea.com\/fr\/wp-json\/wp\/v2\/types\/page"}],"author":[{"embeddable":true,"href":"https:\/\/scubadiveredsea.com\/fr\/wp-json\/wp\/v2\/users\/1"}],"replies":[{"embeddable":true,"href":"https:\/\/scubadiveredsea.com\/fr\/wp-json\/wp\/v2\/comments?post=498"}],"version-history":[{"count":19,"href":"https:\/\/scubadiveredsea.com\/fr\/wp-json\/wp\/v2\/pages\/498\/revisions"}],"predecessor-version":[{"id":1145,"href":"https:\/\/scubadiveredsea.com\/fr\/wp-json\/wp\/v2\/pages\/498\/revisions\/1145"}],"wp:attachment":[{"href":"https:\/\/scubadiveredsea.com\/fr\/wp-json\/wp\/v2\/media?parent=498"}],"curies":[{"name":"wp","href":"https:\/\/api.w.org\/{rel}","templated":true}]}}